{"id":5853,"date":"2020-12-01T00:58:36","date_gmt":"2020-12-01T00:58:36","guid":{"rendered":"https:\/\/actiontremblant.com\/cheques-cadeaux\/"},"modified":"2020-12-01T01:03:45","modified_gmt":"2020-12-01T01:03:45","slug":"cheques-cadeaux","status":"publish","type":"page","link":"https:\/\/actiontremblant.com\/fr\/cheques-cadeaux\/","title":{"rendered":"Ch\u00e8ques-cadeaux"},"content":{"rendered":"[vc_row content_placement=\u00a0\u00bbmiddle\u00a0\u00bb bg_type=\u00a0\u00bbimage\u00a0\u00bb parallax_style=\u00a0\u00bbvcpb-default\u00a0\u00bb bg_image_new=\u00a0\u00bbid^5811|url^https:\/\/actiontremblant.com\/wp-content\/uploads\/2020\/11\/IMG-5887-1.jpg|caption^null|alt^activities Tremblant|title^IMG-5887 (1)|description^null\u00a0\u00bb bg_image_repeat=\u00a0\u00bbno-repeat\u00a0\u00bb bg_image_size=\u00a0\u00bbcontain\u00a0\u00bb bg_img_attach=\u00a0\u00bbfixed\u00a0\u00bb css=\u00a0\u00bb.vc_custom_1606181038041{padding-top: 75px !important;padding-bottom: 200px !important;padding-left: 60px !important;}\u00a0\u00bb][vc_column width=\u00a0\u00bb1\/3&Prime; css=\u00a0\u00bb.vc_custom_1606180341955{padding-top: 75px !important;padding-left: 100px !important;}\u00a0\u00bb][vc_custom_heading text=\u00a0\u00bbCh\u00e8ques-cadeaux\u00a0\u00bb font_container=\u00a0\u00bbtag:h2|font_size:50|text_align:left|color:%23ffffff\u00a0\u00bb google_fonts=\u00a0\u00bbfont_family:Oswald%3A300%2Cregular%2C700|font_style:400%20regular%3A400%3Anormal\u00a0\u00bb][\/vc_column][vc_column width=\u00a0\u00bb2\/3&Prime;][\/vc_column][\/vc_row][vc_row][vc_column][vc_custom_heading text=\u00a0\u00bbOffre une aventure \u00e0 tes proches ou tes amis gr\u00e2ce aux activit\u00e9s d&rsquo;Action Tremblant\u00a0\u00bb font_container=\u00a0\u00bbtag:h2|font_size:24|text_align:center|color:%23dd0000&Prime; google_fonts=\u00a0\u00bbfont_family:Open%20Sans%3A300%2C300italic%2Cregular%2Citalic%2C600%2C600italic%2C700%2C700italic%2C800%2C800italic|font_style:600%20bold%20regular%3A600%3Anormal\u00a0\u00bb css=\u00a0\u00bb.vc_custom_1606181742369{padding-top: 20px !important;}\u00a0\u00bb][\/vc_column][\/vc_row][vc_row css=\u00a0\u00bb.vc_custom_1606182162615{padding-top: 5px !important;}\u00a0\u00bb][vc_column width=\u00a0\u00bb1\/6&Prime;][\/vc_column][vc_column width=\u00a0\u00bb2\/3&Prime;][vc_custom_heading text=\u00a0\u00bbCes bons constituent un excellent cadeau et peuvent \u00eatre utilis\u00e9s par le b\u00e9n\u00e9ficiaire pour n&rsquo;importe quelle activit\u00e9 aux dates et heures de son choix.\u00a0\u00bb font_container=\u00a0\u00bbtag:p|font_size:20|text_align:center|color:%233d3d3d\u00a0\u00bb google_fonts=\u00a0\u00bbfont_family:Open%20Sans%3A300%2C300italic%2Cregular%2Citalic%2C600%2C600italic%2C700%2C700italic%2C800%2C800italic|font_style:400%20regular%3A400%3Anormal\u00a0\u00bb css=\u00a0\u00bb.vc_custom_1606181650541{padding-top: 20px !important;}\u00a0\u00bb][\/vc_column][vc_column width=\u00a0\u00bb1\/6&Prime;][\/vc_column][\/vc_row][vc_row content_placement=\u00a0\u00bbmiddle\u00a0\u00bb css=\u00a0\u00bb.vc_custom_1606182633201{padding-top: 25px !important;padding-bottom: 50px !important;}\u00a0\u00bb][vc_column width=\u00a0\u00bb1\/6&Prime;][\/vc_column][vc_column width=\u00a0\u00bb2\/3&Prime;][vc_row_inner][vc_column_inner width=\u00a0\u00bb1\/2&Prime;][vc_button title=\u00a0\u00bbACHETER UN CERTIFICAT\u00a0\u00bb target=\u00a0\u00bb_blank\u00a0\u00bb shape=\u00a0\u00bbrounded\u00a0\u00bb size=\u00a0\u00bblarge\u00a0\u00bb color=\u00a0\u00bbcustom\u00a0\u00bb custom_font_size=\u00a0\u00bb18&Prime; custom_line_height=\u00a0\u00bb2&Prime; custom_font_weight=\u00a0\u00bb700&Prime; custom_color=\u00a0\u00bb#dd0000&Prime; custom_border_color=\u00a0\u00bb#dd0000&Prime; button_border_width=\u00a0\u00bb2px\u00a0\u00bb custom_text_color_hover=\u00a0\u00bb#dd0000&Prime; custom_color_hover=\u00a0\u00bb#ffffff\u00a0\u00bb custom_border_color_hover=\u00a0\u00bb#dd0000&Prime; padding_lr=\u00a0\u00bb40px\u00a0\u00bb href=\u00a0\u00bbhttps:\/\/bookeo.com\/actiontremblant\/buyvoucher\u00a0\u00bb][\/vc_column_inner][vc_column_inner width=\u00a0\u00bb1\/2&Prime;][vc_button title=\u00a0\u00bb\u00c9CHANGEZ UN CERTIFICAT\u00a0\u00bb target=\u00a0\u00bb_blank\u00a0\u00bb shape=\u00a0\u00bbrounded\u00a0\u00bb size=\u00a0\u00bblarge\u00a0\u00bb color=\u00a0\u00bbcustom\u00a0\u00bb custom_font_size=\u00a0\u00bb18&Prime; custom_line_height=\u00a0\u00bb2&Prime; custom_font_weight=\u00a0\u00bb700&Prime; custom_letter_spacing=\u00a0\u00bb2px\u00a0\u00bb custom_color=\u00a0\u00bb#dd0000&Prime; custom_border_color=\u00a0\u00bb#dd0000&Prime; custom_text_color_hover=\u00a0\u00bb#dd0000&Prime; custom_color_hover=\u00a0\u00bb#ffffff\u00a0\u00bb custom_border_color_hover=\u00a0\u00bb#dd0000&Prime; href=\u00a0\u00bbhttps:\/\/bookeo.com\/actiontremblant\/voucher\u00a0\u00bb][\/vc_column_inner][\/vc_row_inner][\/vc_column][vc_column width=\u00a0\u00bb1\/6&Prime;][\/vc_column][\/vc_row][vc_row css=\u00a0\u00bb.vc_custom_1606182641880{padding-bottom: 200px !important;}\u00a0\u00bb][vc_column width=\u00a0\u00bb1\/6&Prime;][\/vc_column][vc_column width=\u00a0\u00bb2\/3&Prime;][vc_custom_heading text=\u00a0\u00bbCOMMENT CELA FONCTIONNE-T-IL ?\u00a0\u00bb font_container=\u00a0\u00bbtag:p|font_size:18|text_align:left|color:%23212121&Prime; google_fonts=\u00a0\u00bbfont_family:Open%20Sans%3A300%2C300italic%2Cregular%2Citalic%2C600%2C600italic%2C700%2C700italic%2C800%2C800italic|font_style:600%20bold%20regular%3A600%3Anormal\u00a0\u00bb css=\u00a0\u00bb.vc_custom_1606182702704{padding-bottom: 15px !important;}\u00a0\u00bb][vc_column_text]\n<ul>\n<li>Clique sur le bouton \u00ab\u00a0ACHETER UN CERTIFICAT \u00a0\u00bb ci-dessus pour acc\u00e9der \u00e0 notre syst\u00e8me de paiement en ligne, mis en service par Bookeo\u2122<\/li>\n<li>Choisis d&rsquo;acheter un bon cadeau d&rsquo;un montant donn\u00e9 ou un bon cadeau pour une activit\u00e9 sp\u00e9cifique.<\/li>\n<li>Apr\u00e8s paiement, tu recevras un bon cadeau par courriel que tu pourras imprimer ou faire suivre au(x) destinataire(s).<\/li>\n<li>Ensuite, ils peuvent entrer dans notre syst\u00e8me de r\u00e9servation en ligne pour \u00e9changer le bon contre une activit\u00e9 \u00e0 la date et \u00e0 l&rsquo;heure de leur choix.<\/li>\n<li>Si le prix du jeu est inf\u00e9rieur \u00e0 la valeur du bon cadeau, le b\u00e9n\u00e9ficiaire peut utiliser le cr\u00e9dit restant pour d&rsquo;autres r\u00e9servations \u00e0 l&rsquo;avenir. Dans ce cas, il n&rsquo;aura plus besoin de convertir le bon. Il lui suffit de se connecter et le syst\u00e8me de r\u00e9servation (Bookeo) emploiera automatiquement le cr\u00e9dit restant du ch\u00e8que-cadeau.<\/li>\n<\/ul>\n[\/vc_column_text][\/vc_column][vc_column width=\u00a0\u00bb1\/6&Prime;][\/vc_column][\/vc_row]\n","protected":false},"excerpt":{"rendered":"<p>[vc_row content_placement=\u00a0\u00bbmiddle\u00a0\u00bb bg_type=\u00a0\u00bbimage\u00a0\u00bb parallax_style=\u00a0\u00bbvcpb-default\u00a0\u00bb bg_image_new=\u00a0\u00bbid^5811|url^https:\/\/actiontremblant.com\/wp-content\/uploads\/2020\/11\/IMG-5887-1.jpg|caption^null|alt^activities Tremblant|title^IMG-5887 (1)|description^null\u00a0\u00bb bg_image_repeat=\u00a0\u00bbno-repeat\u00a0\u00bb bg_image_size=\u00a0\u00bbcontain\u00a0\u00bb bg_img_attach=\u00a0\u00bbfixed\u00a0\u00bb css=\u00a0\u00bb.vc_custom_1606181038041{padding-top: 75px !important;padding-bottom: 200px !important;padding-left: 60px !important;}\u00a0\u00bb][vc_column width=\u00a0\u00bb1\/3&Prime; css=\u00a0\u00bb.vc_custom_1606180341955{padding-top: 75px !important;padding-left: 100px !important;}\u00a0\u00bb][vc_custom_heading text=\u00a0\u00bbCh\u00e8ques-cadeaux\u00a0\u00bb font_container=\u00a0\u00bbtag:h2|font_size:50|text_align:left|color:%23ffffff\u00a0\u00bb google_fonts=\u00a0\u00bbfont_family:Oswald%3A300%2Cregular%2C700|font_style:400%20regular%3A400%3Anormal\u00a0\u00bb][\/vc_column][vc_column width=\u00a0\u00bb2\/3&Prime;][\/vc_column][\/vc_row][vc_row][vc_column][vc_custom_heading text=\u00a0\u00bbOffre une aventure \u00e0 tes proches ou tes amis gr\u00e2ce aux activit\u00e9s d&rsquo;Action Tremblant\u00a0\u00bb font_container=\u00a0\u00bbtag:h2|font_size:24|text_align:center|color:%23dd0000&Prime; google_fonts=\u00a0\u00bbfont_family:Open%20Sans%3A300%2C300italic%2Cregular%2Citalic%2C600%2C600italic%2C700%2C700italic%2C800%2C800italic|font_style:600%20bold%20regular%3A600%3Anormal\u00a0\u00bb css=\u00a0\u00bb.vc_custom_1606181742369{padding-top: 20px !important;}\u00a0\u00bb][\/vc_column][\/vc_row][vc_row css=\u00a0\u00bb.vc_custom_1606182162615{padding-top: 5px !important;}\u00a0\u00bb][vc_column width=\u00a0\u00bb1\/6&Prime;][\/vc_column][vc_column width=\u00a0\u00bb2\/3&Prime;][vc_custom_heading text=\u00a0\u00bbCes bons constituent un&#8230;<\/p>\n","protected":false},"author":1,"featured_media":0,"parent":0,"menu_order":0,"comment_status":"closed","ping_status":"closed","template":"page-full.php","meta":{"footnotes":""},"class_list":["post-5853","page","type-page","status-publish","hentry"],"yoast_head":"<!-- This site is optimized with the Yoast SEO Premium plugin v20.9 (Yoast SEO v27.4) - https:\/\/yoast.com\/product\/yoast-seo-premium-wordpress\/ -->\n<title>Activit\u00e9s Tremblant \u00e0 Bel Air Resort - Ch\u00e8ques-cadeaux<\/title>\n<meta name=\"description\" content=\"Offre une aventure \u00e0 tes proches ou tes amis gr\u00e2ce aux activit\u00e9s d&#039;Action Tremblant situ\u00e9 \u00e0 Bel Air Resort \u00e0 Mont-Tremblant.\" \/>\n<meta name=\"robots\" content=\"index, follow, max-snippet:-1, max-image-preview:large, max-video-preview:-1\" \/>\n<link rel=\"canonical\" href=\"https:\/\/actiontremblant.com\/fr\/cheques-cadeaux\/\" \/>\n<meta property=\"og:locale\" content=\"fr_FR\" \/>\n<meta property=\"og:type\" content=\"article\" \/>\n<meta property=\"og:title\" content=\"Ch\u00e8ques-cadeaux\" \/>\n<meta property=\"og:description\" content=\"Offre une aventure \u00e0 tes proches ou tes amis gr\u00e2ce aux activit\u00e9s d&#039;Action Tremblant situ\u00e9 \u00e0 Bel Air Resort \u00e0 Mont-Tremblant.\" \/>\n<meta property=\"og:url\" content=\"https:\/\/actiontremblant.com\/fr\/cheques-cadeaux\/\" \/>\n<meta property=\"og:site_name\" content=\"Action Tremblant Activities\" \/>\n<meta property=\"article:publisher\" content=\"https:\/\/www.facebook.com\/Action-Tremblant-2398094523806257\/\" \/>\n<meta property=\"article:modified_time\" content=\"2020-12-01T01:03:45+00:00\" \/>\n<meta name=\"twitter:card\" content=\"summary_large_image\" \/>\n<meta name=\"twitter:label1\" content=\"Dur\u00e9e de lecture estim\u00e9e\" \/>\n\t<meta name=\"twitter:data1\" content=\"3 minutes\" \/>\n<script type=\"application\/ld+json\" class=\"yoast-schema-graph\">{\"@context\":\"https:\\\/\\\/schema.org\",\"@graph\":[{\"@type\":\"WebPage\",\"@id\":\"https:\\\/\\\/actiontremblant.com\\\/fr\\\/cheques-cadeaux\\\/\",\"url\":\"https:\\\/\\\/actiontremblant.com\\\/fr\\\/cheques-cadeaux\\\/\",\"name\":\"Activit\u00e9s Tremblant \u00e0 Bel Air Resort - Ch\u00e8ques-cadeaux\",\"isPartOf\":{\"@id\":\"https:\\\/\\\/actiontremblant.com\\\/fr\\\/#website\"},\"datePublished\":\"2020-12-01T00:58:36+00:00\",\"dateModified\":\"2020-12-01T01:03:45+00:00\",\"description\":\"Offre une aventure \u00e0 tes proches ou tes amis gr\u00e2ce aux activit\u00e9s d'Action Tremblant situ\u00e9 \u00e0 Bel Air Resort \u00e0 Mont-Tremblant.\",\"breadcrumb\":{\"@id\":\"https:\\\/\\\/actiontremblant.com\\\/fr\\\/cheques-cadeaux\\\/#breadcrumb\"},\"inLanguage\":\"fr-FR\",\"potentialAction\":[{\"@type\":\"ReadAction\",\"target\":[\"https:\\\/\\\/actiontremblant.com\\\/fr\\\/cheques-cadeaux\\\/\"]}]},{\"@type\":\"BreadcrumbList\",\"@id\":\"https:\\\/\\\/actiontremblant.com\\\/fr\\\/cheques-cadeaux\\\/#breadcrumb\",\"itemListElement\":[{\"@type\":\"ListItem\",\"position\":1,\"name\":\"Home\",\"item\":\"https:\\\/\\\/actiontremblant.com\\\/fr\\\/\"},{\"@type\":\"ListItem\",\"position\":2,\"name\":\"Ch\u00e8ques-cadeaux\"}]},{\"@type\":\"WebSite\",\"@id\":\"https:\\\/\\\/actiontremblant.com\\\/fr\\\/#website\",\"url\":\"https:\\\/\\\/actiontremblant.com\\\/fr\\\/\",\"name\":\"Action Tremblant activities\",\"description\":\"Offering 365 days of outdoor activities.\",\"publisher\":{\"@id\":\"https:\\\/\\\/actiontremblant.com\\\/fr\\\/#organization\"},\"potentialAction\":[{\"@type\":\"SearchAction\",\"target\":{\"@type\":\"EntryPoint\",\"urlTemplate\":\"https:\\\/\\\/actiontremblant.com\\\/fr\\\/?s={search_term_string}\"},\"query-input\":{\"@type\":\"PropertyValueSpecification\",\"valueRequired\":true,\"valueName\":\"search_term_string\"}}],\"inLanguage\":\"fr-FR\"},{\"@type\":\"Organization\",\"@id\":\"https:\\\/\\\/actiontremblant.com\\\/fr\\\/#organization\",\"name\":\"Action Tremblant activities\",\"url\":\"https:\\\/\\\/actiontremblant.com\\\/fr\\\/\",\"logo\":{\"@type\":\"ImageObject\",\"inLanguage\":\"fr-FR\",\"@id\":\"https:\\\/\\\/actiontremblant.com\\\/fr\\\/#\\\/schema\\\/logo\\\/image\\\/\",\"url\":\"https:\\\/\\\/actiontremblant.com\\\/wp-content\\\/uploads\\\/2019\\\/11\\\/NEW-ACTION-LOGO400-2.png\",\"contentUrl\":\"https:\\\/\\\/actiontremblant.com\\\/wp-content\\\/uploads\\\/2019\\\/11\\\/NEW-ACTION-LOGO400-2.png\",\"width\":260,\"height\":151,\"caption\":\"Action Tremblant activities\"},\"image\":{\"@id\":\"https:\\\/\\\/actiontremblant.com\\\/fr\\\/#\\\/schema\\\/logo\\\/image\\\/\"},\"sameAs\":[\"https:\\\/\\\/www.facebook.com\\\/Action-Tremblant-2398094523806257\\\/\",\"https:\\\/\\\/www.instagram.com\\\/action_tremblant\\\/\"]}]}<\/script>\n<!-- \/ Yoast SEO Premium plugin. -->","yoast_head_json":{"title":"Activit\u00e9s Tremblant \u00e0 Bel Air Resort - Ch\u00e8ques-cadeaux","description":"Offre une aventure \u00e0 tes proches ou tes amis gr\u00e2ce aux activit\u00e9s d'Action Tremblant situ\u00e9 \u00e0 Bel Air Resort \u00e0 Mont-Tremblant.","robots":{"index":"index","follow":"follow","max-snippet":"max-snippet:-1","max-image-preview":"max-image-preview:large","max-video-preview":"max-video-preview:-1"},"canonical":"https:\/\/actiontremblant.com\/fr\/cheques-cadeaux\/","og_locale":"fr_FR","og_type":"article","og_title":"Ch\u00e8ques-cadeaux","og_description":"Offre une aventure \u00e0 tes proches ou tes amis gr\u00e2ce aux activit\u00e9s d'Action Tremblant situ\u00e9 \u00e0 Bel Air Resort \u00e0 Mont-Tremblant.","og_url":"https:\/\/actiontremblant.com\/fr\/cheques-cadeaux\/","og_site_name":"Action Tremblant Activities","article_publisher":"https:\/\/www.facebook.com\/Action-Tremblant-2398094523806257\/","article_modified_time":"2020-12-01T01:03:45+00:00","twitter_card":"summary_large_image","twitter_misc":{"Dur\u00e9e de lecture estim\u00e9e":"3 minutes"},"schema":{"@context":"https:\/\/schema.org","@graph":[{"@type":"WebPage","@id":"https:\/\/actiontremblant.com\/fr\/cheques-cadeaux\/","url":"https:\/\/actiontremblant.com\/fr\/cheques-cadeaux\/","name":"Activit\u00e9s Tremblant \u00e0 Bel Air Resort - Ch\u00e8ques-cadeaux","isPartOf":{"@id":"https:\/\/actiontremblant.com\/fr\/#website"},"datePublished":"2020-12-01T00:58:36+00:00","dateModified":"2020-12-01T01:03:45+00:00","description":"Offre une aventure \u00e0 tes proches ou tes amis gr\u00e2ce aux activit\u00e9s d'Action Tremblant situ\u00e9 \u00e0 Bel Air Resort \u00e0 Mont-Tremblant.","breadcrumb":{"@id":"https:\/\/actiontremblant.com\/fr\/cheques-cadeaux\/#breadcrumb"},"inLanguage":"fr-FR","potentialAction":[{"@type":"ReadAction","target":["https:\/\/actiontremblant.com\/fr\/cheques-cadeaux\/"]}]},{"@type":"BreadcrumbList","@id":"https:\/\/actiontremblant.com\/fr\/cheques-cadeaux\/#breadcrumb","itemListElement":[{"@type":"ListItem","position":1,"name":"Home","item":"https:\/\/actiontremblant.com\/fr\/"},{"@type":"ListItem","position":2,"name":"Ch\u00e8ques-cadeaux"}]},{"@type":"WebSite","@id":"https:\/\/actiontremblant.com\/fr\/#website","url":"https:\/\/actiontremblant.com\/fr\/","name":"Action Tremblant activities","description":"Offering 365 days of outdoor activities.","publisher":{"@id":"https:\/\/actiontremblant.com\/fr\/#organization"},"potentialAction":[{"@type":"SearchAction","target":{"@type":"EntryPoint","urlTemplate":"https:\/\/actiontremblant.com\/fr\/?s={search_term_string}"},"query-input":{"@type":"PropertyValueSpecification","valueRequired":true,"valueName":"search_term_string"}}],"inLanguage":"fr-FR"},{"@type":"Organization","@id":"https:\/\/actiontremblant.com\/fr\/#organization","name":"Action Tremblant activities","url":"https:\/\/actiontremblant.com\/fr\/","logo":{"@type":"ImageObject","inLanguage":"fr-FR","@id":"https:\/\/actiontremblant.com\/fr\/#\/schema\/logo\/image\/","url":"https:\/\/actiontremblant.com\/wp-content\/uploads\/2019\/11\/NEW-ACTION-LOGO400-2.png","contentUrl":"https:\/\/actiontremblant.com\/wp-content\/uploads\/2019\/11\/NEW-ACTION-LOGO400-2.png","width":260,"height":151,"caption":"Action Tremblant activities"},"image":{"@id":"https:\/\/actiontremblant.com\/fr\/#\/schema\/logo\/image\/"},"sameAs":["https:\/\/www.facebook.com\/Action-Tremblant-2398094523806257\/","https:\/\/www.instagram.com\/action_tremblant\/"]}]}},"jetpack_sharing_enabled":true,"_links":{"self":[{"href":"https:\/\/actiontremblant.com\/fr\/wp-json\/wp\/v2\/pages\/5853","targetHints":{"allow":["GET"]}}],"collection":[{"href":"https:\/\/actiontremblant.com\/fr\/wp-json\/wp\/v2\/pages"}],"about":[{"href":"https:\/\/actiontremblant.com\/fr\/wp-json\/wp\/v2\/types\/page"}],"author":[{"embeddable":true,"href":"https:\/\/actiontremblant.com\/fr\/wp-json\/wp\/v2\/users\/1"}],"replies":[{"embeddable":true,"href":"https:\/\/actiontremblant.com\/fr\/wp-json\/wp\/v2\/comments?post=5853"}],"version-history":[{"count":4,"href":"https:\/\/actiontremblant.com\/fr\/wp-json\/wp\/v2\/pages\/5853\/revisions"}],"predecessor-version":[{"id":5858,"href":"https:\/\/actiontremblant.com\/fr\/wp-json\/wp\/v2\/pages\/5853\/revisions\/5858"}],"wp:attachment":[{"href":"https:\/\/actiontremblant.com\/fr\/wp-json\/wp\/v2\/media?parent=5853"}],"curies":[{"name":"wp","href":"https:\/\/api.w.org\/{rel}","templated":true}]}}