{"id":5428,"date":"2020-05-11T20:43:31","date_gmt":"2020-05-11T20:43:31","guid":{"rendered":"https:\/\/actiontremblant.com\/activites-dete\/"},"modified":"2023-07-05T14:16:06","modified_gmt":"2023-07-05T14:16:06","slug":"activites-dete","status":"publish","type":"page","link":"https:\/\/actiontremblant.com\/fr\/activites-dete\/","title":{"rendered":"ACTIVIT\u00c9S D&rsquo;\u00c9T\u00c9"},"content":{"rendered":"[vc_row eq_height=\u00a0\u00bbyes\u00a0\u00bb content_placement=\u00a0\u00bbmiddle\u00a0\u00bb css=\u00a0\u00bb.vc_custom_1688565989354{padding-top: 130px !important;padding-bottom: 250px !important;padding-left: 45px !important;background: #fafafa url(https:\/\/actiontremblant.com\/wp-content\/uploads\/2022\/07\/mont-tremblant-activities.jpg?id=10585) !important;background-position: center !important;background-repeat: no-repeat !important;background-size: cover !important;}\u00a0\u00bb][vc_column width=\u00a0\u00bb2\/3&Prime; css=\u00a0\u00bb.vc_custom_1574619784893{padding-left: 90px !important;}\u00a0\u00bb][vc_custom_heading text=\u00a0\u00bbD\u00e9couvrez nos nombreux Activit\u00e9s d&rsquo;\u00e9t\u00e9\u00a0\u00bb font_container=\u00a0\u00bbtag:h2|font_size:45|text_align:left|color:%23ffffff|line_height:1.3&Prime; google_fonts=\u00a0\u00bbfont_family:Oswald%3A300%2Cregular%2C700|font_style:400%20regular%3A400%3Anormal\u00a0\u00bb el_class=\u00a0\u00bbtext-shadow\u00a0\u00bb css=\u00a0\u00bb.vc_custom_1589230216986{padding-bottom: 20px !important;}\u00a0\u00bb][\/vc_column][vc_column width=\u00a0\u00bb1\/3&Prime;][\/vc_column][\/vc_row][vc_row layout=\u00a0\u00bbnormal_no_spaces\u00a0\u00bb gap=\u00a0\u00bb10&Prime;][vc_column css=\u00a0\u00bb.vc_custom_1588266429843{padding-top: 20px !important;padding-bottom: 20px !important;}\u00a0\u00bb][vc_custom_heading text=\u00a0\u00bbActivit\u00e9s d&rsquo;\u00e9t\u00e9 \u00e0 Tremblant\u00a0\u00bb font_container=\u00a0\u00bbtag:h2|font_size:25|text_align:center|color:%23dd0000&Prime; google_fonts=\u00a0\u00bbfont_family:Open%20Sans%3A300%2C300italic%2Cregular%2Citalic%2C600%2C600italic%2C700%2C700italic%2C800%2C800italic|font_style:700%20bold%20regular%3A700%3Anormal\u00a0\u00bb][vc_row_inner][vc_column_inner width=\u00a0\u00bb1\/6&Prime;][\/vc_column_inner][vc_column_inner width=\u00a0\u00bb2\/3&Prime;][vc_column_text]\n<p style=\"text-align: center;\"><span style=\"font-size: 18px;\">Les activit\u00e9s d&rsquo;\u00e9t\u00e9 \u00e0 Tremblant par Action Tremblant. Les activit\u00e9s propos\u00e9es : Buggy, v\u00e9los \u00e9lectriques, paddle board, kayak, tyrolienne et il y a m\u00eame une mini ferme avec beaucoup d&rsquo;animaux!<\/span><\/p>\n[\/vc_column_text][\/vc_column_inner][vc_column_inner width=\u00a0\u00bb1\/6&Prime;][\/vc_column_inner][\/vc_row_inner][\/vc_column][\/vc_row][vc_row css=\u00a0\u00bb.vc_custom_1588269084410{padding-top: 85px !important;padding-bottom: 85px !important;background-image: url(https:\/\/actiontremblant.com\/wp-content\/uploads\/2020\/04\/paddleboard-1.jpg?id=5106) !important;background-position: center !important;background-repeat: no-repeat !important;background-size: cover !important;}\u00a0\u00bb][vc_column][vc_row_inner gap=\u00a0\u00bb35&Prime; css=\u00a0\u00bb.vc_custom_1588266698687{padding-top: 20px !important;padding-right: 20px !important;padding-left: 20px !important;}\u00a0\u00bb][vc_column_inner width=\u00a0\u00bb1\/4&Prime; css=\u00a0\u00bb.vc_custom_1688566025027{padding-right: 5px !important;}\u00a0\u00bb]<div class=\"aio-icon-component    style_2\"><a class=\"aio-icon-box-link\" href=\"https:\/\/actiontremblant.com\/summer-activities\/buggy-tours\/\" title=\"Buggy Tours\" target=\"_blank\" rel=\"noopener\" ><div id=\"Info-box-wrap-8901\" class=\"aio-icon-box top-icon\" style=\"\"  ><div class=\"aio-icon-top\"><div class=\"ult-just-icon-wrapper  \"><div class=\"align-icon\" style=\"text-align:center;\">\n<div class=\"aio-icon-img  uavc-circle \" style=\"font-size:40px;background:#ffcc00;display:inline-block;\" data-animation=\"bounceIn\" data-animation-delay=\"03\">\n\t<img decoding=\"async\" class=\"img-icon\" alt=\"null\" src=\"https:\/\/i0.wp.com\/actiontremblant.com\/wp-content\/uploads\/2020\/04\/buggy.png?fit=256%2C256&#038;ssl=1\"\/>\n<\/div><\/div><\/div><\/div><div class=\"aio-icon-header\" ><h3 class=\"aio-icon-title ult-responsive\"  data-ultimate-target='#Info-box-wrap-8901 .aio-icon-title'  data-responsive-json-new='{\"font-size\":\"desktop:20px;\",\"line-height\":\"desktop:28px;\"}'  style=\"font-weight:bold;color:#ffffff;\">BUGGY 4X4<\/h3><\/div> <!-- header --><\/div> <!-- aio-icon-box --><\/a><\/div> <!-- aio-icon-component -->[\/vc_column_inner][vc_column_inner width=\u00a0\u00bb1\/4&Prime; css=\u00a0\u00bb.vc_custom_1688566032771{padding-right: 5px !important;}\u00a0\u00bb]<div class=\"aio-icon-component    style_2\"><a class=\"aio-icon-box-link\" href=\"https:\/\/actiontremblant.com\/summer-activities\/fat-bike-mont-tremblant\/\" target=\"_blank\" rel=\"noopener\" ><div id=\"Info-box-wrap-8007\" class=\"aio-icon-box top-icon\" style=\"\"  ><div class=\"aio-icon-top\"><div class=\"ult-just-icon-wrapper  \"><div class=\"align-icon\" style=\"text-align:center;\">\n<div class=\"aio-icon-img  uavc-circle \" style=\"font-size:40px;background:#ffcc00;display:inline-block;\" data-animation=\"bounceIn\" data-animation-delay=\"03\">\n\t<img decoding=\"async\" class=\"img-icon\" alt=\"null\" src=\"https:\/\/i0.wp.com\/actiontremblant.com\/wp-content\/uploads\/2020\/04\/fat-bike.png?fit=512%2C512&#038;ssl=1\"\/>\n<\/div><\/div><\/div><\/div><div class=\"aio-icon-header\" ><h3 class=\"aio-icon-title ult-responsive\"  data-ultimate-target='#Info-box-wrap-8007 .aio-icon-title'  data-responsive-json-new='{\"font-size\":\"desktop:20px;\",\"line-height\":\"desktop:28px;\"}'  style=\"font-weight:bold;color:#ffffff;\">FATBIKE \u00c9LECTRIQUE<\/h3><\/div> <!-- header --><\/div> <!-- aio-icon-box --><\/a><\/div> <!-- aio-icon-component -->[\/vc_column_inner][vc_column_inner width=\u00a0\u00bb1\/4&Prime; css=\u00a0\u00bb.vc_custom_1688566038645{padding-right: 5px !important;}\u00a0\u00bb]<div class=\"aio-icon-component    style_2\"><a class=\"aio-icon-box-link\" href=\"https:\/\/actiontremblant.com\/winter-activities\/zip-line-in-mont-tremblant\/\" target=\"_blank\" rel=\"noopener\" ><div id=\"Info-box-wrap-9999\" class=\"aio-icon-box top-icon\" style=\"\"  ><div class=\"aio-icon-top\"><div class=\"ult-just-icon-wrapper  \"><div class=\"align-icon\" style=\"text-align:center;\">\n<div class=\"aio-icon-img  uavc-circle \" style=\"font-size:40px;background:#ffcc00;display:inline-block;\" data-animation=\"bounceIn\" data-animation-delay=\"03\">\n\t<img decoding=\"async\" class=\"img-icon\" alt=\"null\" src=\"https:\/\/i0.wp.com\/actiontremblant.com\/wp-content\/uploads\/2020\/04\/ZIPLINE.png?fit=2051%2C1996&#038;ssl=1\"\/>\n<\/div><\/div><\/div><\/div><div class=\"aio-icon-header\" ><h3 class=\"aio-icon-title ult-responsive\"  data-ultimate-target='#Info-box-wrap-9999 .aio-icon-title'  data-responsive-json-new='{\"font-size\":\"desktop:20px;\",\"line-height\":\"desktop:28px;\"}'  style=\"font-weight:bold;color:#ffffff;\">TYROLIENNE<\/h3><\/div> <!-- header --><\/div> <!-- aio-icon-box --><\/a><\/div> <!-- aio-icon-component -->[\/vc_column_inner][vc_column_inner width=\u00a0\u00bb1\/4&Prime; css=\u00a0\u00bb.vc_custom_1688566045080{padding-right: 5px !important;}\u00a0\u00bb]<div class=\"aio-icon-component    style_2\"><a class=\"aio-icon-box-link\" href=\"https:\/\/actiontremblant.com\/summer-activities\/kayak-tours\/\" title=\"Kayak Tours\" target=\"_blank\" rel=\"noopener\" ><div id=\"Info-box-wrap-9019\" class=\"aio-icon-box top-icon\" style=\"\"  ><div class=\"aio-icon-top\"><div class=\"ult-just-icon-wrapper  \"><div class=\"align-icon\" style=\"text-align:center;\">\n<div class=\"aio-icon-img  uavc-circle \" style=\"font-size:40px;background:#ffcc00;display:inline-block;\" data-animation=\"bounceIn\" data-animation-delay=\"03\">\n\t<img decoding=\"async\" class=\"img-icon\" alt=\"null\" src=\"https:\/\/i0.wp.com\/actiontremblant.com\/wp-content\/uploads\/2020\/04\/kayak-01.png?fit=2133%2C2133&#038;ssl=1\"\/>\n<\/div><\/div><\/div><\/div><div class=\"aio-icon-header\" ><h3 class=\"aio-icon-title ult-responsive\"  data-ultimate-target='#Info-box-wrap-9019 .aio-icon-title'  data-responsive-json-new='{\"font-size\":\"desktop:20px;\",\"line-height\":\"desktop:28px;\"}'  style=\"font-weight:bold;color:#ffffff;\">KAYAK<\/h3><\/div> <!-- header --><\/div> <!-- aio-icon-box --><\/a><\/div> <!-- aio-icon-component -->[\/vc_column_inner][\/vc_row_inner][vc_empty_space height=\u00a0\u00bb15px\u00a0\u00bb][vc_row_inner][vc_column_inner width=\u00a0\u00bb1\/4&Prime; css=\u00a0\u00bb.vc_custom_1688566051908{padding-right: 5px !important;}\u00a0\u00bb]<div class=\"aio-icon-component    style_2\"><a class=\"aio-icon-box-link\" href=\"https:\/\/actiontremblant.com\/summer-activities\/paddle-board-mont-tremblant\/\" title=\"Paddle board Mont Tremblant\" target=\"_blank\" rel=\"noopener\" ><div id=\"Info-box-wrap-3532\" class=\"aio-icon-box top-icon\" style=\"\"  ><div class=\"aio-icon-top\"><div class=\"ult-just-icon-wrapper  \"><div class=\"align-icon\" style=\"text-align:center;\">\n<div class=\"aio-icon-img  uavc-circle \" style=\"font-size:40px;background:#ffcc00;display:inline-block;\" data-animation=\"bounceIn\" data-animation-delay=\"03\">\n\t<img decoding=\"async\" class=\"img-icon\" alt=\"null\" src=\"https:\/\/i0.wp.com\/actiontremblant.com\/wp-content\/uploads\/2020\/04\/standup-paddleboarding-01.png?fit=2133%2C2133&#038;ssl=1\"\/>\n<\/div><\/div><\/div><\/div><div class=\"aio-icon-header\" ><h3 class=\"aio-icon-title ult-responsive\"  data-ultimate-target='#Info-box-wrap-3532 .aio-icon-title'  data-responsive-json-new='{\"font-size\":\"desktop:20px;\",\"line-height\":\"desktop:28px;\"}'  style=\"font-weight:bold;color:#ffffff;\">PADDLEBOARD<\/h3><\/div> <!-- header --><\/div> <!-- aio-icon-box --><\/a><\/div> <!-- aio-icon-component -->[\/vc_column_inner][vc_column_inner width=\u00a0\u00bb1\/4&Prime; css=\u00a0\u00bb.vc_custom_1688566058331{padding-right: 5px !important;}\u00a0\u00bb]<div class=\"aio-icon-component    style_2\"><a class=\"aio-icon-box-link\" href=\"https:\/\/actiontremblant.com\/summer-activities\/mini-farm\/\" title=\"Mini Farm\" target=\"_blank\" rel=\"noopener\" ><div id=\"Info-box-wrap-9702\" class=\"aio-icon-box top-icon\" style=\"\"  ><div class=\"aio-icon-top\"><div class=\"ult-just-icon-wrapper  \"><div class=\"align-icon\" style=\"text-align:center;\">\n<div class=\"aio-icon-img  uavc-circle \" style=\"font-size:40px;background:#ffcc00;display:inline-block;\" data-animation=\"bounceIn\" data-animation-delay=\"03\">\n\t<img decoding=\"async\" class=\"img-icon\" alt=\"null\" src=\"https:\/\/i0.wp.com\/actiontremblant.com\/wp-content\/uploads\/2020\/04\/goat.png?fit=256%2C256&#038;ssl=1\"\/>\n<\/div><\/div><\/div><\/div><div class=\"aio-icon-header\" ><h3 class=\"aio-icon-title ult-responsive\"  data-ultimate-target='#Info-box-wrap-9702 .aio-icon-title'  data-responsive-json-new='{\"font-size\":\"desktop:20px;\",\"line-height\":\"desktop:28px;\"}'  style=\"font-weight:bold;color:#ffffff;\">MINI FERME<\/h3><\/div> <!-- header --><\/div> <!-- aio-icon-box --><\/a><\/div> <!-- aio-icon-component -->[\/vc_column_inner][vc_column_inner width=\u00a0\u00bb1\/4&Prime; css=\u00a0\u00bb.vc_custom_1588267033231{border-right-width: 1px !important;padding-right: 5px !important;border-right-color: #ffffff !important;border-right-style: solid !important;}\u00a0\u00bb][\/vc_column_inner][vc_column_inner width=\u00a0\u00bb1\/4&Prime;][\/vc_column_inner][\/vc_row_inner][\/vc_column][\/vc_row]\n","protected":false},"excerpt":{"rendered":"<p>[vc_row eq_height=\u00a0\u00bbyes\u00a0\u00bb content_placement=\u00a0\u00bbmiddle\u00a0\u00bb css=\u00a0\u00bb.vc_custom_1688565989354{padding-top: 130px !important;padding-bottom: 250px !important;padding-left: 45px !important;background: #fafafa url(https:\/\/actiontremblant.com\/wp-content\/uploads\/2022\/07\/mont-tremblant-activities.jpg?id=10585) !important;background-position: center !important;background-repeat: no-repeat !important;background-size: cover !important;}\u00a0\u00bb][vc_column width=\u00a0\u00bb2\/3&Prime; css=\u00a0\u00bb.vc_custom_1574619784893{padding-left: 90px !important;}\u00a0\u00bb][vc_custom_heading text=\u00a0\u00bbD\u00e9couvrez nos nombreux Activit\u00e9s d&rsquo;\u00e9t\u00e9\u00a0\u00bb font_container=\u00a0\u00bbtag:h2|font_size:45|text_align:left|color:%23ffffff|line_height:1.3&Prime; google_fonts=\u00a0\u00bbfont_family:Oswald%3A300%2Cregular%2C700|font_style:400%20regular%3A400%3Anormal\u00a0\u00bb el_class=\u00a0\u00bbtext-shadow\u00a0\u00bb css=\u00a0\u00bb.vc_custom_1589230216986{padding-bottom: 20px !important;}\u00a0\u00bb][\/vc_column][vc_column width=\u00a0\u00bb1\/3&Prime;][\/vc_column][\/vc_row][vc_row layout=\u00a0\u00bbnormal_no_spaces\u00a0\u00bb gap=\u00a0\u00bb10&Prime;][vc_column css=\u00a0\u00bb.vc_custom_1588266429843{padding-top: 20px !important;padding-bottom: 20px !important;}\u00a0\u00bb][vc_custom_heading text=\u00a0\u00bbActivit\u00e9s d&rsquo;\u00e9t\u00e9 \u00e0 Tremblant\u00a0\u00bb font_container=\u00a0\u00bbtag:h2|font_size:25|text_align:center|color:%23dd0000&Prime; google_fonts=\u00a0\u00bbfont_family:Open%20Sans%3A300%2C300italic%2Cregular%2Citalic%2C600%2C600italic%2C700%2C700italic%2C800%2C800italic|font_style:700%20bold%20regular%3A700%3Anormal\u00a0\u00bb][vc_row_inner][vc_column_inner width=\u00a0\u00bb1\/6&Prime;][\/vc_column_inner][vc_column_inner width=\u00a0\u00bb2\/3&Prime;][vc_column_text] Les activit\u00e9s d&rsquo;\u00e9t\u00e9 \u00e0 Tremblant&#8230;<\/p>\n","protected":false},"author":1,"featured_media":0,"parent":0,"menu_order":0,"comment_status":"closed","ping_status":"closed","template":"page-full.php","meta":{"footnotes":""},"class_list":["post-5428","page","type-page","status-publish","hentry"],"yoast_head":"<!-- This site is optimized with the Yoast SEO Premium plugin v20.9 (Yoast SEO v27.4) - https:\/\/yoast.com\/product\/yoast-seo-premium-wordpress\/ -->\n<title>Activit\u00e9s d&#039;\u00e9t\u00e9 \u00e0 Tremblant par Action Tremblant Activit\u00e9s<\/title>\n<meta name=\"description\" content=\"Activit\u00e9s d&#039;\u00e9t\u00e9 \u00e0 Tremblant par Action Tremblant Activit\u00e9s comprend, VTT 4x4, ebike, paddleboard, kayak, \u00e9quitation, tyrolienne et plus encore!\" \/>\n<meta name=\"robots\" content=\"index, follow, max-snippet:-1, max-image-preview:large, max-video-preview:-1\" \/>\n<link rel=\"canonical\" href=\"https:\/\/actiontremblant.com\/fr\/activites-dete\/\" \/>\n<meta property=\"og:locale\" content=\"fr_FR\" \/>\n<meta property=\"og:type\" content=\"article\" \/>\n<meta property=\"og:title\" content=\"ACTIVIT\u00c9S D&#039;\u00c9T\u00c9\" \/>\n<meta property=\"og:description\" content=\"Activit\u00e9s d&#039;\u00e9t\u00e9 \u00e0 Tremblant par Action Tremblant Activit\u00e9s comprend, VTT 4x4, ebike, paddleboard, kayak, \u00e9quitation, tyrolienne et plus encore!\" \/>\n<meta property=\"og:url\" content=\"https:\/\/actiontremblant.com\/fr\/activites-dete\/\" \/>\n<meta property=\"og:site_name\" content=\"Action Tremblant Activities\" \/>\n<meta property=\"article:publisher\" content=\"https:\/\/www.facebook.com\/Action-Tremblant-2398094523806257\/\" \/>\n<meta property=\"article:modified_time\" content=\"2023-07-05T14:16:06+00:00\" \/>\n<meta name=\"twitter:card\" content=\"summary_large_image\" \/>\n<meta name=\"twitter:label1\" content=\"Dur\u00e9e de lecture estim\u00e9e\" \/>\n\t<meta name=\"twitter:data1\" content=\"2 minutes\" \/>\n<script type=\"application\/ld+json\" class=\"yoast-schema-graph\">{\"@context\":\"https:\\\/\\\/schema.org\",\"@graph\":[{\"@type\":\"WebPage\",\"@id\":\"https:\\\/\\\/actiontremblant.com\\\/fr\\\/activites-dete\\\/\",\"url\":\"https:\\\/\\\/actiontremblant.com\\\/fr\\\/activites-dete\\\/\",\"name\":\"Activit\u00e9s d'\u00e9t\u00e9 \u00e0 Tremblant par Action Tremblant Activit\u00e9s\",\"isPartOf\":{\"@id\":\"https:\\\/\\\/actiontremblant.com\\\/fr\\\/#website\"},\"datePublished\":\"2020-05-11T20:43:31+00:00\",\"dateModified\":\"2023-07-05T14:16:06+00:00\",\"description\":\"Activit\u00e9s d'\u00e9t\u00e9 \u00e0 Tremblant par Action Tremblant Activit\u00e9s comprend, VTT 4x4, ebike, paddleboard, kayak, \u00e9quitation, tyrolienne et plus encore!\",\"breadcrumb\":{\"@id\":\"https:\\\/\\\/actiontremblant.com\\\/fr\\\/activites-dete\\\/#breadcrumb\"},\"inLanguage\":\"fr-FR\",\"potentialAction\":[{\"@type\":\"ReadAction\",\"target\":[\"https:\\\/\\\/actiontremblant.com\\\/fr\\\/activites-dete\\\/\"]}]},{\"@type\":\"BreadcrumbList\",\"@id\":\"https:\\\/\\\/actiontremblant.com\\\/fr\\\/activites-dete\\\/#breadcrumb\",\"itemListElement\":[{\"@type\":\"ListItem\",\"position\":1,\"name\":\"Home\",\"item\":\"https:\\\/\\\/actiontremblant.com\\\/fr\\\/\"},{\"@type\":\"ListItem\",\"position\":2,\"name\":\"ACTIVIT\u00c9S D&#8217;\u00c9T\u00c9\"}]},{\"@type\":\"WebSite\",\"@id\":\"https:\\\/\\\/actiontremblant.com\\\/fr\\\/#website\",\"url\":\"https:\\\/\\\/actiontremblant.com\\\/fr\\\/\",\"name\":\"Action Tremblant activities\",\"description\":\"Offering 365 days of outdoor activities.\",\"publisher\":{\"@id\":\"https:\\\/\\\/actiontremblant.com\\\/fr\\\/#organization\"},\"potentialAction\":[{\"@type\":\"SearchAction\",\"target\":{\"@type\":\"EntryPoint\",\"urlTemplate\":\"https:\\\/\\\/actiontremblant.com\\\/fr\\\/?s={search_term_string}\"},\"query-input\":{\"@type\":\"PropertyValueSpecification\",\"valueRequired\":true,\"valueName\":\"search_term_string\"}}],\"inLanguage\":\"fr-FR\"},{\"@type\":\"Organization\",\"@id\":\"https:\\\/\\\/actiontremblant.com\\\/fr\\\/#organization\",\"name\":\"Action Tremblant activities\",\"url\":\"https:\\\/\\\/actiontremblant.com\\\/fr\\\/\",\"logo\":{\"@type\":\"ImageObject\",\"inLanguage\":\"fr-FR\",\"@id\":\"https:\\\/\\\/actiontremblant.com\\\/fr\\\/#\\\/schema\\\/logo\\\/image\\\/\",\"url\":\"https:\\\/\\\/actiontremblant.com\\\/wp-content\\\/uploads\\\/2019\\\/11\\\/NEW-ACTION-LOGO400-2.png\",\"contentUrl\":\"https:\\\/\\\/actiontremblant.com\\\/wp-content\\\/uploads\\\/2019\\\/11\\\/NEW-ACTION-LOGO400-2.png\",\"width\":260,\"height\":151,\"caption\":\"Action Tremblant activities\"},\"image\":{\"@id\":\"https:\\\/\\\/actiontremblant.com\\\/fr\\\/#\\\/schema\\\/logo\\\/image\\\/\"},\"sameAs\":[\"https:\\\/\\\/www.facebook.com\\\/Action-Tremblant-2398094523806257\\\/\",\"https:\\\/\\\/www.instagram.com\\\/action_tremblant\\\/\"]}]}<\/script>\n<!-- \/ Yoast SEO Premium plugin. -->","yoast_head_json":{"title":"Activit\u00e9s d'\u00e9t\u00e9 \u00e0 Tremblant par Action Tremblant Activit\u00e9s","description":"Activit\u00e9s d'\u00e9t\u00e9 \u00e0 Tremblant par Action Tremblant Activit\u00e9s comprend, VTT 4x4, ebike, paddleboard, kayak, \u00e9quitation, tyrolienne et plus encore!","robots":{"index":"index","follow":"follow","max-snippet":"max-snippet:-1","max-image-preview":"max-image-preview:large","max-video-preview":"max-video-preview:-1"},"canonical":"https:\/\/actiontremblant.com\/fr\/activites-dete\/","og_locale":"fr_FR","og_type":"article","og_title":"ACTIVIT\u00c9S D'\u00c9T\u00c9","og_description":"Activit\u00e9s d'\u00e9t\u00e9 \u00e0 Tremblant par Action Tremblant Activit\u00e9s comprend, VTT 4x4, ebike, paddleboard, kayak, \u00e9quitation, tyrolienne et plus encore!","og_url":"https:\/\/actiontremblant.com\/fr\/activites-dete\/","og_site_name":"Action Tremblant Activities","article_publisher":"https:\/\/www.facebook.com\/Action-Tremblant-2398094523806257\/","article_modified_time":"2023-07-05T14:16:06+00:00","twitter_card":"summary_large_image","twitter_misc":{"Dur\u00e9e de lecture estim\u00e9e":"2 minutes"},"schema":{"@context":"https:\/\/schema.org","@graph":[{"@type":"WebPage","@id":"https:\/\/actiontremblant.com\/fr\/activites-dete\/","url":"https:\/\/actiontremblant.com\/fr\/activites-dete\/","name":"Activit\u00e9s d'\u00e9t\u00e9 \u00e0 Tremblant par Action Tremblant Activit\u00e9s","isPartOf":{"@id":"https:\/\/actiontremblant.com\/fr\/#website"},"datePublished":"2020-05-11T20:43:31+00:00","dateModified":"2023-07-05T14:16:06+00:00","description":"Activit\u00e9s d'\u00e9t\u00e9 \u00e0 Tremblant par Action Tremblant Activit\u00e9s comprend, VTT 4x4, ebike, paddleboard, kayak, \u00e9quitation, tyrolienne et plus encore!","breadcrumb":{"@id":"https:\/\/actiontremblant.com\/fr\/activites-dete\/#breadcrumb"},"inLanguage":"fr-FR","potentialAction":[{"@type":"ReadAction","target":["https:\/\/actiontremblant.com\/fr\/activites-dete\/"]}]},{"@type":"BreadcrumbList","@id":"https:\/\/actiontremblant.com\/fr\/activites-dete\/#breadcrumb","itemListElement":[{"@type":"ListItem","position":1,"name":"Home","item":"https:\/\/actiontremblant.com\/fr\/"},{"@type":"ListItem","position":2,"name":"ACTIVIT\u00c9S D&#8217;\u00c9T\u00c9"}]},{"@type":"WebSite","@id":"https:\/\/actiontremblant.com\/fr\/#website","url":"https:\/\/actiontremblant.com\/fr\/","name":"Action Tremblant activities","description":"Offering 365 days of outdoor activities.","publisher":{"@id":"https:\/\/actiontremblant.com\/fr\/#organization"},"potentialAction":[{"@type":"SearchAction","target":{"@type":"EntryPoint","urlTemplate":"https:\/\/actiontremblant.com\/fr\/?s={search_term_string}"},"query-input":{"@type":"PropertyValueSpecification","valueRequired":true,"valueName":"search_term_string"}}],"inLanguage":"fr-FR"},{"@type":"Organization","@id":"https:\/\/actiontremblant.com\/fr\/#organization","name":"Action Tremblant activities","url":"https:\/\/actiontremblant.com\/fr\/","logo":{"@type":"ImageObject","inLanguage":"fr-FR","@id":"https:\/\/actiontremblant.com\/fr\/#\/schema\/logo\/image\/","url":"https:\/\/actiontremblant.com\/wp-content\/uploads\/2019\/11\/NEW-ACTION-LOGO400-2.png","contentUrl":"https:\/\/actiontremblant.com\/wp-content\/uploads\/2019\/11\/NEW-ACTION-LOGO400-2.png","width":260,"height":151,"caption":"Action Tremblant activities"},"image":{"@id":"https:\/\/actiontremblant.com\/fr\/#\/schema\/logo\/image\/"},"sameAs":["https:\/\/www.facebook.com\/Action-Tremblant-2398094523806257\/","https:\/\/www.instagram.com\/action_tremblant\/"]}]}},"jetpack_sharing_enabled":true,"_links":{"self":[{"href":"https:\/\/actiontremblant.com\/fr\/wp-json\/wp\/v2\/pages\/5428","targetHints":{"allow":["GET"]}}],"collection":[{"href":"https:\/\/actiontremblant.com\/fr\/wp-json\/wp\/v2\/pages"}],"about":[{"href":"https:\/\/actiontremblant.com\/fr\/wp-json\/wp\/v2\/types\/page"}],"author":[{"embeddable":true,"href":"https:\/\/actiontremblant.com\/fr\/wp-json\/wp\/v2\/users\/1"}],"replies":[{"embeddable":true,"href":"https:\/\/actiontremblant.com\/fr\/wp-json\/wp\/v2\/comments?post=5428"}],"version-history":[{"count":12,"href":"https:\/\/actiontremblant.com\/fr\/wp-json\/wp\/v2\/pages\/5428\/revisions"}],"predecessor-version":[{"id":12672,"href":"https:\/\/actiontremblant.com\/fr\/wp-json\/wp\/v2\/pages\/5428\/revisions\/12672"}],"wp:attachment":[{"href":"https:\/\/actiontremblant.com\/fr\/wp-json\/wp\/v2\/media?parent=5428"}],"curies":[{"name":"wp","href":"https:\/\/api.w.org\/{rel}","templated":true}]}}