{"id":4916,"date":"2020-01-04T19:14:09","date_gmt":"2020-01-04T19:14:09","guid":{"rendered":"https:\/\/actiontremblant.com\/traineau-a-chiens-mont-tremblant-2\/"},"modified":"2020-05-12T01:38:16","modified_gmt":"2020-05-12T01:38:16","slug":"reservations-traineau-a-chiens","status":"publish","type":"page","link":"https:\/\/actiontremblant.com\/fr\/reservations-traineau-a-chiens\/","title":{"rendered":"Tra\u00eeneau \u00e0 chiens Mont Tremblant"},"content":{"rendered":"[vc_row layout=\u00a0\u00bbwide\u00a0\u00bb parallax=\u00a0\u00bbyes\u00a0\u00bb enable_shape_divider=\u00a0\u00bbtrue\u00a0\u00bb shape_divider_color=\u00a0\u00bb#dd0000&Prime; shape_divider_height=\u00a0\u00bb65&Prime; css=\u00a0\u00bb.vc_custom_1578163554005{padding-bottom: 105px !important;background-image: url(https:\/\/actiontremblant.com\/wp-content\/uploads\/2019\/12\/5f6f6f0e8b74313c28fe564-2.jpg?id=4306) !important;background-position: center;background-repeat: no-repeat !important;background-size: cover !important;}\u00a0\u00bb shape_type=\u00a0\u00bbtilt\u00a0\u00bb][vc_column width=\u00a0\u00bb1\/3&Prime; css=\u00a0\u00bb.vc_custom_1575229870794{padding-top: 10px !important;}\u00a0\u00bb][vc_single_image image=\u00a0\u00bb4303&Prime; img_size=\u00a0\u00bb120&#215;182&Prime; alignment=\u00a0\u00bbcenter\u00a0\u00bb][\/vc_column][vc_column width=\u00a0\u00bb1\/3&Prime;][\/vc_column][vc_column width=\u00a0\u00bb1\/3&Prime;][vc_custom_heading text=\u00a0\u00bbR\u00c9SERVEZ\u00a0\u00bb font_container=\u00a0\u00bbtag:p|font_size:55|text_align:left|color:%23dd0000&Prime; google_fonts=\u00a0\u00bbfont_family:Oswald%3A300%2Cregular%2C700|font_style:700%20bold%20regular%3A700%3Anormal\u00a0\u00bb css=\u00a0\u00bb.vc_custom_1575237192458{padding-top: 200px !important;}\u00a0\u00bb][\/vc_column][\/vc_row][vc_row layout=\u00a0\u00bbstretch_row_content_no_spaces\u00a0\u00bb css=\u00a0\u00bb.vc_custom_1578162557912{padding-top: 20px !important;padding-bottom: 20px !important;background-color: #ff0000 !important;}\u00a0\u00bb][vc_column][vc_column_text]\n<h2 style=\"text-align: center;\"><strong><span style=\"color: #ffffff;\">R\u00c9SERVER TRA\u00ceNEAU \u00c0 CHIENS MONT TREMBLANT<\/span><\/strong><\/h2>\n<h2 style=\"text-align: center;\"><strong><span style=\"color: #ffffff;\">APPEL DIRECT:<br \/>\n1 819-341-4577<\/span><\/strong><\/h2>\n<p>&nbsp;[\/vc_column_text][\/vc_column][\/vc_row][vc_row css=\u00a0\u00bb.vc_custom_1578162700192{padding-top: 50px !important;padding-bottom: 50px !important;}\u00a0\u00bb][vc_column width=\u00a0\u00bb1\/3&Prime; css=\u00a0\u00bb.vc_custom_1578162802806{padding-top: 30px !important;}\u00a0\u00bb][vc_single_image image=\u00a0\u00bb4885&Prime; img_size=\u00a0\u00bbmedium\u00a0\u00bb style=\u00a0\u00bbvc_box_shadow\u00a0\u00bb][vc_single_image image=\u00a0\u00bb4370&Prime; img_size=\u00a0\u00bbmedium\u00a0\u00bb style=\u00a0\u00bbvc_box_shadow\u00a0\u00bb css=\u00a0\u00bb.vc_custom_1578162753899{padding-top: 20px !important;}\u00a0\u00bb][vc_single_image image=\u00a0\u00bb4090&Prime; img_size=\u00a0\u00bbmedium\u00a0\u00bb style=\u00a0\u00bbvc_box_shadow\u00a0\u00bb css=\u00a0\u00bb.vc_custom_1578162794013{padding-top: 20px !important;}\u00a0\u00bb][\/vc_column][vc_column width=\u00a0\u00bb2\/3&Prime;][vc_custom_heading text=\u00a0\u00bb<strong>tra\u00eeneau \u00e0 chiens Mont-Tremblant &#8211; Exp\u00e9rience VIP<\/strong>\u00a0\u00bb font_container=\u00a0\u00bbtag:h2|font_size:30px|text_align:left|color:%23757575|line_height:1.3&Prime; use_theme_fonts=\u00a0\u00bbyes\u00a0\u00bb el_class=\u00a0\u00bbfont_weight_300&Prime; css=\u00a0\u00bb.vc_custom_1578163325588{padding-top: 10px !important;padding-bottom: 10px !important;}\u00a0\u00bb][vc_column_text]Installez-vous confortablement et profitez de cette balade incroyable pendant que votre guide professionnel conduit un tra\u00eeneau guid\u00e9 par un attelage de 6 \u00e0 8 chiens. Vivez l\u2019exp\u00e9rience d\u2019une excursion de 60 minutes en tra\u00eeneau \u00e0 chiens \u00e0 Mont-Tremblant, en parcourant 5 miles (8 km) \u00e0 travers la magnifique for\u00eat recouverte de neige et la Vall\u00e9e de la Rouge.<\/p>\n<p>Les participants auront \u00e9galement la possibilit\u00e9 de conduire le tra\u00eeneau en compagnie de leur guide.[\/vc_column_text][vc_separator style=\u00a0\u00bbsolid\u00a0\u00bb color=\u00a0\u00bb#aaaaaa\u00a0\u00bb padding_top=\u00a0\u00bb10&Prime; padding_bottom=\u00a0\u00bb10&Prime;][vc_column_text]\n<p style=\"font-family: Helvetica, Arial, sans-serif; font-size: 12px; color: #444444; margin: 0px; padding: 0px; background-color: #ffffff;\"><span style=\"font-size: 16px;\"><strong><span style=\"font-family: helvetica; color: #d41201;\">ITINERAIRE<\/span><\/strong><\/span><\/p>\n<ul style=\"font-family: Helvetica, Arial, sans-serif; font-size: 12px; color: #444444; list-style-position: inside; background-color: #ffffff;\">\n<li><span style=\"font-size: 14px;\"><span style=\"font-family: helvetica;\">Arrivez au Clubhouse de Bel Air Tremblant 30 minutes avant l\u2019activit\u00e9 pr\u00e9vue.<\/span><\/span><\/li>\n<li><span style=\"font-size: 14px;\">20 minutes de briefing de s\u00e9curit\u00e9<\/span><\/li>\n<li><span style=\"font-size: 14px;\"><span style=\"font-family: helvetica;\">Passez du temps avec les chiens<\/span><\/span><\/li>\n<li><span style=\"font-size: 14px;\"><span style=\"font-family: helvetica;\">Partez sur la piste!<\/span><\/span><\/li>\n<\/ul>\n<p>&nbsp;[\/vc_column_text][vc_separator style=\u00a0\u00bbsolid\u00a0\u00bb color=\u00a0\u00bb#aaaaaa\u00a0\u00bb padding_top=\u00a0\u00bb10&Prime; padding_bottom=\u00a0\u00bb20&Prime;][vc_tabs color=\u00a0\u00bbred\u00a0\u00bb][vc_tab title=\u00a0\u00bbQUOI PORTER\u00a0\u00bb tab_id=\u00a0\u00bbf91fae9b-b105-8&Prime;][vc_column_text]\n<p style=\"font-family: Helvetica, Arial, sans-serif; font-size: 12px; color: #444444; margin: 0px; padding: 0px; background-color: #ffffff;\"><span style=\"font-size: 16px;\"><strong><span style=\"font-family: helvetica; color: #d41201;\">SUGGESTIONS DE V\u00caTEMENTS \u00c0 PORTER :<\/span><\/strong><\/span><\/p>\n<p style=\"font-size: 12px; margin: 0px; padding: 0px; font-family: Verdana, Arial, Helvetica, sans-serif;\"><span style=\"font-size:14px;\">Portez des v&ecirc;tements que vous porteriez g&eacute;n&eacute;ralement pour faire du ski ou du snowboard, cela inclus :<\/span><\/p>\n<ul style=\"font-size: 12px; font-family: Verdana, Arial, Helvetica, sans-serif;\">\n<li><span style=\"font-size:14px;\">Couches chaudes telles que sous-v&ecirc;tements longs, chemise, pull, veste d&#39;hiver<\/span><\/li>\n<li><span style=\"font-size:14px;\">Chapeau chaud<\/span><\/li>\n<li><span style=\"font-size:14px;\">Gants ou mitaines<\/span><\/li>\n<li><span style=\"font-size:14px;\">Chaussettes chaudes<\/span><\/li>\n<li><span style=\"font-size:14px;\">Bottes<\/span><\/li>\n<li><span style=\"font-size:14px;\">Lunettes<\/span><\/li>\n<li><span style=\"font-size:14px;\">Masque ou foulard<\/span><\/li>\n<\/ul>\n<p style=\"font-size: 12px; margin: 0px; padding: 0px; font-family: Verdana, Arial, Helvetica, sans-serif;\">&nbsp;<\/p>\n[\/vc_column_text][\/vc_tab][vc_tab title=\u00a0\u00bbPOINT DE RENDEZ-VOUS\u00a0\u00a0\u00bb tab_id=\u00a0\u00bbe4de8b02-dd06-3&Prime;][vc_column_text]\n<p align=\"left\"><span style=\"font-size: 16px;\"><span style=\"font-family: helvetica; color: #e00000;\"><strong>POINT DE RENDEZ-VOUS<\/strong><\/span><span style=\"font-family: helvetica;\">\u00a0<\/span><\/span><\/p>\n<p><span style=\"font-size: 14px;\"><strong><span style=\"font-family: helvetica; color: #151515;\">Tous les participants doivent se retrouver au Clubhouse de Bel Air Tremblant <\/span><\/strong><\/span><\/p>\n<p><span style=\"font-size: 14px;\"><span style=\"color: #151515;\"><strong><span style=\"font-family: helvetica;\">Bel Air Tremblant Clubhouse<\/span><\/strong><\/span><br \/>\n<span style=\"font-family: helvetica;\">80, rue des Sept Sommets<\/span><br \/>\n<span style=\"font-family: helvetica;\">La Conception, Quebec J0T M01<\/span><\/span><\/p>\n<form action=\"http:\/\/maps.google.com\/maps\" method=\"get\" target=\"_blank\"><span style=\"font-size: 12px;\"><label for=\"saddr\">Pour les itin\u00e9raires, entrez votre adresse de d\u00e9part ci-dessous:<\/label> <\/span><\/p>\n<p><input name=\"saddr\" type=\"text\" \/> <input name=\"daddr\" type=\"hidden\" value=\"80 rue des Sept Sommets, La Conception, QC J0T 1M0\" \/> <input type=\"submit\" value=\"Get directions\" \/><\/p>\n<\/form>\n[\/vc_column_text][\/vc_tab][vc_tab title=\u00a0\u00bbRENONCIATION\u00a0\u00bb tab_id=\u00a0\u00bb1578162009252-2-4&Prime;][vc_column_text]<strong><span style=\"color: #ff0000;\"><span style=\"font-size: 18px;\">RENONCIATION<\/span><\/span><\/strong><\/p>\n<ul>\n<li><span style=\"font-size: 14px;\">Signature d\u2019une d\u00e9charge de responsabilit\u00e9 par tous les participants est requise. <\/span><\/li>\n<li><span style=\"font-size: 14px;\">D\u00e9charge obligatoire sign\u00e9 par un parent\/gardien pour les -18 ans.<\/span><\/li>\n<\/ul>\n<p><strong><span style=\"font-size: 1.17em;\">Gagnez du temps et remplissez votre d\u00e9charge en ligne avant votre arriv\u00e9e, <span style=\"font-size: 18px;\"><a href=\"https:\/\/waiver.smartwaiver.com\/w\/5de05f548eb6b\/web\/\" target=\"_blank\" rel=\"noopener noreferrer\"><span style=\"color: #ff0000;\">cliquez ici.<\/span><\/a><\/span><\/span><\/strong><\/p>\n<p>&nbsp;[\/vc_column_text][\/vc_tab][\/vc_tabs][\/vc_column][\/vc_row][vc_row css=\u00a0\u00bb.vc_custom_1578163192602{padding-top: 2px !important;}\u00a0\u00bb][vc_column width=\u00a0\u00bb1\/4&Prime;][\/vc_column][vc_column width=\u00a0\u00bb1\/2&Prime;][vc_custom_heading text=\u00a0\u00bbGagnez du temps et remplissez vos d\u00e9rogations en ligne avant votre arriv\u00e9e.\u00a0\u00bb font_container=\u00a0\u00bbtag:h2|font_size:18|text_align:center|color:%23000000&Prime; google_fonts=\u00a0\u00bbfont_family:Open%20Sans%3A300%2C300italic%2Cregular%2Citalic%2C600%2C600italic%2C700%2C700italic%2C800%2C800italic|font_style:600%20bold%20regular%3A600%3Anormal\u00a0\u00bb css=\u00a0\u00bb.vc_custom_1578163217500{padding-bottom: 20px !important;}\u00a0\u00bb][vc_button title=\u00a0\u00bbRENONCIATION\u00a0\u00bb shape=\u00a0\u00bbrounded\u00a0\u00bb color=\u00a0\u00bbcustom\u00a0\u00bb custom_font_size=\u00a0\u00bb16&Prime; custom_font_weight=\u00a0\u00bb600&Prime; custom_color=\u00a0\u00bb#dd0000&Prime; custom_border_color=\u00a0\u00bb#dd0000&Prime; custom_text_color_hover=\u00a0\u00bb#dd0000&Prime; custom_color_hover=\u00a0\u00bb#ffffff\u00a0\u00bb custom_border_color_hover=\u00a0\u00bb#dd0000&Prime; href=\u00a0\u00bbhttps:%2F%2Fwaiver.smartwaiver.com%2Fw%2F5de05f548eb6b%2Fweb%2F|\u00a0\u00bb][\/vc_column][vc_column width=\u00a0\u00bb1\/4&Prime;][\/vc_column][\/vc_row][vc_row][vc_column][\/vc_column][\/vc_row][vc_column][vc_row_inner css=\u00a0\u00bb.vc_custom_1578161241624{padding-bottom: 30px !important;}\u00a0\u00bb][vc_column_inner][vc_column_text]\n<h2 style=\"text-align: center;\"><strong><span style=\"color: #ffffff;\">R\u00c9SERVER TRA\u00ceNEAU \u00c0 CHIENS MONT TREMBLANT<\/span><\/strong><\/h2>\n<h2 style=\"text-align: center;\"><strong><span style=\"color: #ffffff;\">APPEL DIRECT:<br \/>\n1 819-341-4577<\/span><\/strong><\/h2>\n<p>&nbsp;[\/vc_column_text][\/vc_column_inner][\/vc_row_inner][\/vc_column]\n","protected":false},"excerpt":{"rendered":"<p>[vc_row layout=\u00a0\u00bbwide\u00a0\u00bb parallax=\u00a0\u00bbyes\u00a0\u00bb enable_shape_divider=\u00a0\u00bbtrue\u00a0\u00bb shape_divider_color=\u00a0\u00bb#dd0000&Prime; shape_divider_height=\u00a0\u00bb65&Prime; css=\u00a0\u00bb.vc_custom_1578163554005{padding-bottom: 105px !important;background-image: url(https:\/\/actiontremblant.com\/wp-content\/uploads\/2019\/12\/5f6f6f0e8b74313c28fe564-2.jpg?id=4306) !important;background-position: center;background-repeat: no-repeat !important;background-size: cover !important;}\u00a0\u00bb shape_type=\u00a0\u00bbtilt\u00a0\u00bb][vc_column width=\u00a0\u00bb1\/3&Prime; css=\u00a0\u00bb.vc_custom_1575229870794{padding-top: 10px !important;}\u00a0\u00bb][vc_single_image image=\u00a0\u00bb4303&Prime; img_size=\u00a0\u00bb120&#215;182&Prime; alignment=\u00a0\u00bbcenter\u00a0\u00bb][\/vc_column][vc_column width=\u00a0\u00bb1\/3&Prime;][\/vc_column][vc_column width=\u00a0\u00bb1\/3&Prime;][vc_custom_heading text=\u00a0\u00bbR\u00c9SERVEZ\u00a0\u00bb font_container=\u00a0\u00bbtag:p|font_size:55|text_align:left|color:%23dd0000&Prime; google_fonts=\u00a0\u00bbfont_family:Oswald%3A300%2Cregular%2C700|font_style:700%20bold%20regular%3A700%3Anormal\u00a0\u00bb css=\u00a0\u00bb.vc_custom_1575237192458{padding-top: 200px !important;}\u00a0\u00bb][\/vc_column][\/vc_row][vc_row layout=\u00a0\u00bbstretch_row_content_no_spaces\u00a0\u00bb css=\u00a0\u00bb.vc_custom_1578162557912{padding-top: 20px !important;padding-bottom: 20px !important;background-color: #ff0000 !important;}\u00a0\u00bb][vc_column][vc_column_text] R\u00c9SERVER TRA\u00ceNEAU \u00c0 CHIENS MONT TREMBLANT APPEL DIRECT: 1 819-341-4577 &nbsp;[\/vc_column_text][\/vc_column][\/vc_row][vc_row css=\u00a0\u00bb.vc_custom_1578162700192{padding-top: 50px !important;padding-bottom: 50px&#8230;<\/p>\n","protected":false},"author":1,"featured_media":0,"parent":0,"menu_order":0,"comment_status":"closed","ping_status":"closed","template":"page-full.php","meta":{"footnotes":""},"class_list":["post-4916","page","type-page","status-publish","hentry"],"yoast_head":"<!-- This site is optimized with the Yoast SEO Premium plugin v20.9 (Yoast SEO v27.4) - https:\/\/yoast.com\/product\/yoast-seo-premium-wordpress\/ -->\n<title>Excursions en tra\u00eeneau \u00e0 chiens Mont-Tremblant par Action Tremblant<\/title>\n<meta name=\"description\" content=\"Excursions en tra\u00eeneau \u00e0 chiens Mont-Tremblant par Action Tremblant: Excursion en tra\u00eeneau \u00e0 chiens \u00e0 Tremblant, l\u2019exp\u00e9rience ultime pour toute la famille !\" \/>\n<meta name=\"robots\" content=\"index, follow, max-snippet:-1, max-image-preview:large, max-video-preview:-1\" \/>\n<link rel=\"canonical\" href=\"https:\/\/actiontremblant.com\/fr\/reservations-traineau-a-chiens\/\" \/>\n<meta property=\"og:locale\" content=\"fr_FR\" \/>\n<meta property=\"og:type\" content=\"article\" \/>\n<meta property=\"og:title\" content=\"Tra\u00eeneau \u00e0 chiens Mont Tremblant\" \/>\n<meta property=\"og:description\" content=\"Excursions en tra\u00eeneau \u00e0 chiens Mont-Tremblant par Action Tremblant: Excursion en tra\u00eeneau \u00e0 chiens \u00e0 Tremblant, l\u2019exp\u00e9rience ultime pour toute la famille !\" \/>\n<meta property=\"og:url\" content=\"https:\/\/actiontremblant.com\/fr\/reservations-traineau-a-chiens\/\" \/>\n<meta property=\"og:site_name\" content=\"Action Tremblant Activities\" \/>\n<meta property=\"article:publisher\" content=\"https:\/\/www.facebook.com\/Action-Tremblant-2398094523806257\/\" \/>\n<meta property=\"article:modified_time\" content=\"2020-05-12T01:38:16+00:00\" \/>\n<meta name=\"twitter:card\" content=\"summary_large_image\" \/>\n<meta name=\"twitter:label1\" content=\"Dur\u00e9e de lecture estim\u00e9e\" \/>\n\t<meta name=\"twitter:data1\" content=\"4 minutes\" \/>\n<script type=\"application\/ld+json\" class=\"yoast-schema-graph\">{\"@context\":\"https:\\\/\\\/schema.org\",\"@graph\":[{\"@type\":\"WebPage\",\"@id\":\"https:\\\/\\\/actiontremblant.com\\\/fr\\\/reservations-traineau-a-chiens\\\/\",\"url\":\"https:\\\/\\\/actiontremblant.com\\\/fr\\\/reservations-traineau-a-chiens\\\/\",\"name\":\"Excursions en tra\u00eeneau \u00e0 chiens Mont-Tremblant par Action Tremblant\",\"isPartOf\":{\"@id\":\"https:\\\/\\\/actiontremblant.com\\\/fr\\\/#website\"},\"datePublished\":\"2020-01-04T19:14:09+00:00\",\"dateModified\":\"2020-05-12T01:38:16+00:00\",\"description\":\"Excursions en tra\u00eeneau \u00e0 chiens Mont-Tremblant par Action Tremblant: Excursion en tra\u00eeneau \u00e0 chiens \u00e0 Tremblant, l\u2019exp\u00e9rience ultime pour toute la famille !\",\"breadcrumb\":{\"@id\":\"https:\\\/\\\/actiontremblant.com\\\/fr\\\/reservations-traineau-a-chiens\\\/#breadcrumb\"},\"inLanguage\":\"fr-FR\",\"potentialAction\":[{\"@type\":\"ReadAction\",\"target\":[\"https:\\\/\\\/actiontremblant.com\\\/fr\\\/reservations-traineau-a-chiens\\\/\"]}]},{\"@type\":\"BreadcrumbList\",\"@id\":\"https:\\\/\\\/actiontremblant.com\\\/fr\\\/reservations-traineau-a-chiens\\\/#breadcrumb\",\"itemListElement\":[{\"@type\":\"ListItem\",\"position\":1,\"name\":\"Home\",\"item\":\"https:\\\/\\\/actiontremblant.com\\\/fr\\\/\"},{\"@type\":\"ListItem\",\"position\":2,\"name\":\"Tra\u00eeneau \u00e0 chiens Mont Tremblant\"}]},{\"@type\":\"WebSite\",\"@id\":\"https:\\\/\\\/actiontremblant.com\\\/fr\\\/#website\",\"url\":\"https:\\\/\\\/actiontremblant.com\\\/fr\\\/\",\"name\":\"Action Tremblant activities\",\"description\":\"Offering 365 days of outdoor activities.\",\"publisher\":{\"@id\":\"https:\\\/\\\/actiontremblant.com\\\/fr\\\/#organization\"},\"potentialAction\":[{\"@type\":\"SearchAction\",\"target\":{\"@type\":\"EntryPoint\",\"urlTemplate\":\"https:\\\/\\\/actiontremblant.com\\\/fr\\\/?s={search_term_string}\"},\"query-input\":{\"@type\":\"PropertyValueSpecification\",\"valueRequired\":true,\"valueName\":\"search_term_string\"}}],\"inLanguage\":\"fr-FR\"},{\"@type\":\"Organization\",\"@id\":\"https:\\\/\\\/actiontremblant.com\\\/fr\\\/#organization\",\"name\":\"Action Tremblant activities\",\"url\":\"https:\\\/\\\/actiontremblant.com\\\/fr\\\/\",\"logo\":{\"@type\":\"ImageObject\",\"inLanguage\":\"fr-FR\",\"@id\":\"https:\\\/\\\/actiontremblant.com\\\/fr\\\/#\\\/schema\\\/logo\\\/image\\\/\",\"url\":\"https:\\\/\\\/actiontremblant.com\\\/wp-content\\\/uploads\\\/2019\\\/11\\\/NEW-ACTION-LOGO400-2.png\",\"contentUrl\":\"https:\\\/\\\/actiontremblant.com\\\/wp-content\\\/uploads\\\/2019\\\/11\\\/NEW-ACTION-LOGO400-2.png\",\"width\":260,\"height\":151,\"caption\":\"Action Tremblant activities\"},\"image\":{\"@id\":\"https:\\\/\\\/actiontremblant.com\\\/fr\\\/#\\\/schema\\\/logo\\\/image\\\/\"},\"sameAs\":[\"https:\\\/\\\/www.facebook.com\\\/Action-Tremblant-2398094523806257\\\/\",\"https:\\\/\\\/www.instagram.com\\\/action_tremblant\\\/\"]}]}<\/script>\n<!-- \/ Yoast SEO Premium plugin. -->","yoast_head_json":{"title":"Excursions en tra\u00eeneau \u00e0 chiens Mont-Tremblant par Action Tremblant","description":"Excursions en tra\u00eeneau \u00e0 chiens Mont-Tremblant par Action Tremblant: Excursion en tra\u00eeneau \u00e0 chiens \u00e0 Tremblant, l\u2019exp\u00e9rience ultime pour toute la famille !","robots":{"index":"index","follow":"follow","max-snippet":"max-snippet:-1","max-image-preview":"max-image-preview:large","max-video-preview":"max-video-preview:-1"},"canonical":"https:\/\/actiontremblant.com\/fr\/reservations-traineau-a-chiens\/","og_locale":"fr_FR","og_type":"article","og_title":"Tra\u00eeneau \u00e0 chiens Mont Tremblant","og_description":"Excursions en tra\u00eeneau \u00e0 chiens Mont-Tremblant par Action Tremblant: Excursion en tra\u00eeneau \u00e0 chiens \u00e0 Tremblant, l\u2019exp\u00e9rience ultime pour toute la famille !","og_url":"https:\/\/actiontremblant.com\/fr\/reservations-traineau-a-chiens\/","og_site_name":"Action Tremblant Activities","article_publisher":"https:\/\/www.facebook.com\/Action-Tremblant-2398094523806257\/","article_modified_time":"2020-05-12T01:38:16+00:00","twitter_card":"summary_large_image","twitter_misc":{"Dur\u00e9e de lecture estim\u00e9e":"4 minutes"},"schema":{"@context":"https:\/\/schema.org","@graph":[{"@type":"WebPage","@id":"https:\/\/actiontremblant.com\/fr\/reservations-traineau-a-chiens\/","url":"https:\/\/actiontremblant.com\/fr\/reservations-traineau-a-chiens\/","name":"Excursions en tra\u00eeneau \u00e0 chiens Mont-Tremblant par Action Tremblant","isPartOf":{"@id":"https:\/\/actiontremblant.com\/fr\/#website"},"datePublished":"2020-01-04T19:14:09+00:00","dateModified":"2020-05-12T01:38:16+00:00","description":"Excursions en tra\u00eeneau \u00e0 chiens Mont-Tremblant par Action Tremblant: Excursion en tra\u00eeneau \u00e0 chiens \u00e0 Tremblant, l\u2019exp\u00e9rience ultime pour toute la famille !","breadcrumb":{"@id":"https:\/\/actiontremblant.com\/fr\/reservations-traineau-a-chiens\/#breadcrumb"},"inLanguage":"fr-FR","potentialAction":[{"@type":"ReadAction","target":["https:\/\/actiontremblant.com\/fr\/reservations-traineau-a-chiens\/"]}]},{"@type":"BreadcrumbList","@id":"https:\/\/actiontremblant.com\/fr\/reservations-traineau-a-chiens\/#breadcrumb","itemListElement":[{"@type":"ListItem","position":1,"name":"Home","item":"https:\/\/actiontremblant.com\/fr\/"},{"@type":"ListItem","position":2,"name":"Tra\u00eeneau \u00e0 chiens Mont Tremblant"}]},{"@type":"WebSite","@id":"https:\/\/actiontremblant.com\/fr\/#website","url":"https:\/\/actiontremblant.com\/fr\/","name":"Action Tremblant activities","description":"Offering 365 days of outdoor activities.","publisher":{"@id":"https:\/\/actiontremblant.com\/fr\/#organization"},"potentialAction":[{"@type":"SearchAction","target":{"@type":"EntryPoint","urlTemplate":"https:\/\/actiontremblant.com\/fr\/?s={search_term_string}"},"query-input":{"@type":"PropertyValueSpecification","valueRequired":true,"valueName":"search_term_string"}}],"inLanguage":"fr-FR"},{"@type":"Organization","@id":"https:\/\/actiontremblant.com\/fr\/#organization","name":"Action Tremblant activities","url":"https:\/\/actiontremblant.com\/fr\/","logo":{"@type":"ImageObject","inLanguage":"fr-FR","@id":"https:\/\/actiontremblant.com\/fr\/#\/schema\/logo\/image\/","url":"https:\/\/actiontremblant.com\/wp-content\/uploads\/2019\/11\/NEW-ACTION-LOGO400-2.png","contentUrl":"https:\/\/actiontremblant.com\/wp-content\/uploads\/2019\/11\/NEW-ACTION-LOGO400-2.png","width":260,"height":151,"caption":"Action Tremblant activities"},"image":{"@id":"https:\/\/actiontremblant.com\/fr\/#\/schema\/logo\/image\/"},"sameAs":["https:\/\/www.facebook.com\/Action-Tremblant-2398094523806257\/","https:\/\/www.instagram.com\/action_tremblant\/"]}]}},"jetpack_sharing_enabled":true,"_links":{"self":[{"href":"https:\/\/actiontremblant.com\/fr\/wp-json\/wp\/v2\/pages\/4916","targetHints":{"allow":["GET"]}}],"collection":[{"href":"https:\/\/actiontremblant.com\/fr\/wp-json\/wp\/v2\/pages"}],"about":[{"href":"https:\/\/actiontremblant.com\/fr\/wp-json\/wp\/v2\/types\/page"}],"author":[{"embeddable":true,"href":"https:\/\/actiontremblant.com\/fr\/wp-json\/wp\/v2\/users\/1"}],"replies":[{"embeddable":true,"href":"https:\/\/actiontremblant.com\/fr\/wp-json\/wp\/v2\/comments?post=4916"}],"version-history":[{"count":2,"href":"https:\/\/actiontremblant.com\/fr\/wp-json\/wp\/v2\/pages\/4916\/revisions"}],"predecessor-version":[{"id":5496,"href":"https:\/\/actiontremblant.com\/fr\/wp-json\/wp\/v2\/pages\/4916\/revisions\/5496"}],"wp:attachment":[{"href":"https:\/\/actiontremblant.com\/fr\/wp-json\/wp\/v2\/media?parent=4916"}],"curies":[{"name":"wp","href":"https:\/\/api.w.org\/{rel}","templated":true}]}}