{"id":4832,"date":"2019-12-13T02:47:31","date_gmt":"2019-12-13T02:47:31","guid":{"rendered":"https:\/\/actiontremblant.com\/activites-a-mont-tremblant-reservez-maintenant\/"},"modified":"2023-07-13T14:36:05","modified_gmt":"2023-07-13T14:36:05","slug":"reservez","status":"publish","type":"page","link":"https:\/\/actiontremblant.com\/fr\/reservez\/","title":{"rendered":"Activit\u00e9s \u00e0 Mont-Tremblant &#8211; r\u00e9servez maintenant"},"content":{"rendered":"[vc_row layout=\u00a0\u00bbwide\u00a0\u00bb enable_shape_divider=\u00a0\u00bbtrue\u00a0\u00bb shape_divider_color=\u00a0\u00bb#dd0000&Prime; shape_divider_height=\u00a0\u00bb65&Prime; css=\u00a0\u00bb.vc_custom_1592846860004{padding-bottom: 25px !important;background-image: url(https:\/\/actiontremblant.com\/wp-content\/uploads\/2020\/05\/Flying-over-forest-with-zip-line.jpg?id=5416) !important;background-position: center !important;background-repeat: no-repeat !important;background-size: cover !important;}\u00a0\u00bb shape_type=\u00a0\u00bbtilt\u00a0\u00bb][vc_column width=\u00a0\u00bb1\/3&Prime; css=\u00a0\u00bb.vc_custom_1575229870794{padding-top: 10px !important;}\u00a0\u00bb][vc_single_image image=\u00a0\u00bb4303&Prime; img_size=\u00a0\u00bb120&#215;182&Prime; alignment=\u00a0\u00bbcenter\u00a0\u00bb][\/vc_column][vc_column width=\u00a0\u00bb1\/3&Prime;][\/vc_column][vc_column width=\u00a0\u00bb1\/3&Prime;][vc_custom_heading text=\u00a0\u00bbR\u00c9SERVEZ ICI\u00a0\u00bb font_container=\u00a0\u00bbtag:p|font_size:55|text_align:left|color:%23dd0000&Prime; google_fonts=\u00a0\u00bbfont_family:Oswald%3A300%2Cregular%2C700|font_style:700%20bold%20regular%3A700%3Anormal\u00a0\u00bb css=\u00a0\u00bb.vc_custom_1575237192458{padding-top: 200px !important;}\u00a0\u00bb][\/vc_column][\/vc_row][vc_row layout=\u00a0\u00bbwide\u00a0\u00bb gap=\u00a0\u00bb10&Prime; content_placement=\u00a0\u00bbmiddle\u00a0\u00bb][vc_column][vc_column_text css=\u00a0\u00bb.vc_custom_1575859723944{padding-top: 15px !important;padding-bottom: 20px !important;}\u00a0\u00bb]\n<p style=\"text-align: center;\"><span style=\"color: #444444;\"><span style=\"font-size: 28px;\"><span style=\"font-family: oswald,serif;\">ACTION TREMBLANT ACTIVIT\u00c9S<\/span><\/span><\/span><br \/>\n<em><span style=\"font-size: 20px;\"><span style=\"color: #dd0000;\"><span style=\"font-family: open sans,sans-serif;\">S\u00e9lectionnez l&rsquo;activit\u00e9 ci-dessous<\/span><\/span><\/span><\/em><\/p>\n[\/vc_column_text][\/vc_column][\/vc_row][vc_row disable_element=\u00a0\u00bbyes\u00a0\u00bb][vc_column][vc_custom_heading text=\u00a0\u00bbGagnez du temps et remplissez vos d\u00e9charges en ligne avant votre arriv\u00e9e.\u00a0\u00bb font_container=\u00a0\u00bbtag:p|font_size:14|text_align:center|color:%23000000&Prime; google_fonts=\u00a0\u00bbfont_family:Open%20Sans%3A300%2C300italic%2Cregular%2Citalic%2C600%2C600italic%2C700%2C700italic%2C800%2C800italic|font_style:600%20bold%20regular%3A600%3Anormal\u00a0\u00bb css=\u00a0\u00bb.vc_custom_1576169348330{padding-top: 10px !important;padding-bottom: 0px !important;}\u00a0\u00bb][vc_button title=\u00a0\u00bbWAIVER\u00a0\u00bb shape=\u00a0\u00bbrounded\u00a0\u00bb color=\u00a0\u00bbcustom\u00a0\u00bb custom_font_size=\u00a0\u00bb16&Prime; custom_font_weight=\u00a0\u00bb600&Prime; custom_color=\u00a0\u00bb#dd0000&Prime; custom_border_color=\u00a0\u00bb\u00a0\u00bb custom_color_hover=\u00a0\u00bb\u00a0\u00bb custom_border_color_hover=\u00a0\u00bb\u00a0\u00bb padding_lr=\u00a0\u00bb10px\u00a0\u00bb href=\u00a0\u00bbhttps:%2F%2Fwaiver.smartwaiver.com%2Fw%2F5de05f548eb6b%2Fweb%2F|\u00a0\u00bb][\/vc_column][\/vc_row][vc_row gap=\u00a0\u00bb10&Prime;][vc_column][vc_row_inner css=\u00a0\u00bb.vc_custom_1608218474473{padding-bottom: 15px !important;}\u00a0\u00bb][vc_column_inner width=\u00a0\u00bb2\/3&Prime;][\/vc_column_inner][vc_column_inner width=\u00a0\u00bb1\/3&Prime;][vc_column_text]\n<p style=\"text-align: right;\"><span style=\"font-size: 16px;\"><strong><span style=\"color: #dd0000;\">Changer la langue en fran\u00e7ais\u00a0\u00a0<img style=\"width: 32px; height: 32px; float: right;\" data-src=\"https:\/\/actiontremblant.com\/wp-content\/uploads\/2020\/12\/down-arrow-1.png\" alt=\"\" \/><\/span><\/strong><\/span><\/p>\n[\/vc_column_text][\/vc_column_inner][\/vc_row_inner][vc_raw_html]PHNjcmlwdCB0eXBlPSJ0ZXh0L2phdmFzY3JpcHQiIHNyYz0iaHR0cHM6Ly9ib29rZW8uY29tL3dpZGdldC5qcz9hPTQxNTc1WUxYVEhZMTZFNUM2MzZENTEiPjwvc2NyaXB0Pg==[\/vc_raw_html][\/vc_column][\/vc_row][vc_row css=\u00a0\u00bb.vc_custom_1689258412676{padding-top: 25px !important;padding-bottom: 25px !important;background-color: #dd0000 !important;}\u00a0\u00bb][vc_column]<div id=\"ultimate-heading-113769f1d80c6c578\" class=\"uvc-heading ult-adjust-bottom-margin ultimate-heading-113769f1d80c6c578 uvc-1845 \" data-hspacer=\"no_spacer\"  data-halign=\"center\" style=\"text-align:center\"><div class=\"uvc-heading-spacer no_spacer\" style=\"top\"><\/div><div class=\"uvc-sub-heading ult-responsive\"  data-ultimate-target='.uvc-heading.ultimate-heading-113769f1d80c6c578 .uvc-sub-heading '  data-responsive-json-new='{\"font-size\":\"desktop:25px;\",\"line-height\":\"\"}'  style=\"font-weight:normal;color:#ffffff;\">\n<p style=\"text-align: center;\">Appelez-nous:<br \/>\n<a style=\"color: white;\" href=\"tel: +1 819 833-1293\">+1 819 833-1293<\/a><\/p>\n<\/div><\/div>[\/vc_column][\/vc_row][vc_row css=\u00a0\u00bb.vc_custom_1689258962221{padding-top: 50px !important;padding-bottom: 10px !important;}\u00a0\u00bb][vc_column][vc_raw_html]JTNDaWZyYW1lJTIwc3JjJTNEJTIyaHR0cHMlM0ElMkYlMkZib29rZW8uY29tJTJGYWN0aW9udHJlbWJsYW50JTJGcmV2aWV3cyUzRnJvd3MlM0QxJTI2YW1wJTNCY29sdW1ucyUzRDMlMjIlMjB3aWR0aCUzRCUyMjEyMDAlMjIlMjBoZWlnaHQlM0QlMjI0NTAlMjIlMjBmcmFtZWJvcmRlciUzRCUyMjAlMjIlM0UlM0MlMkZpZnJhbWUlM0U=[\/vc_raw_html][\/vc_column][\/vc_row]\n","protected":false},"excerpt":{"rendered":"<p>[vc_row layout=\u00a0\u00bbwide\u00a0\u00bb enable_shape_divider=\u00a0\u00bbtrue\u00a0\u00bb shape_divider_color=\u00a0\u00bb#dd0000&Prime; shape_divider_height=\u00a0\u00bb65&Prime; css=\u00a0\u00bb.vc_custom_1592846860004{padding-bottom: 25px !important;background-image: url(https:\/\/actiontremblant.com\/wp-content\/uploads\/2020\/05\/Flying-over-forest-with-zip-line.jpg?id=5416) !important;background-position: center !important;background-repeat: no-repeat !important;background-size: cover !important;}\u00a0\u00bb shape_type=\u00a0\u00bbtilt\u00a0\u00bb][vc_column width=\u00a0\u00bb1\/3&Prime; css=\u00a0\u00bb.vc_custom_1575229870794{padding-top: 10px !important;}\u00a0\u00bb][vc_single_image image=\u00a0\u00bb4303&Prime; img_size=\u00a0\u00bb120&#215;182&Prime; alignment=\u00a0\u00bbcenter\u00a0\u00bb][\/vc_column][vc_column width=\u00a0\u00bb1\/3&Prime;][\/vc_column][vc_column width=\u00a0\u00bb1\/3&Prime;][vc_custom_heading text=\u00a0\u00bbR\u00c9SERVEZ ICI\u00a0\u00bb font_container=\u00a0\u00bbtag:p|font_size:55|text_align:left|color:%23dd0000&Prime; google_fonts=\u00a0\u00bbfont_family:Oswald%3A300%2Cregular%2C700|font_style:700%20bold%20regular%3A700%3Anormal\u00a0\u00bb css=\u00a0\u00bb.vc_custom_1575237192458{padding-top: 200px !important;}\u00a0\u00bb][\/vc_column][\/vc_row][vc_row layout=\u00a0\u00bbwide\u00a0\u00bb gap=\u00a0\u00bb10&Prime; content_placement=\u00a0\u00bbmiddle\u00a0\u00bb][vc_column][vc_column_text css=\u00a0\u00bb.vc_custom_1575859723944{padding-top: 15px !important;padding-bottom: 20px !important;}\u00a0\u00bb] ACTION TREMBLANT ACTIVIT\u00c9S S\u00e9lectionnez l&rsquo;activit\u00e9 ci-dessous [\/vc_column_text][\/vc_column][\/vc_row][vc_row disable_element=\u00a0\u00bbyes\u00a0\u00bb][vc_column][vc_custom_heading text=\u00a0\u00bbGagnez du temps et remplissez vos&#8230;<\/p>\n","protected":false},"author":1,"featured_media":0,"parent":0,"menu_order":0,"comment_status":"closed","ping_status":"closed","template":"page-full.php","meta":{"footnotes":""},"class_list":["post-4832","page","type-page","status-publish","hentry"],"yoast_head":"<!-- This site is optimized with the Yoast SEO Premium plugin v20.9 (Yoast SEO v27.5) - https:\/\/yoast.com\/product\/yoast-seo-premium-wordpress\/ -->\n<title>Activit\u00e9s \u00e0 Mont-Tremblant - R\u00e9servez maintenant<\/title>\n<meta name=\"description\" content=\"Activit\u00e9s \u00e0 Mont-Tremblant\" \/>\n<meta name=\"robots\" content=\"index, follow, max-snippet:-1, max-image-preview:large, max-video-preview:-1\" \/>\n<link rel=\"canonical\" href=\"https:\/\/actiontremblant.com\/fr\/reservez\/\" \/>\n<meta property=\"og:locale\" content=\"fr_FR\" \/>\n<meta property=\"og:type\" content=\"article\" \/>\n<meta property=\"og:title\" content=\"Activit\u00e9s \u00e0 Mont-Tremblant - r\u00e9servez maintenant\" \/>\n<meta property=\"og:description\" content=\"Activit\u00e9s \u00e0 Mont-Tremblant\" \/>\n<meta property=\"og:url\" content=\"https:\/\/actiontremblant.com\/fr\/reservez\/\" \/>\n<meta property=\"og:site_name\" content=\"Action Tremblant Activities\" \/>\n<meta property=\"article:publisher\" content=\"https:\/\/www.facebook.com\/Action-Tremblant-2398094523806257\/\" \/>\n<meta property=\"article:modified_time\" content=\"2023-07-13T14:36:05+00:00\" \/>\n<meta property=\"og:image\" content=\"https:\/\/actiontremblant.com\/wp-content\/uploads\/2020\/12\/down-arrow-1.png\" \/>\n<meta name=\"twitter:card\" content=\"summary_large_image\" \/>\n<meta name=\"twitter:label1\" content=\"Dur\u00e9e de lecture estim\u00e9e\" \/>\n\t<meta name=\"twitter:data1\" content=\"1 minute\" \/>\n<script type=\"application\/ld+json\" class=\"yoast-schema-graph\">{\"@context\":\"https:\\\/\\\/schema.org\",\"@graph\":[{\"@type\":\"WebPage\",\"@id\":\"https:\\\/\\\/actiontremblant.com\\\/fr\\\/reservez\\\/\",\"url\":\"https:\\\/\\\/actiontremblant.com\\\/fr\\\/reservez\\\/\",\"name\":\"Activit\u00e9s \u00e0 Mont-Tremblant - R\u00e9servez maintenant\",\"isPartOf\":{\"@id\":\"https:\\\/\\\/actiontremblant.com\\\/fr\\\/#website\"},\"primaryImageOfPage\":{\"@id\":\"https:\\\/\\\/actiontremblant.com\\\/fr\\\/reservez\\\/#primaryimage\"},\"image\":{\"@id\":\"https:\\\/\\\/actiontremblant.com\\\/fr\\\/reservez\\\/#primaryimage\"},\"thumbnailUrl\":\"https:\\\/\\\/actiontremblant.com\\\/wp-content\\\/uploads\\\/2020\\\/12\\\/down-arrow-1.png\",\"datePublished\":\"2019-12-13T02:47:31+00:00\",\"dateModified\":\"2023-07-13T14:36:05+00:00\",\"description\":\"Activit\u00e9s \u00e0 Mont-Tremblant\",\"breadcrumb\":{\"@id\":\"https:\\\/\\\/actiontremblant.com\\\/fr\\\/reservez\\\/#breadcrumb\"},\"inLanguage\":\"fr-FR\",\"potentialAction\":[{\"@type\":\"ReadAction\",\"target\":[\"https:\\\/\\\/actiontremblant.com\\\/fr\\\/reservez\\\/\"]}]},{\"@type\":\"ImageObject\",\"inLanguage\":\"fr-FR\",\"@id\":\"https:\\\/\\\/actiontremblant.com\\\/fr\\\/reservez\\\/#primaryimage\",\"url\":\"https:\\\/\\\/actiontremblant.com\\\/wp-content\\\/uploads\\\/2020\\\/12\\\/down-arrow-1.png\",\"contentUrl\":\"https:\\\/\\\/actiontremblant.com\\\/wp-content\\\/uploads\\\/2020\\\/12\\\/down-arrow-1.png\"},{\"@type\":\"BreadcrumbList\",\"@id\":\"https:\\\/\\\/actiontremblant.com\\\/fr\\\/reservez\\\/#breadcrumb\",\"itemListElement\":[{\"@type\":\"ListItem\",\"position\":1,\"name\":\"Home\",\"item\":\"https:\\\/\\\/actiontremblant.com\\\/fr\\\/\"},{\"@type\":\"ListItem\",\"position\":2,\"name\":\"Activit\u00e9s \u00e0 Mont-Tremblant &#8211; r\u00e9servez maintenant\"}]},{\"@type\":\"WebSite\",\"@id\":\"https:\\\/\\\/actiontremblant.com\\\/fr\\\/#website\",\"url\":\"https:\\\/\\\/actiontremblant.com\\\/fr\\\/\",\"name\":\"Action Tremblant activities\",\"description\":\"Offering 365 days of outdoor activities.\",\"publisher\":{\"@id\":\"https:\\\/\\\/actiontremblant.com\\\/fr\\\/#organization\"},\"potentialAction\":[{\"@type\":\"SearchAction\",\"target\":{\"@type\":\"EntryPoint\",\"urlTemplate\":\"https:\\\/\\\/actiontremblant.com\\\/fr\\\/?s={search_term_string}\"},\"query-input\":{\"@type\":\"PropertyValueSpecification\",\"valueRequired\":true,\"valueName\":\"search_term_string\"}}],\"inLanguage\":\"fr-FR\"},{\"@type\":\"Organization\",\"@id\":\"https:\\\/\\\/actiontremblant.com\\\/fr\\\/#organization\",\"name\":\"Action Tremblant activities\",\"url\":\"https:\\\/\\\/actiontremblant.com\\\/fr\\\/\",\"logo\":{\"@type\":\"ImageObject\",\"inLanguage\":\"fr-FR\",\"@id\":\"https:\\\/\\\/actiontremblant.com\\\/fr\\\/#\\\/schema\\\/logo\\\/image\\\/\",\"url\":\"https:\\\/\\\/actiontremblant.com\\\/wp-content\\\/uploads\\\/2019\\\/11\\\/NEW-ACTION-LOGO400-2.png\",\"contentUrl\":\"https:\\\/\\\/actiontremblant.com\\\/wp-content\\\/uploads\\\/2019\\\/11\\\/NEW-ACTION-LOGO400-2.png\",\"width\":260,\"height\":151,\"caption\":\"Action Tremblant activities\"},\"image\":{\"@id\":\"https:\\\/\\\/actiontremblant.com\\\/fr\\\/#\\\/schema\\\/logo\\\/image\\\/\"},\"sameAs\":[\"https:\\\/\\\/www.facebook.com\\\/Action-Tremblant-2398094523806257\\\/\",\"https:\\\/\\\/www.instagram.com\\\/action_tremblant\\\/\"]}]}<\/script>\n<!-- \/ Yoast SEO Premium plugin. -->","yoast_head_json":{"title":"Activit\u00e9s \u00e0 Mont-Tremblant - R\u00e9servez maintenant","description":"Activit\u00e9s \u00e0 Mont-Tremblant","robots":{"index":"index","follow":"follow","max-snippet":"max-snippet:-1","max-image-preview":"max-image-preview:large","max-video-preview":"max-video-preview:-1"},"canonical":"https:\/\/actiontremblant.com\/fr\/reservez\/","og_locale":"fr_FR","og_type":"article","og_title":"Activit\u00e9s \u00e0 Mont-Tremblant - r\u00e9servez maintenant","og_description":"Activit\u00e9s \u00e0 Mont-Tremblant","og_url":"https:\/\/actiontremblant.com\/fr\/reservez\/","og_site_name":"Action Tremblant Activities","article_publisher":"https:\/\/www.facebook.com\/Action-Tremblant-2398094523806257\/","article_modified_time":"2023-07-13T14:36:05+00:00","og_image":[{"url":"https:\/\/actiontremblant.com\/wp-content\/uploads\/2020\/12\/down-arrow-1.png","type":"","width":"","height":""}],"twitter_card":"summary_large_image","twitter_misc":{"Dur\u00e9e de lecture estim\u00e9e":"1 minute"},"schema":{"@context":"https:\/\/schema.org","@graph":[{"@type":"WebPage","@id":"https:\/\/actiontremblant.com\/fr\/reservez\/","url":"https:\/\/actiontremblant.com\/fr\/reservez\/","name":"Activit\u00e9s \u00e0 Mont-Tremblant - R\u00e9servez maintenant","isPartOf":{"@id":"https:\/\/actiontremblant.com\/fr\/#website"},"primaryImageOfPage":{"@id":"https:\/\/actiontremblant.com\/fr\/reservez\/#primaryimage"},"image":{"@id":"https:\/\/actiontremblant.com\/fr\/reservez\/#primaryimage"},"thumbnailUrl":"https:\/\/actiontremblant.com\/wp-content\/uploads\/2020\/12\/down-arrow-1.png","datePublished":"2019-12-13T02:47:31+00:00","dateModified":"2023-07-13T14:36:05+00:00","description":"Activit\u00e9s \u00e0 Mont-Tremblant","breadcrumb":{"@id":"https:\/\/actiontremblant.com\/fr\/reservez\/#breadcrumb"},"inLanguage":"fr-FR","potentialAction":[{"@type":"ReadAction","target":["https:\/\/actiontremblant.com\/fr\/reservez\/"]}]},{"@type":"ImageObject","inLanguage":"fr-FR","@id":"https:\/\/actiontremblant.com\/fr\/reservez\/#primaryimage","url":"https:\/\/actiontremblant.com\/wp-content\/uploads\/2020\/12\/down-arrow-1.png","contentUrl":"https:\/\/actiontremblant.com\/wp-content\/uploads\/2020\/12\/down-arrow-1.png"},{"@type":"BreadcrumbList","@id":"https:\/\/actiontremblant.com\/fr\/reservez\/#breadcrumb","itemListElement":[{"@type":"ListItem","position":1,"name":"Home","item":"https:\/\/actiontremblant.com\/fr\/"},{"@type":"ListItem","position":2,"name":"Activit\u00e9s \u00e0 Mont-Tremblant &#8211; r\u00e9servez maintenant"}]},{"@type":"WebSite","@id":"https:\/\/actiontremblant.com\/fr\/#website","url":"https:\/\/actiontremblant.com\/fr\/","name":"Action Tremblant activities","description":"Offering 365 days of outdoor activities.","publisher":{"@id":"https:\/\/actiontremblant.com\/fr\/#organization"},"potentialAction":[{"@type":"SearchAction","target":{"@type":"EntryPoint","urlTemplate":"https:\/\/actiontremblant.com\/fr\/?s={search_term_string}"},"query-input":{"@type":"PropertyValueSpecification","valueRequired":true,"valueName":"search_term_string"}}],"inLanguage":"fr-FR"},{"@type":"Organization","@id":"https:\/\/actiontremblant.com\/fr\/#organization","name":"Action Tremblant activities","url":"https:\/\/actiontremblant.com\/fr\/","logo":{"@type":"ImageObject","inLanguage":"fr-FR","@id":"https:\/\/actiontremblant.com\/fr\/#\/schema\/logo\/image\/","url":"https:\/\/actiontremblant.com\/wp-content\/uploads\/2019\/11\/NEW-ACTION-LOGO400-2.png","contentUrl":"https:\/\/actiontremblant.com\/wp-content\/uploads\/2019\/11\/NEW-ACTION-LOGO400-2.png","width":260,"height":151,"caption":"Action Tremblant activities"},"image":{"@id":"https:\/\/actiontremblant.com\/fr\/#\/schema\/logo\/image\/"},"sameAs":["https:\/\/www.facebook.com\/Action-Tremblant-2398094523806257\/","https:\/\/www.instagram.com\/action_tremblant\/"]}]}},"jetpack_sharing_enabled":true,"_links":{"self":[{"href":"https:\/\/actiontremblant.com\/fr\/wp-json\/wp\/v2\/pages\/4832","targetHints":{"allow":["GET"]}}],"collection":[{"href":"https:\/\/actiontremblant.com\/fr\/wp-json\/wp\/v2\/pages"}],"about":[{"href":"https:\/\/actiontremblant.com\/fr\/wp-json\/wp\/v2\/types\/page"}],"author":[{"embeddable":true,"href":"https:\/\/actiontremblant.com\/fr\/wp-json\/wp\/v2\/users\/1"}],"replies":[{"embeddable":true,"href":"https:\/\/actiontremblant.com\/fr\/wp-json\/wp\/v2\/comments?post=4832"}],"version-history":[{"count":30,"href":"https:\/\/actiontremblant.com\/fr\/wp-json\/wp\/v2\/pages\/4832\/revisions"}],"predecessor-version":[{"id":12721,"href":"https:\/\/actiontremblant.com\/fr\/wp-json\/wp\/v2\/pages\/4832\/revisions\/12721"}],"wp:attachment":[{"href":"https:\/\/actiontremblant.com\/fr\/wp-json\/wp\/v2\/media?parent=4832"}],"curies":[{"name":"wp","href":"https:\/\/api.w.org\/{rel}","templated":true}]}}