{"id":4813,"date":"2019-12-12T21:00:46","date_gmt":"2019-12-12T21:00:46","guid":{"rendered":"https:\/\/actiontremblant.com\/politique-dannulation\/"},"modified":"2020-05-14T16:17:33","modified_gmt":"2020-05-14T16:17:33","slug":"politique-dannulation","status":"publish","type":"page","link":"https:\/\/actiontremblant.com\/fr\/politique-dannulation\/","title":{"rendered":"Politique d\u2019annulation"},"content":{"rendered":"[vc_row layout=\u00a0\u00bbwide\u00a0\u00bb enable_bot_shape_divider=\u00a0\u00bbtrue\u00a0\u00bb bot_shape_divider_color=\u00a0\u00bb#dd0000&Prime; bot_shape_divider_bring_to_front=\u00a0\u00bbtrue\u00a0\u00bb css=\u00a0\u00bb.vc_custom_1575250154577{padding-top: 180px !important;background-image: url(https:\/\/actiontremblant.com\/wp-content\/uploads\/2019\/12\/Fat-biking-in-the-forest-1.jpg?id=4346) !important;background-position: center !important;background-repeat: no-repeat !important;background-size: cover !important;}\u00a0\u00bb bot_shape_type=\u00a0\u00bbrocks_op\u00a0\u00bb][vc_column width=\u00a0\u00bb1\/3&Prime;][vc_single_image image=\u00a0\u00bb4332&Prime; img_size=\u00a0\u00bb140&#215;158&Prime; alignment=\u00a0\u00bbcenter\u00a0\u00bb][\/vc_column][vc_column width=\u00a0\u00bb1\/3&Prime;][\/vc_column][vc_column width=\u00a0\u00bb1\/3&Prime;][vc_custom_heading text=\u00a0\u00bbPOLITIQUE D\u2019ANNULATION \u00a0\u00bb font_container=\u00a0\u00bbtag:p|font_size:40|text_align:left|color:%23dd0000&Prime; google_fonts=\u00a0\u00bbfont_family:Oswald%3A300%2Cregular%2C700|font_style:700%20bold%20regular%3A700%3Anormal\u00a0\u00bb css=\u00a0\u00bb.vc_custom_1575321487896{padding-top: 30px !important;padding-bottom: 90px !important;}\u00a0\u00bb][\/vc_column][\/vc_row][vc_row gap=\u00a0\u00bb35&Prime;][vc_column][\/vc_column][\/vc_row][vc_row gap=\u00a0\u00bb25&Prime;][vc_column width=\u00a0\u00bb3\/4&Prime;][vc_column_text css=\u00a0\u00bb.vc_custom_1575250596764{padding-bottom: 20px !important;}\u00a0\u00bb]\n<p style=\"text-align: center;\"><span style=\"color: #444444;\"><span style=\"font-size: 24px;\"><span style=\"font-family: oswald,serif;\">POLITIQUE D\u2019ANNULATION, TERMES ET CONDITIONS<\/span><\/span><\/span><\/p>\n[\/vc_column_text][vc_column_text css=\u00a0\u00bb.vc_custom_1575250891914{padding-bottom: 50px !important;}\u00a0\u00bb]\n<p style=\"text-align: justify;\"><span style=\"font-weight: 400;\">Quand vous achetez une activit\u00e9 guid\u00e9e chez Action Tremblant, nous nous engageons \u00e0 r\u00e9servez vos places et possiblement refuser d\u2019autres visiteurs pour ce m\u00eame jour \u00e0 la m\u00eame heure. De ce fait, veuillez comprendre que nous devons \u00eatre stricte avec notre politique d\u2019annulation et de remboursement.<\/span><\/p>\n<p style=\"text-align: justify;\"><span style=\"font-weight: 400;\">Le r\u00e8glement de la totalit\u00e9 de la somme est requis au moment de la r\u00e9servation.<\/span><\/p>\n<p style=\"text-align: justify;\"><span style=\"font-weight: 400;\">Toute annulation faite moins de 48h avant le d\u00e9part pour l&rsquo;activit\u00e9 n\u2019est pas remboursable. Nous n\u2019effectuons aucun remboursements, cr\u00e9dits, ou changements de r\u00e9servation \u00e0 moins de 48h avant l&rsquo;activit\u00e9. Les annulations faites \u00e0 plus de 48h avant l&rsquo;activit\u00e9 r\u00e9serv\u00e9e seront rembours\u00e9s. Des frais de $5.00 seront d\u00e9bit\u00e9es pour chaque ticket annul\u00e9.<\/span><\/p>\n<p style=\"text-align: justify;\"><span style=\"font-weight: 400;\">Nous n\u2019effectuons aucun remboursement, cr\u00e9dits, ou changement de r\u00e9servation pour les personnes manquantes ou en retard. Les tickets sont uniquement valides pour la date et l\u2019heure pr\u00e9vue au moment de l\u2019achat. Il est important d\u2019arriver \u00e0 l\u2019heure, ou 30 minutes \u00e0 l\u2019avance de pr\u00e9f\u00e9rence. Les tickets ne seront plus valables si vous n&rsquo;\u00eates pas pr\u00e9sent au d\u00e9part de l&rsquo;activit\u00e9 \u00e0 l\u2019heure sp\u00e9cifi\u00e9e.<\/span><\/p>\n<p style=\"text-align: justify;\"><span style=\"font-weight: 400;\">Nos activit\u00e9s se d\u00e9roulent sous la pluie ou le soleil.<\/span><\/p>\n<p style=\"text-align: justify;\"><span style=\"font-weight: 400;\">En raison de nos cr\u00e9neaux limit\u00e9, nous devons \u00eatres tr\u00e8s strictes avec notre politique d&rsquo;annulation, et nos terms &amp; conditions. Nous regrettons ne pas pouvoir faire d\u2019exceptions \u00e0 cette politique d\u2019annulation et de remboursement pour les urgences personnelles, maladies, personnes manquants, ou condition m\u00e9t\u00e9orologiques.<\/span><\/p>\n[\/vc_column_text][\/vc_column][vc_column width=\u00a0\u00bb1\/4&Prime; css=\u00a0\u00bb.vc_custom_1575250975812{padding-top: 60px !important;}\u00a0\u00bb][vc_button title=\u00a0\u00bbR\u00c9SERVEZ MAINTENANT\u00a0\u00bb target=\u00a0\u00bb_blank\u00a0\u00bb shape=\u00a0\u00bbrounded\u00a0\u00bb size=\u00a0\u00bblarge\u00a0\u00bb color=\u00a0\u00bbcustom\u00a0\u00bb custom_font_size=\u00a0\u00bb16&Prime; custom_font_weight=\u00a0\u00bb600&Prime; custom_color=\u00a0\u00bb#dd0000&Prime; custom_border_color=\u00a0\u00bb#dd0000&Prime; button_border_width=\u00a0\u00bb\u00a0\u00bb custom_text_color_hover=\u00a0\u00bb\u00a0\u00bb custom_color_hover=\u00a0\u00bb\u00a0\u00bb custom_border_color_hover=\u00a0\u00bb\u00a0\u00bb padding_lr=\u00a0\u00bb21px\u00a0\u00bb href=\u00a0\u00bbhttps:%2F%2Factiontremblant.com%2Fbook-now%2F|\u00a0\u00bb][vc_row_inner][vc_column_inner css=\u00a0\u00bb.vc_custom_1575251550347{padding-top: 25px !important;}\u00a0\u00bb][vc_button title=\u00a0\u00bbACHETEZ UNE CARTE CADEAU\u00a0\u00bb target=\u00a0\u00bb_blank\u00a0\u00bb shape=\u00a0\u00bbrounded\u00a0\u00bb size=\u00a0\u00bblarge\u00a0\u00bb color=\u00a0\u00bbcustom\u00a0\u00bb custom_font_size=\u00a0\u00bb16&Prime; custom_font_weight=\u00a0\u00bb600&Prime; custom_text_color=\u00a0\u00bb#dd0000&Prime; custom_color=\u00a0\u00bb#ffffff\u00a0\u00bb custom_border_color=\u00a0\u00bb\u00a0\u00bb button_border_width=\u00a0\u00bb\u00a0\u00bb custom_text_color_hover=\u00a0\u00bb\u00a0\u00bb custom_color_hover=\u00a0\u00bb\u00a0\u00bb custom_border_color_hover=\u00a0\u00bb\u00a0\u00bb padding_lr=\u00a0\u00bb17px\u00a0\u00bb href=\u00a0\u00bbhttps:%2F%2Fbookeo.com%2Factiontremblant%2Fbuyvoucher|\u00a0\u00bb][\/vc_column_inner][\/vc_row_inner][vc_row_inner][vc_column_inner css=\u00a0\u00bb.vc_custom_1575251550347{padding-top: 25px !important;}\u00a0\u00bb][vc_button title=\u00a0\u00bbD\u00c9CHARGE \u00c0 SINGER\u00a0\u00bb target=\u00a0\u00bb_blank\u00a0\u00bb shape=\u00a0\u00bbrounded\u00a0\u00bb size=\u00a0\u00bblarge\u00a0\u00bb color=\u00a0\u00bbcustom\u00a0\u00bb custom_font_size=\u00a0\u00bb16&Prime; custom_font_weight=\u00a0\u00bb600&Prime; custom_color=\u00a0\u00bb#dd0000&Prime; custom_border_color=\u00a0\u00bb#dd0000&Prime; button_border_width=\u00a0\u00bb\u00a0\u00bb custom_text_color_hover=\u00a0\u00bb\u00a0\u00bb custom_color_hover=\u00a0\u00bb\u00a0\u00bb custom_border_color_hover=\u00a0\u00bb\u00a0\u00bb padding_lr=\u00a0\u00bb24px\u00a0\u00bb href=\u00a0\u00bbhttps:%2F%2Fwaiver.smartwaiver.com%2Fw%2F5de05f548eb6b%2Fweb%2F|\u00a0\u00bb][\/vc_column_inner][\/vc_row_inner][\/vc_column][\/vc_row][vc_row][vc_column][\/vc_column][\/vc_row]\n","protected":false},"excerpt":{"rendered":"<p>[vc_row layout=\u00a0\u00bbwide\u00a0\u00bb enable_bot_shape_divider=\u00a0\u00bbtrue\u00a0\u00bb bot_shape_divider_color=\u00a0\u00bb#dd0000&Prime; bot_shape_divider_bring_to_front=\u00a0\u00bbtrue\u00a0\u00bb css=\u00a0\u00bb.vc_custom_1575250154577{padding-top: 180px !important;background-image: url(https:\/\/actiontremblant.com\/wp-content\/uploads\/2019\/12\/Fat-biking-in-the-forest-1.jpg?id=4346) !important;background-position: center !important;background-repeat: no-repeat !important;background-size: cover !important;}\u00a0\u00bb bot_shape_type=\u00a0\u00bbrocks_op\u00a0\u00bb][vc_column width=\u00a0\u00bb1\/3&Prime;][vc_single_image image=\u00a0\u00bb4332&Prime; img_size=\u00a0\u00bb140&#215;158&Prime; alignment=\u00a0\u00bbcenter\u00a0\u00bb][\/vc_column][vc_column width=\u00a0\u00bb1\/3&Prime;][\/vc_column][vc_column width=\u00a0\u00bb1\/3&Prime;][vc_custom_heading text=\u00a0\u00bbPOLITIQUE D\u2019ANNULATION \u00a0\u00bb font_container=\u00a0\u00bbtag:p|font_size:40|text_align:left|color:%23dd0000&Prime; google_fonts=\u00a0\u00bbfont_family:Oswald%3A300%2Cregular%2C700|font_style:700%20bold%20regular%3A700%3Anormal\u00a0\u00bb css=\u00a0\u00bb.vc_custom_1575321487896{padding-top: 30px !important;padding-bottom: 90px !important;}\u00a0\u00bb][\/vc_column][\/vc_row][vc_row gap=\u00a0\u00bb35&Prime;][vc_column][\/vc_column][\/vc_row][vc_row gap=\u00a0\u00bb25&Prime;][vc_column width=\u00a0\u00bb3\/4&Prime;][vc_column_text css=\u00a0\u00bb.vc_custom_1575250596764{padding-bottom: 20px !important;}\u00a0\u00bb] POLITIQUE D\u2019ANNULATION, TERMES ET CONDITIONS [\/vc_column_text][vc_column_text css=\u00a0\u00bb.vc_custom_1575250891914{padding-bottom: 50px !important;}\u00a0\u00bb] Quand vous achetez une activit\u00e9 guid\u00e9e chez&#8230;<\/p>\n","protected":false},"author":1,"featured_media":0,"parent":0,"menu_order":0,"comment_status":"closed","ping_status":"closed","template":"page-full.php","meta":{"footnotes":""},"class_list":["post-4813","page","type-page","status-publish","hentry"],"yoast_head":"<!-- This site is optimized with the Yoast SEO Premium plugin v20.9 (Yoast SEO v27.3) - https:\/\/yoast.com\/product\/yoast-seo-premium-wordpress\/ -->\n<title>Politique d\u2019annulation : Action Tremblant Activities<\/title>\n<meta name=\"robots\" content=\"index, follow, max-snippet:-1, max-image-preview:large, max-video-preview:-1\" \/>\n<link rel=\"canonical\" href=\"https:\/\/actiontremblant.com\/fr\/politique-dannulation\/\" \/>\n<meta property=\"og:locale\" content=\"fr_FR\" \/>\n<meta property=\"og:type\" content=\"article\" \/>\n<meta property=\"og:title\" content=\"Politique d\u2019annulation\" \/>\n<meta property=\"og:description\" content=\"[vc_row layout=\u00a0\u00bbwide\u00a0\u00bb enable_bot_shape_divider=\u00a0\u00bbtrue\u00a0\u00bb bot_shape_divider_color=\u00a0\u00bb#dd0000&Prime; bot_shape_divider_bring_to_front=\u00a0\u00bbtrue\u00a0\u00bb css=\u00a0\u00bb.vc_custom_1575250154577{padding-top: 180px !important;background-image: url(https:\/\/actiontremblant.com\/wp-content\/uploads\/2019\/12\/Fat-biking-in-the-forest-1.jpg?id=4346) !important;background-position: center !important;background-repeat: no-repeat !important;background-size: cover !important;}\u00a0\u00bb bot_shape_type=\u00a0\u00bbrocks_op\u00a0\u00bb][vc_column width=\u00a0\u00bb1\/3&Prime;][vc_single_image image=\u00a0\u00bb4332&Prime; img_size=\u00a0\u00bb140&#215;158&Prime; alignment=\u00a0\u00bbcenter\u00a0\u00bb][\/vc_column][vc_column width=\u00a0\u00bb1\/3&Prime;][\/vc_column][vc_column width=\u00a0\u00bb1\/3&Prime;][vc_custom_heading text=\u00a0\u00bbPOLITIQUE D\u2019ANNULATION \u00a0\u00bb font_container=\u00a0\u00bbtag:p|font_size:40|text_align:left|color:%23dd0000&Prime; google_fonts=\u00a0\u00bbfont_family:Oswald%3A300%2Cregular%2C700|font_style:700%20bold%20regular%3A700%3Anormal\u00a0\u00bb css=\u00a0\u00bb.vc_custom_1575321487896{padding-top: 30px !important;padding-bottom: 90px !important;}\u00a0\u00bb][\/vc_column][\/vc_row][vc_row gap=\u00a0\u00bb35&Prime;][vc_column][\/vc_column][\/vc_row][vc_row gap=\u00a0\u00bb25&Prime;][vc_column width=\u00a0\u00bb3\/4&Prime;][vc_column_text css=\u00a0\u00bb.vc_custom_1575250596764{padding-bottom: 20px !important;}\u00a0\u00bb] POLITIQUE D\u2019ANNULATION, TERMES ET CONDITIONS [\/vc_column_text][vc_column_text css=\u00a0\u00bb.vc_custom_1575250891914{padding-bottom: 50px !important;}\u00a0\u00bb] Quand vous achetez une activit\u00e9 guid\u00e9e chez...\" \/>\n<meta property=\"og:url\" content=\"https:\/\/actiontremblant.com\/fr\/politique-dannulation\/\" \/>\n<meta property=\"og:site_name\" content=\"Action Tremblant Activities\" \/>\n<meta property=\"article:publisher\" content=\"https:\/\/www.facebook.com\/Action-Tremblant-2398094523806257\/\" \/>\n<meta property=\"article:modified_time\" content=\"2020-05-14T16:17:33+00:00\" \/>\n<meta name=\"twitter:card\" content=\"summary_large_image\" \/>\n<meta name=\"twitter:label1\" content=\"Dur\u00e9e de lecture estim\u00e9e\" \/>\n\t<meta name=\"twitter:data1\" content=\"3 minutes\" \/>\n<script type=\"application\/ld+json\" class=\"yoast-schema-graph\">{\"@context\":\"https:\\\/\\\/schema.org\",\"@graph\":[{\"@type\":\"WebPage\",\"@id\":\"https:\\\/\\\/actiontremblant.com\\\/fr\\\/politique-dannulation\\\/\",\"url\":\"https:\\\/\\\/actiontremblant.com\\\/fr\\\/politique-dannulation\\\/\",\"name\":\"Politique d\u2019annulation : Action Tremblant Activities\",\"isPartOf\":{\"@id\":\"https:\\\/\\\/actiontremblant.com\\\/fr\\\/#website\"},\"datePublished\":\"2019-12-12T21:00:46+00:00\",\"dateModified\":\"2020-05-14T16:17:33+00:00\",\"breadcrumb\":{\"@id\":\"https:\\\/\\\/actiontremblant.com\\\/fr\\\/politique-dannulation\\\/#breadcrumb\"},\"inLanguage\":\"fr-FR\",\"potentialAction\":[{\"@type\":\"ReadAction\",\"target\":[\"https:\\\/\\\/actiontremblant.com\\\/fr\\\/politique-dannulation\\\/\"]}]},{\"@type\":\"BreadcrumbList\",\"@id\":\"https:\\\/\\\/actiontremblant.com\\\/fr\\\/politique-dannulation\\\/#breadcrumb\",\"itemListElement\":[{\"@type\":\"ListItem\",\"position\":1,\"name\":\"Home\",\"item\":\"https:\\\/\\\/actiontremblant.com\\\/fr\\\/\"},{\"@type\":\"ListItem\",\"position\":2,\"name\":\"Politique d\u2019annulation\"}]},{\"@type\":\"WebSite\",\"@id\":\"https:\\\/\\\/actiontremblant.com\\\/fr\\\/#website\",\"url\":\"https:\\\/\\\/actiontremblant.com\\\/fr\\\/\",\"name\":\"Action Tremblant activities\",\"description\":\"Offering 365 days of outdoor activities.\",\"publisher\":{\"@id\":\"https:\\\/\\\/actiontremblant.com\\\/fr\\\/#organization\"},\"potentialAction\":[{\"@type\":\"SearchAction\",\"target\":{\"@type\":\"EntryPoint\",\"urlTemplate\":\"https:\\\/\\\/actiontremblant.com\\\/fr\\\/?s={search_term_string}\"},\"query-input\":{\"@type\":\"PropertyValueSpecification\",\"valueRequired\":true,\"valueName\":\"search_term_string\"}}],\"inLanguage\":\"fr-FR\"},{\"@type\":\"Organization\",\"@id\":\"https:\\\/\\\/actiontremblant.com\\\/fr\\\/#organization\",\"name\":\"Action Tremblant activities\",\"url\":\"https:\\\/\\\/actiontremblant.com\\\/fr\\\/\",\"logo\":{\"@type\":\"ImageObject\",\"inLanguage\":\"fr-FR\",\"@id\":\"https:\\\/\\\/actiontremblant.com\\\/fr\\\/#\\\/schema\\\/logo\\\/image\\\/\",\"url\":\"https:\\\/\\\/actiontremblant.com\\\/wp-content\\\/uploads\\\/2019\\\/11\\\/NEW-ACTION-LOGO400-2.png\",\"contentUrl\":\"https:\\\/\\\/actiontremblant.com\\\/wp-content\\\/uploads\\\/2019\\\/11\\\/NEW-ACTION-LOGO400-2.png\",\"width\":260,\"height\":151,\"caption\":\"Action Tremblant activities\"},\"image\":{\"@id\":\"https:\\\/\\\/actiontremblant.com\\\/fr\\\/#\\\/schema\\\/logo\\\/image\\\/\"},\"sameAs\":[\"https:\\\/\\\/www.facebook.com\\\/Action-Tremblant-2398094523806257\\\/\",\"https:\\\/\\\/www.instagram.com\\\/action_tremblant\\\/\"]}]}<\/script>\n<!-- \/ Yoast SEO Premium plugin. -->","yoast_head_json":{"title":"Politique d\u2019annulation : Action Tremblant Activities","robots":{"index":"index","follow":"follow","max-snippet":"max-snippet:-1","max-image-preview":"max-image-preview:large","max-video-preview":"max-video-preview:-1"},"canonical":"https:\/\/actiontremblant.com\/fr\/politique-dannulation\/","og_locale":"fr_FR","og_type":"article","og_title":"Politique d\u2019annulation","og_description":"[vc_row layout=\u00a0\u00bbwide\u00a0\u00bb enable_bot_shape_divider=\u00a0\u00bbtrue\u00a0\u00bb bot_shape_divider_color=\u00a0\u00bb#dd0000&Prime; bot_shape_divider_bring_to_front=\u00a0\u00bbtrue\u00a0\u00bb css=\u00a0\u00bb.vc_custom_1575250154577{padding-top: 180px !important;background-image: url(https:\/\/actiontremblant.com\/wp-content\/uploads\/2019\/12\/Fat-biking-in-the-forest-1.jpg?id=4346) !important;background-position: center !important;background-repeat: no-repeat !important;background-size: cover !important;}\u00a0\u00bb bot_shape_type=\u00a0\u00bbrocks_op\u00a0\u00bb][vc_column width=\u00a0\u00bb1\/3&Prime;][vc_single_image image=\u00a0\u00bb4332&Prime; img_size=\u00a0\u00bb140&#215;158&Prime; alignment=\u00a0\u00bbcenter\u00a0\u00bb][\/vc_column][vc_column width=\u00a0\u00bb1\/3&Prime;][\/vc_column][vc_column width=\u00a0\u00bb1\/3&Prime;][vc_custom_heading text=\u00a0\u00bbPOLITIQUE D\u2019ANNULATION \u00a0\u00bb font_container=\u00a0\u00bbtag:p|font_size:40|text_align:left|color:%23dd0000&Prime; google_fonts=\u00a0\u00bbfont_family:Oswald%3A300%2Cregular%2C700|font_style:700%20bold%20regular%3A700%3Anormal\u00a0\u00bb css=\u00a0\u00bb.vc_custom_1575321487896{padding-top: 30px !important;padding-bottom: 90px !important;}\u00a0\u00bb][\/vc_column][\/vc_row][vc_row gap=\u00a0\u00bb35&Prime;][vc_column][\/vc_column][\/vc_row][vc_row gap=\u00a0\u00bb25&Prime;][vc_column width=\u00a0\u00bb3\/4&Prime;][vc_column_text css=\u00a0\u00bb.vc_custom_1575250596764{padding-bottom: 20px !important;}\u00a0\u00bb] POLITIQUE D\u2019ANNULATION, TERMES ET CONDITIONS [\/vc_column_text][vc_column_text css=\u00a0\u00bb.vc_custom_1575250891914{padding-bottom: 50px !important;}\u00a0\u00bb] Quand vous achetez une activit\u00e9 guid\u00e9e chez...","og_url":"https:\/\/actiontremblant.com\/fr\/politique-dannulation\/","og_site_name":"Action Tremblant Activities","article_publisher":"https:\/\/www.facebook.com\/Action-Tremblant-2398094523806257\/","article_modified_time":"2020-05-14T16:17:33+00:00","twitter_card":"summary_large_image","twitter_misc":{"Dur\u00e9e de lecture estim\u00e9e":"3 minutes"},"schema":{"@context":"https:\/\/schema.org","@graph":[{"@type":"WebPage","@id":"https:\/\/actiontremblant.com\/fr\/politique-dannulation\/","url":"https:\/\/actiontremblant.com\/fr\/politique-dannulation\/","name":"Politique d\u2019annulation : Action Tremblant Activities","isPartOf":{"@id":"https:\/\/actiontremblant.com\/fr\/#website"},"datePublished":"2019-12-12T21:00:46+00:00","dateModified":"2020-05-14T16:17:33+00:00","breadcrumb":{"@id":"https:\/\/actiontremblant.com\/fr\/politique-dannulation\/#breadcrumb"},"inLanguage":"fr-FR","potentialAction":[{"@type":"ReadAction","target":["https:\/\/actiontremblant.com\/fr\/politique-dannulation\/"]}]},{"@type":"BreadcrumbList","@id":"https:\/\/actiontremblant.com\/fr\/politique-dannulation\/#breadcrumb","itemListElement":[{"@type":"ListItem","position":1,"name":"Home","item":"https:\/\/actiontremblant.com\/fr\/"},{"@type":"ListItem","position":2,"name":"Politique d\u2019annulation"}]},{"@type":"WebSite","@id":"https:\/\/actiontremblant.com\/fr\/#website","url":"https:\/\/actiontremblant.com\/fr\/","name":"Action Tremblant activities","description":"Offering 365 days of outdoor activities.","publisher":{"@id":"https:\/\/actiontremblant.com\/fr\/#organization"},"potentialAction":[{"@type":"SearchAction","target":{"@type":"EntryPoint","urlTemplate":"https:\/\/actiontremblant.com\/fr\/?s={search_term_string}"},"query-input":{"@type":"PropertyValueSpecification","valueRequired":true,"valueName":"search_term_string"}}],"inLanguage":"fr-FR"},{"@type":"Organization","@id":"https:\/\/actiontremblant.com\/fr\/#organization","name":"Action Tremblant activities","url":"https:\/\/actiontremblant.com\/fr\/","logo":{"@type":"ImageObject","inLanguage":"fr-FR","@id":"https:\/\/actiontremblant.com\/fr\/#\/schema\/logo\/image\/","url":"https:\/\/actiontremblant.com\/wp-content\/uploads\/2019\/11\/NEW-ACTION-LOGO400-2.png","contentUrl":"https:\/\/actiontremblant.com\/wp-content\/uploads\/2019\/11\/NEW-ACTION-LOGO400-2.png","width":260,"height":151,"caption":"Action Tremblant activities"},"image":{"@id":"https:\/\/actiontremblant.com\/fr\/#\/schema\/logo\/image\/"},"sameAs":["https:\/\/www.facebook.com\/Action-Tremblant-2398094523806257\/","https:\/\/www.instagram.com\/action_tremblant\/"]}]}},"jetpack_sharing_enabled":true,"_links":{"self":[{"href":"https:\/\/actiontremblant.com\/fr\/wp-json\/wp\/v2\/pages\/4813","targetHints":{"allow":["GET"]}}],"collection":[{"href":"https:\/\/actiontremblant.com\/fr\/wp-json\/wp\/v2\/pages"}],"about":[{"href":"https:\/\/actiontremblant.com\/fr\/wp-json\/wp\/v2\/types\/page"}],"author":[{"embeddable":true,"href":"https:\/\/actiontremblant.com\/fr\/wp-json\/wp\/v2\/users\/1"}],"replies":[{"embeddable":true,"href":"https:\/\/actiontremblant.com\/fr\/wp-json\/wp\/v2\/comments?post=4813"}],"version-history":[{"count":3,"href":"https:\/\/actiontremblant.com\/fr\/wp-json\/wp\/v2\/pages\/4813\/revisions"}],"predecessor-version":[{"id":5514,"href":"https:\/\/actiontremblant.com\/fr\/wp-json\/wp\/v2\/pages\/4813\/revisions\/5514"}],"wp:attachment":[{"href":"https:\/\/actiontremblant.com\/fr\/wp-json\/wp\/v2\/media?parent=4813"}],"curies":[{"name":"wp","href":"https:\/\/api.w.org\/{rel}","templated":true}]}}