{"id":12596,"date":"2023-06-06T19:31:14","date_gmt":"2023-06-06T19:31:14","guid":{"rendered":"https:\/\/actiontremblant.com\/ono-spa\/"},"modified":"2023-06-14T13:58:36","modified_gmt":"2023-06-14T13:58:36","slug":"ono-spa","status":"publish","type":"page","link":"https:\/\/actiontremblant.com\/fr\/ono-spa\/","title":{"rendered":"Ono Spa"},"content":{"rendered":"[vc_row layout=\u00a0\u00bbnormal_no_spaces\u00a0\u00bb css=\u00a0\u00bb.vc_custom_1686062526282{margin-right: 5px !important;margin-left: 5px !important;padding-top: 45px !important;}\u00a0\u00bb][vc_column][vc_custom_heading text=\u00a0\u00bb\u00a0\u00bb font_container=\u00a0\u00bbtag:h2|font_size:32px|text_align:center|color:%23dd0000&Prime; google_fonts=\u00a0\u00bbfont_family:Oswald%3A300%2Cregular%2C700|font_style:400%20regular%3A400%3Anormal\u00a0\u00bb el_class=\u00a0\u00bbfont_weight_600&Prime; css=\u00a0\u00bb.vc_custom_1685991598290{padding-bottom: 10px !important;}\u00a0\u00bb][vc_column_text]\n<h2 style=\"text-align: center; font-size: 32px; font-family: oswald;\"><span style=\"color: #ff0000;\"><strong>Ono Spa \u00e0<\/strong> <span style=\"color: black;\">Bel Air Tremblant<\/span><\/span><\/h2>\n[\/vc_column_text][vc_empty_space][vc_column_text]Ono Spa offre des services exceptionnels dans un univers de luxe et totalement Zen. Nous nous occupons de nos clients avec un soin, Ono Spa est cat\u00e9goris\u00e9 comme un \u201cSpa Boutique\u201d d\u00e9di\u00e9 enti\u00e8rement \u00e0 votre bien \u00eatre. Nos soins hauts de gamme vous enchanteront que ce soient nos traitements du corps ou de la peau. Ono Spa a re\u00e7u le Prix d\u2019Excellence Tripadvisor 2022 et est le spa qui a les meilleurs t\u00e9moignages clients \u00e0 Mont Tremblant.[\/vc_column_text][vc_single_image image=\u00a0\u00bb12546&Prime; img_size=\u00a0\u00bbfull\u00a0\u00bb alignment=\u00a0\u00bbcenter\u00a0\u00bb css=\u00a0\u00bb.vc_custom_1686080391226{margin-top: 20px !important;}\u00a0\u00bb][vc_separator padding_top=\u00a0\u00bb30&Prime; padding_bottom=\u00a0\u00bb30&Prime;][\/vc_column][\/vc_row][vc_row][vc_column][vc_media_grid element_width=\u00a0\u00bb3&Prime; gap=\u00a0\u00bb10&Prime; grid_id=\u00a0\u00bbvc_gid:1686750961003-4e65c92c-eff6-8&Prime; include=\u00a0\u00bb12536,12534,12538,12532&Prime;][\/vc_column][\/vc_row][vc_row][vc_column][vc_separator padding_top=\u00a0\u00bb30&Prime; padding_bottom=\u00a0\u00bb30&Prime;][vc_column_text]\n<p style=\"text-align: center;\"><strong>Du lundi au dimanche : 9h00\u201319h00<\/strong><\/p>\n<p style=\"text-align: center;\"><strong>T\u00e9l\u00e9phone:<\/strong><br \/>\n<i class=\"fa-fw icomoon-the7-font-the7-phone-06\"><\/i><a href=\"tel:+1 819-717-2551\">+1 819-717-2551<\/a><\/p>\n<p style=\"text-align: center;\"><strong>Site web:<\/strong><br \/>\n<a href=\"https:\/\/onospatremblant.com\/fr\/\" target=\"_blank\" rel=\"noopener\">https:\/\/onospatremblant.com\/fr\/<\/a><\/p>\n[\/vc_column_text][vc_separator padding_top=\u00a0\u00bb30&Prime; padding_bottom=\u00a0\u00bb30&Prime;][\/vc_column][\/vc_row]\n","protected":false},"excerpt":{"rendered":"<p>[vc_row layout=\u00a0\u00bbnormal_no_spaces\u00a0\u00bb css=\u00a0\u00bb.vc_custom_1686062526282{margin-right: 5px !important;margin-left: 5px !important;padding-top: 45px !important;}\u00a0\u00bb][vc_column][vc_custom_heading text=\u00a0\u00bb\u00a0\u00bb font_container=\u00a0\u00bbtag:h2|font_size:32px|text_align:center|color:%23dd0000&Prime; google_fonts=\u00a0\u00bbfont_family:Oswald%3A300%2Cregular%2C700|font_style:400%20regular%3A400%3Anormal\u00a0\u00bb el_class=\u00a0\u00bbfont_weight_600&Prime; css=\u00a0\u00bb.vc_custom_1685991598290{padding-bottom: 10px !important;}\u00a0\u00bb][vc_column_text] Ono Spa \u00e0 Bel Air Tremblant [\/vc_column_text][vc_empty_space][vc_column_text]Ono Spa offre des services exceptionnels dans un univers de luxe et totalement Zen. Nous nous occupons de nos clients avec un soin, Ono Spa est cat\u00e9goris\u00e9 comme un \u201cSpa Boutique\u201d d\u00e9di\u00e9 enti\u00e8rement&#8230;<\/p>\n","protected":false},"author":1,"featured_media":12537,"parent":0,"menu_order":0,"comment_status":"closed","ping_status":"closed","template":"page-full.php","meta":{"footnotes":""},"class_list":["post-12596","page","type-page","status-publish","has-post-thumbnail","hentry"],"yoast_head":"<!-- This site is optimized with the Yoast SEO Premium plugin v20.9 (Yoast SEO v27.4) - https:\/\/yoast.com\/product\/yoast-seo-premium-wordpress\/ -->\n<title>Ono Spa \u00e0 Mont Tremblant. Massage th\u00e9rapeutique \u00e0 Tremblant.<\/title>\n<meta name=\"description\" content=\"Offrez-vous un soin du visage apaisant, une manucure, un enveloppement corporel ou un massage th\u00e9rapeutique \u00e0 Mont Tremblant.\" \/>\n<meta name=\"robots\" content=\"index, follow, max-snippet:-1, max-image-preview:large, max-video-preview:-1\" \/>\n<link rel=\"canonical\" href=\"https:\/\/actiontremblant.com\/fr\/ono-spa\/\" \/>\n<meta property=\"og:locale\" content=\"fr_FR\" \/>\n<meta property=\"og:type\" content=\"article\" \/>\n<meta property=\"og:title\" content=\"Ono Spa\" \/>\n<meta property=\"og:description\" content=\"Offrez-vous un soin du visage apaisant, une manucure, un enveloppement corporel ou un massage th\u00e9rapeutique \u00e0 Mont Tremblant.\" \/>\n<meta property=\"og:url\" content=\"https:\/\/actiontremblant.com\/fr\/ono-spa\/\" \/>\n<meta property=\"og:site_name\" content=\"Action Tremblant Activities\" \/>\n<meta property=\"article:publisher\" content=\"https:\/\/www.facebook.com\/Action-Tremblant-2398094523806257\/\" \/>\n<meta property=\"article:modified_time\" content=\"2023-06-14T13:58:36+00:00\" \/>\n<meta property=\"og:image\" content=\"https:\/\/actiontremblant.com\/wp-content\/uploads\/2023\/06\/ono-spa-mont-tremblant.webp\" \/>\n\t<meta property=\"og:image:width\" content=\"1536\" \/>\n\t<meta property=\"og:image:height\" content=\"1030\" \/>\n\t<meta property=\"og:image:type\" content=\"image\/webp\" \/>\n<meta name=\"twitter:card\" content=\"summary_large_image\" \/>\n<meta name=\"twitter:label1\" content=\"Dur\u00e9e de lecture estim\u00e9e\" \/>\n\t<meta name=\"twitter:data1\" content=\"1 minute\" \/>\n<script type=\"application\/ld+json\" class=\"yoast-schema-graph\">{\"@context\":\"https:\\\/\\\/schema.org\",\"@graph\":[{\"@type\":\"WebPage\",\"@id\":\"https:\\\/\\\/actiontremblant.com\\\/fr\\\/ono-spa\\\/\",\"url\":\"https:\\\/\\\/actiontremblant.com\\\/fr\\\/ono-spa\\\/\",\"name\":\"Ono Spa \u00e0 Mont Tremblant. Massage th\u00e9rapeutique \u00e0 Tremblant.\",\"isPartOf\":{\"@id\":\"https:\\\/\\\/actiontremblant.com\\\/fr\\\/#website\"},\"primaryImageOfPage\":{\"@id\":\"https:\\\/\\\/actiontremblant.com\\\/fr\\\/ono-spa\\\/#primaryimage\"},\"image\":{\"@id\":\"https:\\\/\\\/actiontremblant.com\\\/fr\\\/ono-spa\\\/#primaryimage\"},\"thumbnailUrl\":\"https:\\\/\\\/i0.wp.com\\\/actiontremblant.com\\\/wp-content\\\/uploads\\\/2023\\\/06\\\/ono-spa-mont-tremblant.webp?fit=1536%2C1030&ssl=1\",\"datePublished\":\"2023-06-06T19:31:14+00:00\",\"dateModified\":\"2023-06-14T13:58:36+00:00\",\"description\":\"Offrez-vous un soin du visage apaisant, une manucure, un enveloppement corporel ou un massage th\u00e9rapeutique \u00e0 Mont Tremblant.\",\"breadcrumb\":{\"@id\":\"https:\\\/\\\/actiontremblant.com\\\/fr\\\/ono-spa\\\/#breadcrumb\"},\"inLanguage\":\"fr-FR\",\"potentialAction\":[{\"@type\":\"ReadAction\",\"target\":[\"https:\\\/\\\/actiontremblant.com\\\/fr\\\/ono-spa\\\/\"]}]},{\"@type\":\"ImageObject\",\"inLanguage\":\"fr-FR\",\"@id\":\"https:\\\/\\\/actiontremblant.com\\\/fr\\\/ono-spa\\\/#primaryimage\",\"url\":\"https:\\\/\\\/i0.wp.com\\\/actiontremblant.com\\\/wp-content\\\/uploads\\\/2023\\\/06\\\/ono-spa-mont-tremblant.webp?fit=1536%2C1030&ssl=1\",\"contentUrl\":\"https:\\\/\\\/i0.wp.com\\\/actiontremblant.com\\\/wp-content\\\/uploads\\\/2023\\\/06\\\/ono-spa-mont-tremblant.webp?fit=1536%2C1030&ssl=1\",\"width\":1536,\"height\":1030},{\"@type\":\"BreadcrumbList\",\"@id\":\"https:\\\/\\\/actiontremblant.com\\\/fr\\\/ono-spa\\\/#breadcrumb\",\"itemListElement\":[{\"@type\":\"ListItem\",\"position\":1,\"name\":\"Home\",\"item\":\"https:\\\/\\\/actiontremblant.com\\\/fr\\\/\"},{\"@type\":\"ListItem\",\"position\":2,\"name\":\"Ono Spa\"}]},{\"@type\":\"WebSite\",\"@id\":\"https:\\\/\\\/actiontremblant.com\\\/fr\\\/#website\",\"url\":\"https:\\\/\\\/actiontremblant.com\\\/fr\\\/\",\"name\":\"Action Tremblant activities\",\"description\":\"Offering 365 days of outdoor activities.\",\"publisher\":{\"@id\":\"https:\\\/\\\/actiontremblant.com\\\/fr\\\/#organization\"},\"potentialAction\":[{\"@type\":\"SearchAction\",\"target\":{\"@type\":\"EntryPoint\",\"urlTemplate\":\"https:\\\/\\\/actiontremblant.com\\\/fr\\\/?s={search_term_string}\"},\"query-input\":{\"@type\":\"PropertyValueSpecification\",\"valueRequired\":true,\"valueName\":\"search_term_string\"}}],\"inLanguage\":\"fr-FR\"},{\"@type\":\"Organization\",\"@id\":\"https:\\\/\\\/actiontremblant.com\\\/fr\\\/#organization\",\"name\":\"Action Tremblant activities\",\"url\":\"https:\\\/\\\/actiontremblant.com\\\/fr\\\/\",\"logo\":{\"@type\":\"ImageObject\",\"inLanguage\":\"fr-FR\",\"@id\":\"https:\\\/\\\/actiontremblant.com\\\/fr\\\/#\\\/schema\\\/logo\\\/image\\\/\",\"url\":\"https:\\\/\\\/actiontremblant.com\\\/wp-content\\\/uploads\\\/2019\\\/11\\\/NEW-ACTION-LOGO400-2.png\",\"contentUrl\":\"https:\\\/\\\/actiontremblant.com\\\/wp-content\\\/uploads\\\/2019\\\/11\\\/NEW-ACTION-LOGO400-2.png\",\"width\":260,\"height\":151,\"caption\":\"Action Tremblant activities\"},\"image\":{\"@id\":\"https:\\\/\\\/actiontremblant.com\\\/fr\\\/#\\\/schema\\\/logo\\\/image\\\/\"},\"sameAs\":[\"https:\\\/\\\/www.facebook.com\\\/Action-Tremblant-2398094523806257\\\/\",\"https:\\\/\\\/www.instagram.com\\\/action_tremblant\\\/\"]}]}<\/script>\n<!-- \/ Yoast SEO Premium plugin. -->","yoast_head_json":{"title":"Ono Spa \u00e0 Mont Tremblant. Massage th\u00e9rapeutique \u00e0 Tremblant.","description":"Offrez-vous un soin du visage apaisant, une manucure, un enveloppement corporel ou un massage th\u00e9rapeutique \u00e0 Mont Tremblant.","robots":{"index":"index","follow":"follow","max-snippet":"max-snippet:-1","max-image-preview":"max-image-preview:large","max-video-preview":"max-video-preview:-1"},"canonical":"https:\/\/actiontremblant.com\/fr\/ono-spa\/","og_locale":"fr_FR","og_type":"article","og_title":"Ono Spa","og_description":"Offrez-vous un soin du visage apaisant, une manucure, un enveloppement corporel ou un massage th\u00e9rapeutique \u00e0 Mont Tremblant.","og_url":"https:\/\/actiontremblant.com\/fr\/ono-spa\/","og_site_name":"Action Tremblant Activities","article_publisher":"https:\/\/www.facebook.com\/Action-Tremblant-2398094523806257\/","article_modified_time":"2023-06-14T13:58:36+00:00","og_image":[{"width":1536,"height":1030,"url":"https:\/\/actiontremblant.com\/wp-content\/uploads\/2023\/06\/ono-spa-mont-tremblant.webp","type":"image\/webp"}],"twitter_card":"summary_large_image","twitter_misc":{"Dur\u00e9e de lecture estim\u00e9e":"1 minute"},"schema":{"@context":"https:\/\/schema.org","@graph":[{"@type":"WebPage","@id":"https:\/\/actiontremblant.com\/fr\/ono-spa\/","url":"https:\/\/actiontremblant.com\/fr\/ono-spa\/","name":"Ono Spa \u00e0 Mont Tremblant. Massage th\u00e9rapeutique \u00e0 Tremblant.","isPartOf":{"@id":"https:\/\/actiontremblant.com\/fr\/#website"},"primaryImageOfPage":{"@id":"https:\/\/actiontremblant.com\/fr\/ono-spa\/#primaryimage"},"image":{"@id":"https:\/\/actiontremblant.com\/fr\/ono-spa\/#primaryimage"},"thumbnailUrl":"https:\/\/i0.wp.com\/actiontremblant.com\/wp-content\/uploads\/2023\/06\/ono-spa-mont-tremblant.webp?fit=1536%2C1030&ssl=1","datePublished":"2023-06-06T19:31:14+00:00","dateModified":"2023-06-14T13:58:36+00:00","description":"Offrez-vous un soin du visage apaisant, une manucure, un enveloppement corporel ou un massage th\u00e9rapeutique \u00e0 Mont Tremblant.","breadcrumb":{"@id":"https:\/\/actiontremblant.com\/fr\/ono-spa\/#breadcrumb"},"inLanguage":"fr-FR","potentialAction":[{"@type":"ReadAction","target":["https:\/\/actiontremblant.com\/fr\/ono-spa\/"]}]},{"@type":"ImageObject","inLanguage":"fr-FR","@id":"https:\/\/actiontremblant.com\/fr\/ono-spa\/#primaryimage","url":"https:\/\/i0.wp.com\/actiontremblant.com\/wp-content\/uploads\/2023\/06\/ono-spa-mont-tremblant.webp?fit=1536%2C1030&ssl=1","contentUrl":"https:\/\/i0.wp.com\/actiontremblant.com\/wp-content\/uploads\/2023\/06\/ono-spa-mont-tremblant.webp?fit=1536%2C1030&ssl=1","width":1536,"height":1030},{"@type":"BreadcrumbList","@id":"https:\/\/actiontremblant.com\/fr\/ono-spa\/#breadcrumb","itemListElement":[{"@type":"ListItem","position":1,"name":"Home","item":"https:\/\/actiontremblant.com\/fr\/"},{"@type":"ListItem","position":2,"name":"Ono Spa"}]},{"@type":"WebSite","@id":"https:\/\/actiontremblant.com\/fr\/#website","url":"https:\/\/actiontremblant.com\/fr\/","name":"Action Tremblant activities","description":"Offering 365 days of outdoor activities.","publisher":{"@id":"https:\/\/actiontremblant.com\/fr\/#organization"},"potentialAction":[{"@type":"SearchAction","target":{"@type":"EntryPoint","urlTemplate":"https:\/\/actiontremblant.com\/fr\/?s={search_term_string}"},"query-input":{"@type":"PropertyValueSpecification","valueRequired":true,"valueName":"search_term_string"}}],"inLanguage":"fr-FR"},{"@type":"Organization","@id":"https:\/\/actiontremblant.com\/fr\/#organization","name":"Action Tremblant activities","url":"https:\/\/actiontremblant.com\/fr\/","logo":{"@type":"ImageObject","inLanguage":"fr-FR","@id":"https:\/\/actiontremblant.com\/fr\/#\/schema\/logo\/image\/","url":"https:\/\/actiontremblant.com\/wp-content\/uploads\/2019\/11\/NEW-ACTION-LOGO400-2.png","contentUrl":"https:\/\/actiontremblant.com\/wp-content\/uploads\/2019\/11\/NEW-ACTION-LOGO400-2.png","width":260,"height":151,"caption":"Action Tremblant activities"},"image":{"@id":"https:\/\/actiontremblant.com\/fr\/#\/schema\/logo\/image\/"},"sameAs":["https:\/\/www.facebook.com\/Action-Tremblant-2398094523806257\/","https:\/\/www.instagram.com\/action_tremblant\/"]}]}},"jetpack_sharing_enabled":true,"_links":{"self":[{"href":"https:\/\/actiontremblant.com\/fr\/wp-json\/wp\/v2\/pages\/12596","targetHints":{"allow":["GET"]}}],"collection":[{"href":"https:\/\/actiontremblant.com\/fr\/wp-json\/wp\/v2\/pages"}],"about":[{"href":"https:\/\/actiontremblant.com\/fr\/wp-json\/wp\/v2\/types\/page"}],"author":[{"embeddable":true,"href":"https:\/\/actiontremblant.com\/fr\/wp-json\/wp\/v2\/users\/1"}],"replies":[{"embeddable":true,"href":"https:\/\/actiontremblant.com\/fr\/wp-json\/wp\/v2\/comments?post=12596"}],"version-history":[{"count":2,"href":"https:\/\/actiontremblant.com\/fr\/wp-json\/wp\/v2\/pages\/12596\/revisions"}],"predecessor-version":[{"id":12598,"href":"https:\/\/actiontremblant.com\/fr\/wp-json\/wp\/v2\/pages\/12596\/revisions\/12598"}],"wp:featuredmedia":[{"embeddable":true,"href":"https:\/\/actiontremblant.com\/fr\/wp-json\/wp\/v2\/media\/12537"}],"wp:attachment":[{"href":"https:\/\/actiontremblant.com\/fr\/wp-json\/wp\/v2\/media?parent=12596"}],"curies":[{"name":"wp","href":"https:\/\/api.w.org\/{rel}","templated":true}]}}