{"id":12592,"date":"2023-06-06T13:37:54","date_gmt":"2023-06-06T13:37:54","guid":{"rendered":"https:\/\/actiontremblant.com\/food-beverages\/"},"modified":"2023-06-14T13:50:52","modified_gmt":"2023-06-14T13:50:52","slug":"manger-et-boire","status":"publish","type":"page","link":"https:\/\/actiontremblant.com\/fr\/manger-et-boire\/","title":{"rendered":"Manger et Boire"},"content":{"rendered":"[vc_row layout=\u00a0\u00bbnormal_no_spaces\u00a0\u00bb css=\u00a0\u00bb.vc_custom_1686062526282{margin-right: 5px !important;margin-left: 5px !important;padding-top: 45px !important;}\u00a0\u00bb][vc_column][vc_custom_heading text=\u00a0\u00bb\u00a0\u00bb font_container=\u00a0\u00bbtag:h2|font_size:32px|text_align:center|color:%23dd0000&Prime; google_fonts=\u00a0\u00bbfont_family:Oswald%3A300%2Cregular%2C700|font_style:400%20regular%3A400%3Anormal\u00a0\u00bb el_class=\u00a0\u00bbfont_weight_600&Prime; css=\u00a0\u00bb.vc_custom_1685991598290{padding-bottom: 10px !important;}\u00a0\u00bb][vc_column_text]\n<h2 style=\"text-align: center; font-size: 32px; font-family: oswald;\"><span style=\"color: #ff0000;\"><strong>Manger et Boire \u00e0<\/strong> <span style=\"color: black;\">Bel Air Tremblant<\/span><\/span><\/h2>\n[\/vc_column_text][vc_empty_space][vc_column_text]Belair Tremblant porte une attention tr\u00e8s particuli\u00e8re \u00e0 son p\u00f4le restauration, nous avons pour objectif d\u2019 offrir une exp\u00e9rience culinaire, des mets les plus simples aux plus sophistiqu\u00e9s. Nous n\u2019 utilisons que des ingr\u00e9dients frais et de meilleure qualit\u00e9. Ekki Sushi importe chaque semaine son poisson directement du Japon. Stephanie Gueganno, notre directrice de la restauration, a constitu\u00e9 une \u00e9quipe de chefs internationaux afin de charmer vos papilles gustatives. Ekki Sushi class\u00e9 # 1 des restaurants \u00e0 Mont Tremblant offre une exp\u00e9rience culinaire japonaise absolument incroyable . Notre \u00e9quipe \u00e0 BelAir Tremblant est pr\u00eate \u00e9galement \u00e0 organiser vos d\u00eeners priv\u00e9s ou \u00e9v\u00e9nements corporatifs ou autres. Notre environnement magique ne fera que renforcer notre d\u00e9licate cuisine.[\/vc_column_text][vc_separator padding_top=\u00a0\u00bb30&Prime; padding_bottom=\u00a0\u00bb30&Prime;][\/vc_column][\/vc_row][vc_row gap=\u00a0\u00bb20&Prime; eq_height=\u00a0\u00bbyes\u00a0\u00bb content_placement=\u00a0\u00bbmiddle\u00a0\u00bb css=\u00a0\u00bb.vc_custom_1686060774687{padding-bottom: 25px !important;}\u00a0\u00bb][vc_column width=\u00a0\u00bb1\/2&Prime;][vc_single_image image=\u00a0\u00bb12478&Prime; img_size=\u00a0\u00bbfull\u00a0\u00bb alignment=\u00a0\u00bbcenter\u00a0\u00bb][\/vc_column][vc_column width=\u00a0\u00bb1\/2&Prime;]<div id=\"ultimate-heading-923769d45d5105ac0\" class=\"uvc-heading ult-adjust-bottom-margin ultimate-heading-923769d45d5105ac0 uvc-736 \" data-hspacer=\"no_spacer\"  data-halign=\"left\" style=\"text-align:left\"><div class=\"uvc-heading-spacer no_spacer\" style=\"top\"><\/div><div class=\"uvc-main-heading ult-responsive\"  data-ultimate-target='.uvc-heading.ultimate-heading-923769d45d5105ac0 h2'  data-responsive-json-new='{\"font-size\":\"desktop:28px;\",\"line-height\":\"\"}' ><h2 style=\"font-family:&#039;Oswald&#039;;font-weight:600;color:#424242;margin-bottom:15px;\">Le Bistro<\/h2><\/div><div class=\"uvc-sub-heading ult-responsive\"  data-ultimate-target='.uvc-heading.ultimate-heading-923769d45d5105ac0 .uvc-sub-heading '  data-responsive-json-new='{\"font-size\":\"desktop:16px;\",\"line-height\":\"\"}'  style=\"font-family:&#039;Open Sans&#039;;font-weight:normal;color:#444444;margin-bottom:25px;\">Le bistro propose des d\u00e9jeuners, d\u00eeners, et des repas pendant toute la journ\u00e9e. Notre \u00e9quipe sera heureuse de vous servir \u00e0 l\u2019int\u00e9rieur mais \u00e9galement sur la terrasse ou autour de la piscine. Nous proposons \u00e9galement une large vari\u00e9t\u00e9 de boissons, cocktails et champagnes. Le Bistro pourra \u00e9galement vous livrer votre d\u00e9jeuner ou des assortiments de fromages et de charcuterie directement dans votre h\u00e9bergement.<\/p>\n<p><strong>Horaires:<\/strong>\u00a0Ouvert de 8h \u00e0 18h<br \/>\n<strong>Site web:\u00a0<\/strong><a href=\"https:\/\/bistrobelairtremblant.com\/\" target=\"_blank\" rel=\"noopener\">https:\/\/bistrobelairtremblant.com\/<\/a><br \/>\n<strong>T\u00e9l\u00e9phone:\u00a0<\/strong>\u00a0<a href=\"tel: 1 819-536-7729\">+1 819-536-7729<\/a><\/div><\/div>[\/vc_column][\/vc_row][vc_row][vc_column][vc_separator padding_top=\u00a0\u00bb30&Prime; padding_bottom=\u00a0\u00bb30&Prime;][\/vc_column][\/vc_row][vc_row gap=\u00a0\u00bb20&Prime; eq_height=\u00a0\u00bbyes\u00a0\u00bb content_placement=\u00a0\u00bbmiddle\u00a0\u00bb css=\u00a0\u00bb.vc_custom_1686060748149{padding-top: 20px !important;padding-bottom: 20px !important;}\u00a0\u00bb][vc_column width=\u00a0\u00bb1\/2&Prime;]<div id=\"ultimate-heading-368269d45d5105b9c\" class=\"uvc-heading ult-adjust-bottom-margin ultimate-heading-368269d45d5105b9c uvc-8737 \" data-hspacer=\"no_spacer\"  data-halign=\"left\" style=\"text-align:left\"><div class=\"uvc-heading-spacer no_spacer\" style=\"top\"><\/div><div class=\"uvc-main-heading ult-responsive\"  data-ultimate-target='.uvc-heading.ultimate-heading-368269d45d5105b9c h2'  data-responsive-json-new='{\"font-size\":\"desktop:28px;\",\"line-height\":\"\"}' ><h2 style=\"font-family:&#039;Oswald&#039;;font-weight:600;color:#424242;margin-bottom:15px;\">Ekki Sushi<\/h2><\/div><div class=\"uvc-sub-heading ult-responsive\"  data-ultimate-target='.uvc-heading.ultimate-heading-368269d45d5105b9c .uvc-sub-heading '  data-responsive-json-new='{\"font-size\":\"desktop:16px;\",\"line-height\":\"\"}'  style=\"font-family:&#039;Open Sans&#039;;font-weight:normal;color:#444444;margin-bottom:25px;\">Ekki Sushi a re\u00e7u le prix d\u2019excellence de Tripadvisor en 2022. Nos chefs proposent une exp\u00e9rience culinaire japonaise absolument incroyable. Ekki est un restaurant japonais traditionnel et moderne offrant 30 places assises dans une atmosph\u00e8re raffin\u00e9e et \u00e9l\u00e9gante Ekki Sushi est reconnu pour ses services Omakas\u00e9, ses Sushis et Sashimis de m\u00eame que pour l\u2019 introduction r\u00e9cente de ses Yakitoris. Les Yakitoris sont des brochettes grill\u00e9es de poisson, poulet de viandes et de l\u00e9gumes. En raison de notre forte popularit\u00e9, les r\u00e9servations sont fortement recommand\u00e9es. Ekki propose \u00e9galement un service de traiteur et des plats \u00e0 emporter.<\/p>\n<p><strong>Horaires:<\/strong>\u00a0Ouvert de 17h \u00e0 22h<br \/>\n<strong>Site web:\u00a0<\/strong><a href=\"https:\/\/ekkisushitremblant.com\/\" target=\"_blank\" rel=\"noopener\">https:\/\/ekkisushitremblant.com\/<\/a><br \/>\n<strong>T\u00e9l\u00e9phone:\u00a0<\/strong>\u00a0<a href=\"tel: 1 819-472-8002\">+1 819-472-8002<\/a><br \/>\n<strong>Livraison et \u00e0 emporter<\/strong><\/div><\/div>[\/vc_column][vc_column width=\u00a0\u00bb1\/2&Prime;][vc_single_image image=\u00a0\u00bb12488&Prime; img_size=\u00a0\u00bbfull\u00a0\u00bb alignment=\u00a0\u00bbcenter\u00a0\u00bb][\/vc_column][\/vc_row][vc_row][vc_column][vc_separator padding_top=\u00a0\u00bb30&Prime; padding_bottom=\u00a0\u00bb30&Prime;][\/vc_column][\/vc_row][vc_row gap=\u00a0\u00bb20&Prime; eq_height=\u00a0\u00bbyes\u00a0\u00bb content_placement=\u00a0\u00bbmiddle\u00a0\u00bb css=\u00a0\u00bb.vc_custom_1686060774687{padding-bottom: 25px !important;}\u00a0\u00bb][vc_column width=\u00a0\u00bb1\/2&Prime;][vc_single_image image=\u00a0\u00bb12497&Prime; img_size=\u00a0\u00bbfull\u00a0\u00bb alignment=\u00a0\u00bbcenter\u00a0\u00bb][\/vc_column][vc_column width=\u00a0\u00bb1\/2&Prime;]<div id=\"ultimate-heading-811869d45d5105c15\" class=\"uvc-heading ult-adjust-bottom-margin ultimate-heading-811869d45d5105c15 uvc-9374 \" data-hspacer=\"no_spacer\"  data-halign=\"left\" style=\"text-align:left\"><div class=\"uvc-heading-spacer no_spacer\" style=\"top\"><\/div><div class=\"uvc-main-heading ult-responsive\"  data-ultimate-target='.uvc-heading.ultimate-heading-811869d45d5105c15 h2'  data-responsive-json-new='{\"font-size\":\"desktop:28px;\",\"line-height\":\"\"}' ><h2 style=\"font-family:&#039;Oswald&#039;;font-weight:600;color:#424242;margin-bottom:15px;\">L\u2019 Epicerie<\/h2><\/div><div class=\"uvc-sub-heading ult-responsive\"  data-ultimate-target='.uvc-heading.ultimate-heading-811869d45d5105c15 .uvc-sub-heading '  data-responsive-json-new='{\"font-size\":\"desktop:16px;\",\"line-height\":\"\"}'  style=\"font-family:&#039;Open Sans&#039;;font-weight:normal;color:#444444;margin-bottom:25px;\">L\u2019\u00e9picerie propose une vari\u00e9t\u00e9 de produits locaux que vous appr\u00e9cierez pendant votre s\u00e9jour \u00e0 BelAir. Nous portons une attention tr\u00e8s particuli\u00e8re \u00e0 la qualit\u00e9 des nos produits que ce soit pour nos boissons alcoolis\u00e9es ou non, nos produits laitiers et glaces, nos viandes, pains et s\u00e9lection de produits frais. Nous proposons \u00e9galement des repas pr\u00e9par\u00e9s.<\/p>\n<p><strong>Hours:<\/strong>\u00a0Ouverte de 8 heures \u00e0 19 heures.<br \/>\n<em>Vous pouvez \u00e9galement pr\u00e9parer une commande qui sera livr\u00e9e \u00e0 l\u2019 avance dans votre chalet.<\/em><\/div><\/div>[\/vc_column][\/vc_row][vc_row][vc_column][vc_separator padding_top=\u00a0\u00bb30&Prime; padding_bottom=\u00a0\u00bb30&Prime;][\/vc_column][\/vc_row]\n","protected":false},"excerpt":{"rendered":"<p>[vc_row layout=\u00a0\u00bbnormal_no_spaces\u00a0\u00bb css=\u00a0\u00bb.vc_custom_1686062526282{margin-right: 5px !important;margin-left: 5px !important;padding-top: 45px !important;}\u00a0\u00bb][vc_column][vc_custom_heading text=\u00a0\u00bb\u00a0\u00bb font_container=\u00a0\u00bbtag:h2|font_size:32px|text_align:center|color:%23dd0000&Prime; google_fonts=\u00a0\u00bbfont_family:Oswald%3A300%2Cregular%2C700|font_style:400%20regular%3A400%3Anormal\u00a0\u00bb el_class=\u00a0\u00bbfont_weight_600&Prime; css=\u00a0\u00bb.vc_custom_1685991598290{padding-bottom: 10px !important;}\u00a0\u00bb][vc_column_text] Manger et Boire \u00e0 Bel Air Tremblant [\/vc_column_text][vc_empty_space][vc_column_text]Belair Tremblant porte une attention tr\u00e8s particuli\u00e8re \u00e0 son p\u00f4le restauration, nous avons pour objectif d\u2019 offrir une exp\u00e9rience culinaire, des mets les plus simples aux plus sophistiqu\u00e9s. Nous n\u2019 utilisons que&#8230;<\/p>\n","protected":false},"author":1,"featured_media":12483,"parent":0,"menu_order":0,"comment_status":"closed","ping_status":"closed","template":"page-full.php","meta":{"footnotes":""},"class_list":["post-12592","page","type-page","status-publish","has-post-thumbnail","hentry"],"yoast_head":"<!-- This site is optimized with the Yoast SEO Premium plugin v20.9 (Yoast SEO v27.3) - https:\/\/yoast.com\/product\/yoast-seo-premium-wordpress\/ -->\n<title>Manger et Boire \u00e0 Tremblant, Restaurants \u00e0 Mont Tremblant.<\/title>\n<meta name=\"description\" content=\"Restaurants \u00e0 Mont-Tremblant. O\u00f9 acheter de la nourriture et des boissons \u00e0 Mont Tremblant. Petit-d\u00e9jeuner \u00e0 Tremblant. Sushis \u00e0 Tremblant.\" \/>\n<meta name=\"robots\" content=\"index, follow, max-snippet:-1, max-image-preview:large, max-video-preview:-1\" \/>\n<link rel=\"canonical\" href=\"https:\/\/actiontremblant.com\/fr\/manger-et-boire\/\" \/>\n<meta property=\"og:locale\" content=\"fr_FR\" \/>\n<meta property=\"og:type\" content=\"article\" \/>\n<meta property=\"og:title\" content=\"Manger et Boire\" \/>\n<meta property=\"og:description\" content=\"Restaurants \u00e0 Mont-Tremblant. O\u00f9 acheter de la nourriture et des boissons \u00e0 Mont Tremblant. Petit-d\u00e9jeuner \u00e0 Tremblant. Sushis \u00e0 Tremblant.\" \/>\n<meta property=\"og:url\" content=\"https:\/\/actiontremblant.com\/fr\/manger-et-boire\/\" \/>\n<meta property=\"og:site_name\" content=\"Action Tremblant Activities\" \/>\n<meta property=\"article:publisher\" content=\"https:\/\/www.facebook.com\/Action-Tremblant-2398094523806257\/\" \/>\n<meta property=\"article:modified_time\" content=\"2023-06-14T13:50:52+00:00\" \/>\n<meta property=\"og:image\" content=\"https:\/\/actiontremblant.com\/wp-content\/uploads\/2023\/06\/ekkisushi-jpg.webp\" \/>\n\t<meta property=\"og:image:width\" content=\"550\" \/>\n\t<meta property=\"og:image:height\" content=\"300\" \/>\n\t<meta property=\"og:image:type\" content=\"image\/jpeg\" \/>\n<meta name=\"twitter:card\" content=\"summary_large_image\" \/>\n<meta name=\"twitter:label1\" content=\"Dur\u00e9e de lecture estim\u00e9e\" \/>\n\t<meta name=\"twitter:data1\" content=\"3 minutes\" \/>\n<script type=\"application\/ld+json\" class=\"yoast-schema-graph\">{\"@context\":\"https:\\\/\\\/schema.org\",\"@graph\":[{\"@type\":\"WebPage\",\"@id\":\"https:\\\/\\\/actiontremblant.com\\\/fr\\\/manger-et-boire\\\/\",\"url\":\"https:\\\/\\\/actiontremblant.com\\\/fr\\\/manger-et-boire\\\/\",\"name\":\"Manger et Boire \u00e0 Tremblant, Restaurants \u00e0 Mont Tremblant.\",\"isPartOf\":{\"@id\":\"https:\\\/\\\/actiontremblant.com\\\/fr\\\/#website\"},\"primaryImageOfPage\":{\"@id\":\"https:\\\/\\\/actiontremblant.com\\\/fr\\\/manger-et-boire\\\/#primaryimage\"},\"image\":{\"@id\":\"https:\\\/\\\/actiontremblant.com\\\/fr\\\/manger-et-boire\\\/#primaryimage\"},\"thumbnailUrl\":\"https:\\\/\\\/i0.wp.com\\\/actiontremblant.com\\\/wp-content\\\/uploads\\\/2023\\\/06\\\/ekkisushi-jpg.webp?fit=550%2C300&ssl=1\",\"datePublished\":\"2023-06-06T13:37:54+00:00\",\"dateModified\":\"2023-06-14T13:50:52+00:00\",\"description\":\"Restaurants \u00e0 Mont-Tremblant. O\u00f9 acheter de la nourriture et des boissons \u00e0 Mont Tremblant. Petit-d\u00e9jeuner \u00e0 Tremblant. Sushis \u00e0 Tremblant.\",\"breadcrumb\":{\"@id\":\"https:\\\/\\\/actiontremblant.com\\\/fr\\\/manger-et-boire\\\/#breadcrumb\"},\"inLanguage\":\"fr-FR\",\"potentialAction\":[{\"@type\":\"ReadAction\",\"target\":[\"https:\\\/\\\/actiontremblant.com\\\/fr\\\/manger-et-boire\\\/\"]}]},{\"@type\":\"ImageObject\",\"inLanguage\":\"fr-FR\",\"@id\":\"https:\\\/\\\/actiontremblant.com\\\/fr\\\/manger-et-boire\\\/#primaryimage\",\"url\":\"https:\\\/\\\/i0.wp.com\\\/actiontremblant.com\\\/wp-content\\\/uploads\\\/2023\\\/06\\\/ekkisushi-jpg.webp?fit=550%2C300&ssl=1\",\"contentUrl\":\"https:\\\/\\\/i0.wp.com\\\/actiontremblant.com\\\/wp-content\\\/uploads\\\/2023\\\/06\\\/ekkisushi-jpg.webp?fit=550%2C300&ssl=1\",\"width\":550,\"height\":300},{\"@type\":\"BreadcrumbList\",\"@id\":\"https:\\\/\\\/actiontremblant.com\\\/fr\\\/manger-et-boire\\\/#breadcrumb\",\"itemListElement\":[{\"@type\":\"ListItem\",\"position\":1,\"name\":\"Home\",\"item\":\"https:\\\/\\\/actiontremblant.com\\\/fr\\\/\"},{\"@type\":\"ListItem\",\"position\":2,\"name\":\"Manger et Boire\"}]},{\"@type\":\"WebSite\",\"@id\":\"https:\\\/\\\/actiontremblant.com\\\/fr\\\/#website\",\"url\":\"https:\\\/\\\/actiontremblant.com\\\/fr\\\/\",\"name\":\"Action Tremblant activities\",\"description\":\"Offering 365 days of outdoor activities.\",\"publisher\":{\"@id\":\"https:\\\/\\\/actiontremblant.com\\\/fr\\\/#organization\"},\"potentialAction\":[{\"@type\":\"SearchAction\",\"target\":{\"@type\":\"EntryPoint\",\"urlTemplate\":\"https:\\\/\\\/actiontremblant.com\\\/fr\\\/?s={search_term_string}\"},\"query-input\":{\"@type\":\"PropertyValueSpecification\",\"valueRequired\":true,\"valueName\":\"search_term_string\"}}],\"inLanguage\":\"fr-FR\"},{\"@type\":\"Organization\",\"@id\":\"https:\\\/\\\/actiontremblant.com\\\/fr\\\/#organization\",\"name\":\"Action Tremblant activities\",\"url\":\"https:\\\/\\\/actiontremblant.com\\\/fr\\\/\",\"logo\":{\"@type\":\"ImageObject\",\"inLanguage\":\"fr-FR\",\"@id\":\"https:\\\/\\\/actiontremblant.com\\\/fr\\\/#\\\/schema\\\/logo\\\/image\\\/\",\"url\":\"https:\\\/\\\/actiontremblant.com\\\/wp-content\\\/uploads\\\/2019\\\/11\\\/NEW-ACTION-LOGO400-2.png\",\"contentUrl\":\"https:\\\/\\\/actiontremblant.com\\\/wp-content\\\/uploads\\\/2019\\\/11\\\/NEW-ACTION-LOGO400-2.png\",\"width\":260,\"height\":151,\"caption\":\"Action Tremblant activities\"},\"image\":{\"@id\":\"https:\\\/\\\/actiontremblant.com\\\/fr\\\/#\\\/schema\\\/logo\\\/image\\\/\"},\"sameAs\":[\"https:\\\/\\\/www.facebook.com\\\/Action-Tremblant-2398094523806257\\\/\",\"https:\\\/\\\/www.instagram.com\\\/action_tremblant\\\/\"]}]}<\/script>\n<!-- \/ Yoast SEO Premium plugin. -->","yoast_head_json":{"title":"Manger et Boire \u00e0 Tremblant, Restaurants \u00e0 Mont Tremblant.","description":"Restaurants \u00e0 Mont-Tremblant. O\u00f9 acheter de la nourriture et des boissons \u00e0 Mont Tremblant. Petit-d\u00e9jeuner \u00e0 Tremblant. Sushis \u00e0 Tremblant.","robots":{"index":"index","follow":"follow","max-snippet":"max-snippet:-1","max-image-preview":"max-image-preview:large","max-video-preview":"max-video-preview:-1"},"canonical":"https:\/\/actiontremblant.com\/fr\/manger-et-boire\/","og_locale":"fr_FR","og_type":"article","og_title":"Manger et Boire","og_description":"Restaurants \u00e0 Mont-Tremblant. O\u00f9 acheter de la nourriture et des boissons \u00e0 Mont Tremblant. Petit-d\u00e9jeuner \u00e0 Tremblant. Sushis \u00e0 Tremblant.","og_url":"https:\/\/actiontremblant.com\/fr\/manger-et-boire\/","og_site_name":"Action Tremblant Activities","article_publisher":"https:\/\/www.facebook.com\/Action-Tremblant-2398094523806257\/","article_modified_time":"2023-06-14T13:50:52+00:00","og_image":[{"width":550,"height":300,"url":"https:\/\/actiontremblant.com\/wp-content\/uploads\/2023\/06\/ekkisushi-jpg.webp","type":"image\/jpeg"}],"twitter_card":"summary_large_image","twitter_misc":{"Dur\u00e9e de lecture estim\u00e9e":"3 minutes"},"schema":{"@context":"https:\/\/schema.org","@graph":[{"@type":"WebPage","@id":"https:\/\/actiontremblant.com\/fr\/manger-et-boire\/","url":"https:\/\/actiontremblant.com\/fr\/manger-et-boire\/","name":"Manger et Boire \u00e0 Tremblant, Restaurants \u00e0 Mont Tremblant.","isPartOf":{"@id":"https:\/\/actiontremblant.com\/fr\/#website"},"primaryImageOfPage":{"@id":"https:\/\/actiontremblant.com\/fr\/manger-et-boire\/#primaryimage"},"image":{"@id":"https:\/\/actiontremblant.com\/fr\/manger-et-boire\/#primaryimage"},"thumbnailUrl":"https:\/\/i0.wp.com\/actiontremblant.com\/wp-content\/uploads\/2023\/06\/ekkisushi-jpg.webp?fit=550%2C300&ssl=1","datePublished":"2023-06-06T13:37:54+00:00","dateModified":"2023-06-14T13:50:52+00:00","description":"Restaurants \u00e0 Mont-Tremblant. O\u00f9 acheter de la nourriture et des boissons \u00e0 Mont Tremblant. Petit-d\u00e9jeuner \u00e0 Tremblant. Sushis \u00e0 Tremblant.","breadcrumb":{"@id":"https:\/\/actiontremblant.com\/fr\/manger-et-boire\/#breadcrumb"},"inLanguage":"fr-FR","potentialAction":[{"@type":"ReadAction","target":["https:\/\/actiontremblant.com\/fr\/manger-et-boire\/"]}]},{"@type":"ImageObject","inLanguage":"fr-FR","@id":"https:\/\/actiontremblant.com\/fr\/manger-et-boire\/#primaryimage","url":"https:\/\/i0.wp.com\/actiontremblant.com\/wp-content\/uploads\/2023\/06\/ekkisushi-jpg.webp?fit=550%2C300&ssl=1","contentUrl":"https:\/\/i0.wp.com\/actiontremblant.com\/wp-content\/uploads\/2023\/06\/ekkisushi-jpg.webp?fit=550%2C300&ssl=1","width":550,"height":300},{"@type":"BreadcrumbList","@id":"https:\/\/actiontremblant.com\/fr\/manger-et-boire\/#breadcrumb","itemListElement":[{"@type":"ListItem","position":1,"name":"Home","item":"https:\/\/actiontremblant.com\/fr\/"},{"@type":"ListItem","position":2,"name":"Manger et Boire"}]},{"@type":"WebSite","@id":"https:\/\/actiontremblant.com\/fr\/#website","url":"https:\/\/actiontremblant.com\/fr\/","name":"Action Tremblant activities","description":"Offering 365 days of outdoor activities.","publisher":{"@id":"https:\/\/actiontremblant.com\/fr\/#organization"},"potentialAction":[{"@type":"SearchAction","target":{"@type":"EntryPoint","urlTemplate":"https:\/\/actiontremblant.com\/fr\/?s={search_term_string}"},"query-input":{"@type":"PropertyValueSpecification","valueRequired":true,"valueName":"search_term_string"}}],"inLanguage":"fr-FR"},{"@type":"Organization","@id":"https:\/\/actiontremblant.com\/fr\/#organization","name":"Action Tremblant activities","url":"https:\/\/actiontremblant.com\/fr\/","logo":{"@type":"ImageObject","inLanguage":"fr-FR","@id":"https:\/\/actiontremblant.com\/fr\/#\/schema\/logo\/image\/","url":"https:\/\/actiontremblant.com\/wp-content\/uploads\/2019\/11\/NEW-ACTION-LOGO400-2.png","contentUrl":"https:\/\/actiontremblant.com\/wp-content\/uploads\/2019\/11\/NEW-ACTION-LOGO400-2.png","width":260,"height":151,"caption":"Action Tremblant activities"},"image":{"@id":"https:\/\/actiontremblant.com\/fr\/#\/schema\/logo\/image\/"},"sameAs":["https:\/\/www.facebook.com\/Action-Tremblant-2398094523806257\/","https:\/\/www.instagram.com\/action_tremblant\/"]}]}},"jetpack_sharing_enabled":true,"_links":{"self":[{"href":"https:\/\/actiontremblant.com\/fr\/wp-json\/wp\/v2\/pages\/12592","targetHints":{"allow":["GET"]}}],"collection":[{"href":"https:\/\/actiontremblant.com\/fr\/wp-json\/wp\/v2\/pages"}],"about":[{"href":"https:\/\/actiontremblant.com\/fr\/wp-json\/wp\/v2\/types\/page"}],"author":[{"embeddable":true,"href":"https:\/\/actiontremblant.com\/fr\/wp-json\/wp\/v2\/users\/1"}],"replies":[{"embeddable":true,"href":"https:\/\/actiontremblant.com\/fr\/wp-json\/wp\/v2\/comments?post=12592"}],"version-history":[{"count":2,"href":"https:\/\/actiontremblant.com\/fr\/wp-json\/wp\/v2\/pages\/12592\/revisions"}],"predecessor-version":[{"id":12594,"href":"https:\/\/actiontremblant.com\/fr\/wp-json\/wp\/v2\/pages\/12592\/revisions\/12594"}],"wp:featuredmedia":[{"embeddable":true,"href":"https:\/\/actiontremblant.com\/fr\/wp-json\/wp\/v2\/media\/12483"}],"wp:attachment":[{"href":"https:\/\/actiontremblant.com\/fr\/wp-json\/wp\/v2\/media?parent=12592"}],"curies":[{"name":"wp","href":"https:\/\/api.w.org\/{rel}","templated":true}]}}