{"id":12226,"date":"2023-05-26T14:36:21","date_gmt":"2023-05-26T14:36:21","guid":{"rendered":"https:\/\/actiontremblant.com\/?page_id=12226"},"modified":"2023-05-26T14:36:21","modified_gmt":"2023-05-26T14:36:21","slug":"promenades-en-caleche","status":"publish","type":"page","link":"https:\/\/actiontremblant.com\/fr\/promenades-en-caleche\/","title":{"rendered":"Cal\u00e8che"},"content":{"rendered":"[vc_row content_placement=\u00a0\u00bbtop\u00a0\u00bb bg_type=\u00a0\u00bbimage\u00a0\u00bb parallax_style=\u00a0\u00bbvcpb-default\u00a0\u00bb bg_image_new=\u00a0\u00bbid^12193|url^https:\/\/actiontremblant.com\/wp-content\/uploads\/2023\/05\/FB_IMG_1657331688574.jpg|caption^null|alt^null|title^FB_IMG_1657331688574|description^null\u00a0\u00bb bg_image_repeat=\u00a0\u00bbno-repeat\u00a0\u00bb bg_img_attach=\u00a0\u00bbfixed\u00a0\u00bb bg_override=\u00a0\u00bbfull\u00a0\u00bb css=\u00a0\u00bb.vc_custom_1685111256692{padding-top: 150px !important;padding-bottom: 150px !important;background-position: center !important;background-repeat: no-repeat !important;background-size: cover !important;}\u00a0\u00bb][vc_column col_shadow=\u00a0\u00bb\u00a0\u00bb][vc_row_inner][vc_column_inner width=\u00a0\u00bb1\/3&Prime;][\/vc_column_inner][vc_column_inner width=\u00a0\u00bb1\/3&Prime;][vc_custom_heading text=\u00a0\u00bbPromenades en cal\u00e8che<br \/>\n\u00e0 Mont Tremblant\u00a0\u00bb font_container=\u00a0\u00bbtag:h2|font_size:45|text_align:center|color:%23ffffff|line_height:1.3&Prime; google_fonts=\u00a0\u00bbfont_family:Oswald%3A300%2Cregular%2C700|font_style:400%20regular%3A400%3Anormal\u00a0\u00bb el_class=\u00a0\u00bbblk-shadow\u00a0\u00bb css=\u00a0\u00bb.vc_custom_1685111584741{padding-bottom: 20px !important;}\u00a0\u00bb][\/vc_column_inner][vc_column_inner width=\u00a0\u00bb1\/3&Prime;][\/vc_column_inner][\/vc_row_inner][\/vc_column][\/vc_row][vc_row layout=\u00a0\u00bbnormal_no_spaces\u00a0\u00bb css=\u00a0\u00bb.vc_custom_1575167838062{padding-top: 25px !important;}\u00a0\u00bb][vc_column][vc_custom_heading text=\u00a0\u00bbUne activit\u00e9 \u00e0 ne pas manquer lors de votre visite au Mont Tremblant !\u00a0\u00bb font_container=\u00a0\u00bbtag:h2|font_size:24|text_align:center|color:%23dd0000&Prime; google_fonts=\u00a0\u00bbfont_family:Open%20Sans%3A300%2C300italic%2Cregular%2Citalic%2C600%2C600italic%2C700%2C700italic%2C800%2C800italic|font_style:700%20bold%20regular%3A700%3Anormal\u00a0\u00bb][vc_row_inner][vc_column_inner width=\u00a0\u00bb1\/6&Prime;][\/vc_column_inner][vc_column_inner width=\u00a0\u00bb2\/3&Prime;][vc_column_text css=\u00a0\u00bb.vc_custom_1685111619134{padding-right: 10px !important;padding-left: 10px !important;}\u00a0\u00bb]\n<p style=\"text-align: center;\"><span style=\"font-size: 18px;\">Nos guides seront l\u00e0 pour vous aider \u00e0 cr\u00e9er des moments inoubliables !<\/span><\/p>\n[\/vc_column_text][\/vc_column_inner][vc_column_inner width=\u00a0\u00bb1\/6&Prime;][\/vc_column_inner][\/vc_row_inner][\/vc_column][\/vc_row][vc_row content_placement=\u00a0\u00bbmiddle\u00a0\u00bb css=\u00a0\u00bb.vc_custom_1685041131472{padding-top: 45px !important;background-color: #ffffff !important;}\u00a0\u00bb][vc_column width=\u00a0\u00bb1\/2&Prime; css=\u00a0\u00bb.vc_custom_1484664483409{padding-right: 0px !important;padding-left: 0px !important;}\u00a0\u00bb][vc_single_image image=\u00a0\u00bb12228&Prime; img_size=\u00a0\u00bbfull\u00a0\u00bb alignment=\u00a0\u00bbcenter\u00a0\u00bb style=\u00a0\u00bbvc_box_shadow\u00a0\u00bb css_animation=\u00a0\u00bbnone\u00a0\u00bb][\/vc_column][vc_column width=\u00a0\u00bb1\/2&Prime; css=\u00a0\u00bb.vc_custom_1484698899808{padding-right: 5% !important;padding-left: 5% !important;}\u00a0\u00bb][vc_custom_heading text=\u00a0\u00bbPromenades en cal\u00e8che\u00a0\u00bb font_container=\u00a0\u00bbtag:h2|font_size:28|text_align:left|color:%23444444|line_height:40px\u00a0\u00bb google_fonts=\u00a0\u00bbfont_family:Open%20Sans%3A300%2C300italic%2Cregular%2Citalic%2C600%2C600italic%2C700%2C700italic%2C800%2C800italic|font_style:700%20bold%20regular%3A700%3Anormal\u00a0\u00bb css=\u00a0\u00bb.vc_custom_1685111766304{padding-top: 30px !important;padding-bottom: 10px !important;}\u00a0\u00bb el_id=\u00a0\u00bbtour-info\u00a0\u00bb][vc_column_text]Les promenades en cal\u00e8che sont \u00e0 la fois romantiques et amusantes, que ce soit en couple, en famille ou entre amis. Vous souhaitez demander votre petite amie en mariage ? Ou simplement profiter d\u2019une balade romantique ? Nos guides seront l\u00e0 pour vous aider \u00e0 cr\u00e9er des moments inoubliables.<\/p>\n<p><strong>Prix:<\/strong><br \/>\nPriv\u00e9e: 300 $\/heure<br \/>\nMixte: 75 $\/par personne (jusqu\u2019\u00e0 4 personnes)<br \/>\n<strong>Heures:<\/strong><br \/>\nPriv\u00e9e: 16h00<br \/>\nMixte: 10h00[\/vc_column_text][\/vc_column][\/vc_row][vc_row layout=\u00a0\u00bbwide\u00a0\u00bb gap=\u00a0\u00bb20&Prime; content_placement=\u00a0\u00bbmiddle\u00a0\u00bb css=\u00a0\u00bb.vc_custom_1575935318816{padding-bottom: 25px !important;}\u00a0\u00bb][vc_column width=\u00a0\u00bb1\/4&Prime;][\/vc_column][vc_column width=\u00a0\u00bb1\/2&Prime;][vc_custom_heading text=\u00a0\u00bbAppelez-nous<br \/>\n+1 450 858 4097 \/ +1 819 833 1293&Prime; font_container=\u00a0\u00bbtag:h2|font_size:28|text_align:center|color:%23dd0000|line_height:40px\u00a0\u00bb google_fonts=\u00a0\u00bbfont_family:Open%20Sans%3A300%2C300italic%2Cregular%2Citalic%2C600%2C600italic%2C700%2C700italic%2C800%2C800italic|font_style:600%20bold%20regular%3A600%3Anormal\u00a0\u00bb css=\u00a0\u00bb.vc_custom_1685111662781{padding-top: 50px !important;padding-bottom: 25px !important;}\u00a0\u00bb el_id=\u00a0\u00bbprices\u00a0\u00bb][\/vc_column][vc_column width=\u00a0\u00bb1\/4&Prime;][\/vc_column][\/vc_row]\n","protected":false},"excerpt":{"rendered":"<p>[vc_row content_placement=\u00a0\u00bbtop\u00a0\u00bb bg_type=\u00a0\u00bbimage\u00a0\u00bb parallax_style=\u00a0\u00bbvcpb-default\u00a0\u00bb bg_image_new=\u00a0\u00bbid^12193|url^https:\/\/actiontremblant.com\/wp-content\/uploads\/2023\/05\/FB_IMG_1657331688574.jpg|caption^null|alt^null|title^FB_IMG_1657331688574|description^null\u00a0\u00bb bg_image_repeat=\u00a0\u00bbno-repeat\u00a0\u00bb bg_img_attach=\u00a0\u00bbfixed\u00a0\u00bb bg_override=\u00a0\u00bbfull\u00a0\u00bb css=\u00a0\u00bb.vc_custom_1685111256692{padding-top: 150px !important;padding-bottom: 150px !important;background-position: center !important;background-repeat: no-repeat !important;background-size: cover !important;}\u00a0\u00bb][vc_column col_shadow=\u00a0\u00bb\u00a0\u00bb][vc_row_inner][vc_column_inner width=\u00a0\u00bb1\/3&Prime;][\/vc_column_inner][vc_column_inner width=\u00a0\u00bb1\/3&Prime;][vc_custom_heading text=\u00a0\u00bbPromenades en cal\u00e8che \u00e0 Mont Tremblant\u00a0\u00bb font_container=\u00a0\u00bbtag:h2|font_size:45|text_align:center|color:%23ffffff|line_height:1.3&Prime; google_fonts=\u00a0\u00bbfont_family:Oswald%3A300%2Cregular%2C700|font_style:400%20regular%3A400%3Anormal\u00a0\u00bb el_class=\u00a0\u00bbblk-shadow\u00a0\u00bb css=\u00a0\u00bb.vc_custom_1685111584741{padding-bottom: 20px !important;}\u00a0\u00bb][\/vc_column_inner][vc_column_inner width=\u00a0\u00bb1\/3&Prime;][\/vc_column_inner][\/vc_row_inner][\/vc_column][\/vc_row][vc_row layout=\u00a0\u00bbnormal_no_spaces\u00a0\u00bb css=\u00a0\u00bb.vc_custom_1575167838062{padding-top: 25px !important;}\u00a0\u00bb][vc_column][vc_custom_heading text=\u00a0\u00bbUne activit\u00e9 \u00e0 ne pas manquer lors de votre visite au Mont Tremblant !\u00a0\u00bb font_container=\u00a0\u00bbtag:h2|font_size:24|text_align:center|color:%23dd0000&Prime; google_fonts=\u00a0\u00bbfont_family:Open%20Sans%3A300%2C300italic%2Cregular%2Citalic%2C600%2C600italic%2C700%2C700italic%2C800%2C800italic|font_style:700%20bold%20regular%3A700%3Anormal\u00a0\u00bb][vc_row_inner][vc_column_inner&#8230;<\/p>\n","protected":false},"author":1,"featured_media":0,"parent":0,"menu_order":0,"comment_status":"closed","ping_status":"closed","template":"page-full.php","meta":{"footnotes":""},"class_list":["post-12226","page","type-page","status-publish","hentry"],"yoast_head":"<!-- This site is optimized with the Yoast SEO Premium plugin v20.9 (Yoast SEO v27.5) - https:\/\/yoast.com\/product\/yoast-seo-premium-wordpress\/ -->\n<title>Cal\u00e8che \u00e0 Mont Tremblant. Activit\u00e9s estivales Tremblant.<\/title>\n<meta name=\"description\" content=\"Action Tremblant Activities introduit la cal\u00e8che \u00e0 Mont Tremblant. Activit\u00e9s \u00e9questres \u00e0 Mont Tremblant, Qu\u00e9bec. Activit\u00e9s estivales.\" \/>\n<meta name=\"robots\" content=\"index, follow, max-snippet:-1, max-image-preview:large, max-video-preview:-1\" \/>\n<link rel=\"canonical\" href=\"https:\/\/actiontremblant.com\/fr\/promenades-en-caleche\/\" \/>\n<meta property=\"og:locale\" content=\"fr_FR\" \/>\n<meta property=\"og:type\" content=\"article\" \/>\n<meta property=\"og:title\" content=\"Cal\u00e8che\" \/>\n<meta property=\"og:description\" content=\"Action Tremblant Activities introduit la cal\u00e8che \u00e0 Mont Tremblant. Activit\u00e9s \u00e9questres \u00e0 Mont Tremblant, Qu\u00e9bec. Activit\u00e9s estivales.\" \/>\n<meta property=\"og:url\" content=\"https:\/\/actiontremblant.com\/fr\/promenades-en-caleche\/\" \/>\n<meta property=\"og:site_name\" content=\"Action Tremblant Activities\" \/>\n<meta property=\"article:publisher\" content=\"https:\/\/www.facebook.com\/Action-Tremblant-2398094523806257\/\" \/>\n<meta name=\"twitter:card\" content=\"summary_large_image\" \/>\n<meta name=\"twitter:label1\" content=\"Dur\u00e9e de lecture estim\u00e9e\" \/>\n\t<meta name=\"twitter:data1\" content=\"1 minute\" \/>\n<script type=\"application\/ld+json\" class=\"yoast-schema-graph\">{\"@context\":\"https:\\\/\\\/schema.org\",\"@graph\":[{\"@type\":\"WebPage\",\"@id\":\"https:\\\/\\\/actiontremblant.com\\\/fr\\\/promenades-en-caleche\\\/\",\"url\":\"https:\\\/\\\/actiontremblant.com\\\/fr\\\/promenades-en-caleche\\\/\",\"name\":\"Cal\u00e8che \u00e0 Mont Tremblant. Activit\u00e9s estivales Tremblant.\",\"isPartOf\":{\"@id\":\"https:\\\/\\\/actiontremblant.com\\\/fr\\\/#website\"},\"datePublished\":\"2023-05-26T14:36:21+00:00\",\"description\":\"Action Tremblant Activities introduit la cal\u00e8che \u00e0 Mont Tremblant. Activit\u00e9s \u00e9questres \u00e0 Mont Tremblant, Qu\u00e9bec. Activit\u00e9s estivales.\",\"breadcrumb\":{\"@id\":\"https:\\\/\\\/actiontremblant.com\\\/fr\\\/promenades-en-caleche\\\/#breadcrumb\"},\"inLanguage\":\"fr-FR\",\"potentialAction\":[{\"@type\":\"ReadAction\",\"target\":[\"https:\\\/\\\/actiontremblant.com\\\/fr\\\/promenades-en-caleche\\\/\"]}]},{\"@type\":\"BreadcrumbList\",\"@id\":\"https:\\\/\\\/actiontremblant.com\\\/fr\\\/promenades-en-caleche\\\/#breadcrumb\",\"itemListElement\":[{\"@type\":\"ListItem\",\"position\":1,\"name\":\"Home\",\"item\":\"https:\\\/\\\/actiontremblant.com\\\/fr\\\/\"},{\"@type\":\"ListItem\",\"position\":2,\"name\":\"Cal\u00e8che\"}]},{\"@type\":\"WebSite\",\"@id\":\"https:\\\/\\\/actiontremblant.com\\\/fr\\\/#website\",\"url\":\"https:\\\/\\\/actiontremblant.com\\\/fr\\\/\",\"name\":\"Action Tremblant activities\",\"description\":\"Offering 365 days of outdoor activities.\",\"publisher\":{\"@id\":\"https:\\\/\\\/actiontremblant.com\\\/fr\\\/#organization\"},\"potentialAction\":[{\"@type\":\"SearchAction\",\"target\":{\"@type\":\"EntryPoint\",\"urlTemplate\":\"https:\\\/\\\/actiontremblant.com\\\/fr\\\/?s={search_term_string}\"},\"query-input\":{\"@type\":\"PropertyValueSpecification\",\"valueRequired\":true,\"valueName\":\"search_term_string\"}}],\"inLanguage\":\"fr-FR\"},{\"@type\":\"Organization\",\"@id\":\"https:\\\/\\\/actiontremblant.com\\\/fr\\\/#organization\",\"name\":\"Action Tremblant activities\",\"url\":\"https:\\\/\\\/actiontremblant.com\\\/fr\\\/\",\"logo\":{\"@type\":\"ImageObject\",\"inLanguage\":\"fr-FR\",\"@id\":\"https:\\\/\\\/actiontremblant.com\\\/fr\\\/#\\\/schema\\\/logo\\\/image\\\/\",\"url\":\"https:\\\/\\\/actiontremblant.com\\\/wp-content\\\/uploads\\\/2019\\\/11\\\/NEW-ACTION-LOGO400-2.png\",\"contentUrl\":\"https:\\\/\\\/actiontremblant.com\\\/wp-content\\\/uploads\\\/2019\\\/11\\\/NEW-ACTION-LOGO400-2.png\",\"width\":260,\"height\":151,\"caption\":\"Action Tremblant activities\"},\"image\":{\"@id\":\"https:\\\/\\\/actiontremblant.com\\\/fr\\\/#\\\/schema\\\/logo\\\/image\\\/\"},\"sameAs\":[\"https:\\\/\\\/www.facebook.com\\\/Action-Tremblant-2398094523806257\\\/\",\"https:\\\/\\\/www.instagram.com\\\/action_tremblant\\\/\"]}]}<\/script>\n<!-- \/ Yoast SEO Premium plugin. -->","yoast_head_json":{"title":"Cal\u00e8che \u00e0 Mont Tremblant. Activit\u00e9s estivales Tremblant.","description":"Action Tremblant Activities introduit la cal\u00e8che \u00e0 Mont Tremblant. Activit\u00e9s \u00e9questres \u00e0 Mont Tremblant, Qu\u00e9bec. Activit\u00e9s estivales.","robots":{"index":"index","follow":"follow","max-snippet":"max-snippet:-1","max-image-preview":"max-image-preview:large","max-video-preview":"max-video-preview:-1"},"canonical":"https:\/\/actiontremblant.com\/fr\/promenades-en-caleche\/","og_locale":"fr_FR","og_type":"article","og_title":"Cal\u00e8che","og_description":"Action Tremblant Activities introduit la cal\u00e8che \u00e0 Mont Tremblant. Activit\u00e9s \u00e9questres \u00e0 Mont Tremblant, Qu\u00e9bec. Activit\u00e9s estivales.","og_url":"https:\/\/actiontremblant.com\/fr\/promenades-en-caleche\/","og_site_name":"Action Tremblant Activities","article_publisher":"https:\/\/www.facebook.com\/Action-Tremblant-2398094523806257\/","twitter_card":"summary_large_image","twitter_misc":{"Dur\u00e9e de lecture estim\u00e9e":"1 minute"},"schema":{"@context":"https:\/\/schema.org","@graph":[{"@type":"WebPage","@id":"https:\/\/actiontremblant.com\/fr\/promenades-en-caleche\/","url":"https:\/\/actiontremblant.com\/fr\/promenades-en-caleche\/","name":"Cal\u00e8che \u00e0 Mont Tremblant. Activit\u00e9s estivales Tremblant.","isPartOf":{"@id":"https:\/\/actiontremblant.com\/fr\/#website"},"datePublished":"2023-05-26T14:36:21+00:00","description":"Action Tremblant Activities introduit la cal\u00e8che \u00e0 Mont Tremblant. Activit\u00e9s \u00e9questres \u00e0 Mont Tremblant, Qu\u00e9bec. Activit\u00e9s estivales.","breadcrumb":{"@id":"https:\/\/actiontremblant.com\/fr\/promenades-en-caleche\/#breadcrumb"},"inLanguage":"fr-FR","potentialAction":[{"@type":"ReadAction","target":["https:\/\/actiontremblant.com\/fr\/promenades-en-caleche\/"]}]},{"@type":"BreadcrumbList","@id":"https:\/\/actiontremblant.com\/fr\/promenades-en-caleche\/#breadcrumb","itemListElement":[{"@type":"ListItem","position":1,"name":"Home","item":"https:\/\/actiontremblant.com\/fr\/"},{"@type":"ListItem","position":2,"name":"Cal\u00e8che"}]},{"@type":"WebSite","@id":"https:\/\/actiontremblant.com\/fr\/#website","url":"https:\/\/actiontremblant.com\/fr\/","name":"Action Tremblant activities","description":"Offering 365 days of outdoor activities.","publisher":{"@id":"https:\/\/actiontremblant.com\/fr\/#organization"},"potentialAction":[{"@type":"SearchAction","target":{"@type":"EntryPoint","urlTemplate":"https:\/\/actiontremblant.com\/fr\/?s={search_term_string}"},"query-input":{"@type":"PropertyValueSpecification","valueRequired":true,"valueName":"search_term_string"}}],"inLanguage":"fr-FR"},{"@type":"Organization","@id":"https:\/\/actiontremblant.com\/fr\/#organization","name":"Action Tremblant activities","url":"https:\/\/actiontremblant.com\/fr\/","logo":{"@type":"ImageObject","inLanguage":"fr-FR","@id":"https:\/\/actiontremblant.com\/fr\/#\/schema\/logo\/image\/","url":"https:\/\/actiontremblant.com\/wp-content\/uploads\/2019\/11\/NEW-ACTION-LOGO400-2.png","contentUrl":"https:\/\/actiontremblant.com\/wp-content\/uploads\/2019\/11\/NEW-ACTION-LOGO400-2.png","width":260,"height":151,"caption":"Action Tremblant activities"},"image":{"@id":"https:\/\/actiontremblant.com\/fr\/#\/schema\/logo\/image\/"},"sameAs":["https:\/\/www.facebook.com\/Action-Tremblant-2398094523806257\/","https:\/\/www.instagram.com\/action_tremblant\/"]}]}},"jetpack_sharing_enabled":true,"_links":{"self":[{"href":"https:\/\/actiontremblant.com\/fr\/wp-json\/wp\/v2\/pages\/12226","targetHints":{"allow":["GET"]}}],"collection":[{"href":"https:\/\/actiontremblant.com\/fr\/wp-json\/wp\/v2\/pages"}],"about":[{"href":"https:\/\/actiontremblant.com\/fr\/wp-json\/wp\/v2\/types\/page"}],"author":[{"embeddable":true,"href":"https:\/\/actiontremblant.com\/fr\/wp-json\/wp\/v2\/users\/1"}],"replies":[{"embeddable":true,"href":"https:\/\/actiontremblant.com\/fr\/wp-json\/wp\/v2\/comments?post=12226"}],"version-history":[{"count":1,"href":"https:\/\/actiontremblant.com\/fr\/wp-json\/wp\/v2\/pages\/12226\/revisions"}],"predecessor-version":[{"id":12231,"href":"https:\/\/actiontremblant.com\/fr\/wp-json\/wp\/v2\/pages\/12226\/revisions\/12231"}],"wp:attachment":[{"href":"https:\/\/actiontremblant.com\/fr\/wp-json\/wp\/v2\/media?parent=12226"}],"curies":[{"name":"wp","href":"https:\/\/api.w.org\/{rel}","templated":true}]}}